{"id":4609,"date":"2022-11-01T18:08:27","date_gmt":"2022-11-01T17:08:27","guid":{"rendered":"https:\/\/antcube.shop\/produkt\/ameisenarena-abdeckung-30x30\/"},"modified":"2026-04-08T08:47:57","modified_gmt":"2026-04-08T06:47:57","slug":"ameisenarena-abdeckung-30x30","status":"publish","type":"product","link":"https:\/\/antcube.shop\/et\/toode\/ameisenarena-abdeckung-30x30\/","title":{"rendered":"Sipelgate areeni kate 30\u00d730"},"content":{"rendered":"<p><strong>M\u00f5\u00f5tmed (LxSxK):<\/strong> 30x30x0,4 cm<\/p>\n<p><strong>Materjal:<\/strong> valuklaas<\/p>\n<p><strong>V\u00e4rv:<\/strong> kristallselge \/ l\u00e4bipaistev<\/p>\n<p><strong>Sisu:<\/strong><br \/>\n1x sipelgate areeni kate<br \/>\n1x kinnituspunktid \u00e0 4 tk.<\/p>\n<p><strong>Kirjeldus:<\/strong><br \/>\nKlaasist valmistatud kate sipelgate areenile p\u00f5genemiskaitseks.<\/p>\n<p><strong>Taotlus:<\/strong><br \/>\nKlaasist valmistatud sipelgaplatsi kate asetatakse sipelgaplatsile ja see toimib kohe ka kliimaregulatsiooniks.<br \/>\n50 mm avadesse saab sisestada erinevaid kliimaseadmete mooduleid, nt ventilatsiooniv\u00f5rgud, valgustus v\u00f5i niisutus.<br \/>\nEt v\u00e4ltida sipelgate p\u00f5genemist avade kaudu, tuleks avade \u00fcmber olevale alumisele k\u00fcljele kanda kaitsevahendit (\u00f5li, pulber v\u00f5i lakk).<\/p>\n<p><strong>Teade:<\/strong><br \/>\nKuna toode on valmistatud klaasist ja on seet\u00f5ttu purunemisohtlik, tuleb seda k\u00e4sitseda v\u00e4ga ettevaatlikult.<\/p>","protected":false},"excerpt":{"rendered":"<p>M\u00f5\u00f5tmed (LxSxK): 30x30x0,4 cm Materjal: float-klaas V\u00e4rv: kristallselge \/ l\u00e4bipaistev Sisu: 1x sipelgaplatsi kate 1x kinnituspunktid \u00e0 4 tk. Kirjeldus: Klaasist valmistatud kate sipelgate areenile p\u00f5genemiskaitseks. Kasutamine: Klaasist valmistatud sipelgasareeni kate pannakse sipelgasareenile ja toimib ka kohe","protected":false},"featured_media":4800,"comment_status":"open","ping_status":"closed","template":"","meta":{"_acf_changed":false,"content-type":"","_monsterinsights_skip_tracking":false,"_monsterinsights_sitenote_active":false,"_monsterinsights_sitenote_note":"","_monsterinsights_sitenote_category":0},"product_brand":[],"product_cat":[91,92],"product_tag":[],"class_list":{"0":"post-4609","1":"product","2":"type-product","3":"status-publish","4":"has-post-thumbnail","6":"product_cat-formicarium-modules","7":"product_cat-arena-cover","9":"first","10":"instock","11":"taxable","12":"shipping-taxable","13":"purchasable","14":"product-type-simple"},"acf":[],"aioseo_notices":[],"jetpack_sharing_enabled":true,"_links":{"self":[{"href":"https:\/\/antcube.shop\/et\/wp-json\/wp\/v2\/product\/4609","targetHints":{"allow":["GET"]}}],"collection":[{"href":"https:\/\/antcube.shop\/et\/wp-json\/wp\/v2\/product"}],"about":[{"href":"https:\/\/antcube.shop\/et\/wp-json\/wp\/v2\/types\/product"}],"replies":[{"embeddable":true,"href":"https:\/\/antcube.shop\/et\/wp-json\/wp\/v2\/comments?post=4609"}],"wp:featuredmedia":[{"embeddable":true,"href":"https:\/\/antcube.shop\/et\/wp-json\/wp\/v2\/media\/4800"}],"wp:attachment":[{"href":"https:\/\/antcube.shop\/et\/wp-json\/wp\/v2\/media?parent=4609"}],"wp:term":[{"taxonomy":"product_brand","embeddable":true,"href":"https:\/\/antcube.shop\/et\/wp-json\/wp\/v2\/product_brand?post=4609"},{"taxonomy":"product_cat","embeddable":true,"href":"https:\/\/antcube.shop\/et\/wp-json\/wp\/v2\/product_cat?post=4609"},{"taxonomy":"product_tag","embeddable":true,"href":"https:\/\/antcube.shop\/et\/wp-json\/wp\/v2\/product_tag?post=4609"}],"curies":[{"name":"wp","href":"https:\/\/api.w.org\/{rel}","templated":true}]}}