{"id":4607,"date":"2022-11-01T18:07:37","date_gmt":"2022-11-01T17:07:37","guid":{"rendered":"https:\/\/antcube.shop\/produkt\/formicariengranulat-1000ml-weis\/"},"modified":"2026-03-24T18:13:06","modified_gmt":"2026-03-24T17:13:06","slug":"formicariengranulat-1000ml-weis","status":"publish","type":"product","link":"https:\/\/antcube.shop\/et\/toode\/formicariengranulat-1000ml-weis\/","title":{"rendered":"Formicarium graanulid 1000ml - valge"},"content":{"rendered":"<p><strong>Sisu:<\/strong> 1000ml (vastab ~80g)<\/p>\n<p><strong>Terade suurus:<\/strong> 1 - 6 mm<\/p>\n<p><strong>V\u00e4rv:<\/strong> valge<\/p>\n<p><strong>P\u00f5himaterjal:<\/strong> eriline vulkaanilise obsidiaani\/perliidi segu<\/p>\n<p><strong>Kirjeldus:<\/strong> Materjal s\u00e4ilitab niiskust ja tagab hea mulla \u00f5hustatuse formikariumis, kaitstes niiskuse ja m\u00e4danemise eest. Graanulit tuleks kasutada umbes 1-2 cm ulatuses alumise mullakihina farmis.<\/p>\n<p><strong>Omadused:<\/strong><br \/>\n- anorgaaniline, mineraalne toode<br \/>\n- bioloogiliselt ja keemiliselt neutraalne<br \/>\n- struktuuriliselt stabiilne<br \/>\n- s\u00e4ilitab niiskust<\/p>","protected":false},"excerpt":{"rendered":"<p>Neutraalse v\u00f5i kerge liiva\/savi aluspinnase jaoks<\/p>","protected":false},"featured_media":5734,"comment_status":"open","ping_status":"closed","template":"","meta":{"_acf_changed":false,"content-type":"","_monsterinsights_skip_tracking":false,"_monsterinsights_sitenote_active":false,"_monsterinsights_sitenote_note":"","_monsterinsights_sitenote_category":0},"product_brand":[],"product_cat":[241],"product_tag":[],"class_list":{"0":"post-4607","1":"product","2":"type-product","3":"status-publish","4":"has-post-thumbnail","6":"product_cat-granules","8":"first","9":"instock","10":"taxable","11":"shipping-taxable","12":"purchasable","13":"product-type-simple"},"acf":[],"aioseo_notices":[],"jetpack_sharing_enabled":true,"_links":{"self":[{"href":"https:\/\/antcube.shop\/et\/wp-json\/wp\/v2\/product\/4607","targetHints":{"allow":["GET"]}}],"collection":[{"href":"https:\/\/antcube.shop\/et\/wp-json\/wp\/v2\/product"}],"about":[{"href":"https:\/\/antcube.shop\/et\/wp-json\/wp\/v2\/types\/product"}],"replies":[{"embeddable":true,"href":"https:\/\/antcube.shop\/et\/wp-json\/wp\/v2\/comments?post=4607"}],"wp:featuredmedia":[{"embeddable":true,"href":"https:\/\/antcube.shop\/et\/wp-json\/wp\/v2\/media\/5734"}],"wp:attachment":[{"href":"https:\/\/antcube.shop\/et\/wp-json\/wp\/v2\/media?parent=4607"}],"wp:term":[{"taxonomy":"product_brand","embeddable":true,"href":"https:\/\/antcube.shop\/et\/wp-json\/wp\/v2\/product_brand?post=4607"},{"taxonomy":"product_cat","embeddable":true,"href":"https:\/\/antcube.shop\/et\/wp-json\/wp\/v2\/product_cat?post=4607"},{"taxonomy":"product_tag","embeddable":true,"href":"https:\/\/antcube.shop\/et\/wp-json\/wp\/v2\/product_tag?post=4607"}],"curies":[{"name":"wp","href":"https:\/\/api.w.org\/{rel}","templated":true}]}}