{"id":4373,"date":"2022-06-20T09:12:57","date_gmt":"2022-06-20T07:12:57","guid":{"rendered":"https:\/\/antcube.shop\/produkt\/cricket-jam\/"},"modified":"2026-04-09T14:37:54","modified_gmt":"2026-04-09T12:37:54","slug":"kriketidzemm","status":"publish","type":"product","link":"https:\/\/antcube.shop\/et\/toode\/kriketidzemm\/","title":{"rendered":"Cricket Jam"},"content":{"rendered":"<p><strong>Netokaal:<\/strong> 25 g purgi kohta<br \/>\npurustatud ja aurutatud s\u00e4rge<\/p>\n<p>\u00fchekordne s\u00f6\u00f6tmine<\/p>\n<p><strong>Kirjeldus:<\/strong><br \/>\nMeie pleegitatud sirmikud on lihtne viis pakkuda sipelgatele v\u00e4rskelt konserveeritud valgurikast toitu, ilma et oleks vaja toita elusat putukat. Lisatud s\u00e4rge (Acheta domesticus) on \u00f5rnalt blan\u0161eeritud, et tagada toitev\u00e4\u00e4rtuse, maitse ja aroomi s\u00e4ilimine. Lisaks on putukate kitiinne kest sel viisil pehmendatud, et see oleks kergemini seeditav. Kollageensete valkude \u00fchendid lagundatakse, et sipelgad saaksid neid paremini kasutada. Konserveeritud Acheta domesticus on sama toitev\u00e4\u00e4rtusega kui elusad sirkad, kuid need on kergemini seeditavad. Erinevalt k\u00fclmutatud v\u00f5i kuivatatud s\u00e4rge, kus umbes 60% valku l\u00e4heb kaduma, saab sisalduvat valku t\u00f6\u00f6delda peaaegu 100% ulatuses.<\/p>\n<p>Cricket Jam ei sobi elusat toitu n\u00f5udvate sipelgaliikide (nt poneriinide (\u00fcrgsipelgad) nagu Harpegnathos v\u00f5i Odontomachus) k\u00fcttimiseks.<\/p>\n<p><strong>Muud eelised:<\/strong><\/p>\n<p>Garanteeritult lestavaba<\/p>\n<p>Portreteeritav ja veega lahjendatav.<\/p>\n<p>Steriliseeritud ja vaakumeeritud<br \/>\nIlma lisaaineteta<br \/>\nPuhtalt bioloogiliselt j\u00e4tkusuutlikust kasvatusest p\u00e4rit, orgaaniliste j\u00e4\u00e4tmetega toidetud sirkad.<\/p>\n<p><strong>Toitumisalane teave:<\/strong><br \/>\nToorvalk: 20%<br \/>\nToorrasv: 7%<br \/>\nToorkiud: 22%<br \/>\nTuhk: 4%<br \/>\nNiiskus: 46%<\/p>\n<p><strong>Teade:<\/strong><br \/>\nP\u00e4rast avamist s\u00e4ilib umbes neli p\u00e4eva k\u00fclmkapis. K\u00fclmutatuna s\u00e4ilivusaeg on pikem.<br \/>\n<strong>T\u00e4helepanu:<\/strong> Portreteerige k\u00f5igepealt, seej\u00e4rel k\u00fclmutage.<\/p>","protected":false},"excerpt":{"rendered":"<p>\u00dchekordne s\u00f6\u00f6tmine<\/p>","protected":false},"featured_media":4378,"comment_status":"open","ping_status":"closed","template":"","meta":{"_acf_changed":false,"content-type":"","_monsterinsights_skip_tracking":false,"_monsterinsights_sitenote_active":false,"_monsterinsights_sitenote_note":"","_monsterinsights_sitenote_category":0},"product_brand":[],"product_cat":[257,115,116],"product_tag":[],"class_list":{"0":"post-4373","1":"product","2":"type-product","3":"status-publish","4":"has-post-thumbnail","6":"product_cat-new-innovatve-products","7":"product_cat-food-and-feeding","8":"product_cat-food","10":"first","11":"instock","12":"taxable","13":"shipping-taxable","14":"purchasable","15":"product-type-simple"},"acf":[],"aioseo_notices":[],"jetpack_sharing_enabled":true,"_links":{"self":[{"href":"https:\/\/antcube.shop\/et\/wp-json\/wp\/v2\/product\/4373","targetHints":{"allow":["GET"]}}],"collection":[{"href":"https:\/\/antcube.shop\/et\/wp-json\/wp\/v2\/product"}],"about":[{"href":"https:\/\/antcube.shop\/et\/wp-json\/wp\/v2\/types\/product"}],"replies":[{"embeddable":true,"href":"https:\/\/antcube.shop\/et\/wp-json\/wp\/v2\/comments?post=4373"}],"wp:featuredmedia":[{"embeddable":true,"href":"https:\/\/antcube.shop\/et\/wp-json\/wp\/v2\/media\/4378"}],"wp:attachment":[{"href":"https:\/\/antcube.shop\/et\/wp-json\/wp\/v2\/media?parent=4373"}],"wp:term":[{"taxonomy":"product_brand","embeddable":true,"href":"https:\/\/antcube.shop\/et\/wp-json\/wp\/v2\/product_brand?post=4373"},{"taxonomy":"product_cat","embeddable":true,"href":"https:\/\/antcube.shop\/et\/wp-json\/wp\/v2\/product_cat?post=4373"},{"taxonomy":"product_tag","embeddable":true,"href":"https:\/\/antcube.shop\/et\/wp-json\/wp\/v2\/product_tag?post=4373"}],"curies":[{"name":"wp","href":"https:\/\/api.w.org\/{rel}","templated":true}]}}