{"id":4372,"date":"2022-06-20T09:12:42","date_gmt":"2022-06-20T07:12:42","guid":{"rendered":"https:\/\/antcube.shop\/produkt\/ganze-blanchierte-heimchen\/"},"modified":"2026-04-06T11:46:19","modified_gmt":"2026-04-06T09:46:19","slug":"ganze-blanchierte-heimchen","status":"publish","type":"product","link":"https:\/\/antcube.shop\/et\/toode\/ganze-blanchierte-heimchen\/","title":{"rendered":"Blan\u0161eeritud terved sirkad"},"content":{"rendered":"<p><strong>Netokaal:<\/strong> 10g purgi kohta<br \/>\nblan\u0161eeritud keskmise suurusega s\u00e4rge t\u00fckkidena<\/p>\n<p>\u00fchekordne s\u00f6\u00f6tmine<\/p>\n<p><strong>Kirjeldus:<\/strong><br \/>\nMeie pleegitatud sirmikud on lihtne viis pakkuda sipelgatele v\u00e4rskelt konserveeritud valgurikast toitu, ilma et oleks vaja toita elusat putukat. Lisatud s\u00e4rge (Acheta domesticus) on \u00f5rnalt blan\u0161eeritud, et tagada toitev\u00e4\u00e4rtuse, maitse ja aroomi s\u00e4ilimine. Lisaks on putukate kitiinne kest sel viisil pehmendatud, et see oleks kergemini seeditav. Kollageensete valkude \u00fchendid lagundatakse, et sipelgad saaksid neid paremini kasutada. Konserveeritud Acheta domesticus on sama toitev\u00e4\u00e4rtusega kui elusad sirkad, kuid need on kergemini seeditavad. Erinevalt k\u00fclmutatud v\u00f5i kuivatatud s\u00e4rge, kus umbes 60% valku l\u00e4heb kaduma, saab sisalduvat valku t\u00f6\u00f6delda peaaegu 100% ulatuses.<\/p>\n<p>Blan\u0161eeritud sirkad ei sobi elusat toitu n\u00f5udvate sipelgaliikide (nt poneriinide (\u00fcrgsipelgad), nagu Harpegnathos v\u00f5i Odontomachus) k\u00fcttimiseks.<\/p>\n<p><strong>Muud eelised:<\/strong><\/p>\n<p>Garanteeritult lestavaba<br \/>\nPortreteeritav<br \/>\nSteriliseeritud ja vaakumeeritud<br \/>\nIlma lisaaineteta<br \/>\nJ\u00e4tkusuutlikust puhtast mahep\u00f5llumajanduslikust kasvatusest p\u00e4rit sirkad, mida toidetakse orgaaniliste j\u00e4\u00e4tmetega.<\/p>\n<p><strong>Toitumisalane teave:<\/strong><br \/>\nToorvalk: 20%<br \/>\nToorrasv: 7%<br \/>\nToorkiud: 22%<br \/>\nTuhk: 4%<br \/>\nNiiskus: 46%<\/p>\n<p><strong>Teade:<\/strong><br \/>\nP\u00e4rast avamist s\u00e4ilib umbes neli p\u00e4eva k\u00fclmkapis. K\u00fclmutatuna s\u00e4ilivusaeg on pikem.<br \/>\n<strong>T\u00e4helepanu:<\/strong> K\u00f5igepealt portsjon, seej\u00e4rel k\u00fclmutage. Seega on v\u00f5imalik ka \u00fchekordne eemaldamine (IQF).<\/p>","protected":false},"excerpt":{"rendered":"<p>\u00fchekordne s\u00f6\u00f6tmine<\/p>","protected":false},"featured_media":4375,"comment_status":"open","ping_status":"closed","template":"","meta":{"_acf_changed":false,"content-type":"","_monsterinsights_skip_tracking":false,"_monsterinsights_sitenote_active":false,"_monsterinsights_sitenote_note":"","_monsterinsights_sitenote_category":0},"product_brand":[],"product_cat":[257,115,116],"product_tag":[],"class_list":{"0":"post-4372","1":"product","2":"type-product","3":"status-publish","4":"has-post-thumbnail","6":"product_cat-new-innovatve-products","7":"product_cat-food-and-feeding","8":"product_cat-food","10":"first","11":"instock","12":"taxable","13":"shipping-taxable","14":"purchasable","15":"product-type-simple"},"acf":[],"aioseo_notices":[],"jetpack_sharing_enabled":true,"_links":{"self":[{"href":"https:\/\/antcube.shop\/et\/wp-json\/wp\/v2\/product\/4372","targetHints":{"allow":["GET"]}}],"collection":[{"href":"https:\/\/antcube.shop\/et\/wp-json\/wp\/v2\/product"}],"about":[{"href":"https:\/\/antcube.shop\/et\/wp-json\/wp\/v2\/types\/product"}],"replies":[{"embeddable":true,"href":"https:\/\/antcube.shop\/et\/wp-json\/wp\/v2\/comments?post=4372"}],"wp:featuredmedia":[{"embeddable":true,"href":"https:\/\/antcube.shop\/et\/wp-json\/wp\/v2\/media\/4375"}],"wp:attachment":[{"href":"https:\/\/antcube.shop\/et\/wp-json\/wp\/v2\/media?parent=4372"}],"wp:term":[{"taxonomy":"product_brand","embeddable":true,"href":"https:\/\/antcube.shop\/et\/wp-json\/wp\/v2\/product_brand?post=4372"},{"taxonomy":"product_cat","embeddable":true,"href":"https:\/\/antcube.shop\/et\/wp-json\/wp\/v2\/product_cat?post=4372"},{"taxonomy":"product_tag","embeddable":true,"href":"https:\/\/antcube.shop\/et\/wp-json\/wp\/v2\/product_tag?post=4372"}],"curies":[{"name":"wp","href":"https:\/\/api.w.org\/{rel}","templated":true}]}}