{"id":4343,"date":"2022-06-08T14:36:54","date_gmt":"2022-06-08T12:36:54","guid":{"rendered":"https:\/\/antcube.shop\/produkt\/naturbusch-auf-schieferplatte-gros\/"},"modified":"2025-10-19T15:15:12","modified_gmt":"2025-10-19T13:15:12","slug":"naturbusch-auf-schieferplatte-gros","status":"publish","type":"product","link":"https:\/\/antcube.shop\/et\/toode\/naturbusch-auf-schieferplatte-gros\/","title":{"rendered":"Dekoratiivne p\u00f5\u00f5sas"},"content":{"rendered":"<p>Suurus \/ k\u00f5rgus 17 cm kuni 19 cm, diameeter ~ 10 cm -12 cm, sobib ideaalselt 30x30x30 cm ja suuremate areenide jaoks.<br \/>\nKaal varieerub 50-80 grammi<\/p>\n<p>Dekoratiivne toode, mis koosneb looduslikult kuivatatud puup\u00f5\u00f5sast ja s\u00fcnteetilisest vaigust alusest (alusplaadist).<br \/>\nSee dekoratiivp\u00f5\u00f5sas on valmistatud k\u00e4sitsi Saksamaal ja seda iseloomustab seet\u00f5ttu j\u00e4tkusuutlikkus.<\/p>\n<p><strong>T\u00c4HELEPANU:<\/strong> Palun \u00e4rge paigutage v\u00e4ga niiskesse formikariasse (\u00fcle 60% niiskus). P\u00f5\u00f5sas v\u00f5ib hakata hallitama. V\u00e4ga hea ventilatsiooni korral v\u00f5ib p\u00f5\u00f5sa paigutada ka niiskematesse formikaariumidesse.<\/p>\n<p>M\u00f5ned dekoratiivp\u00f5\u00f5sad ei p\u00fcsi formikaariumis \u00fcksi oma k\u00f5rguse t\u00f5ttu. Sellisel juhul on abiks, kui alus katta veidi substraadiga v\u00f5i paigutada toode v\u00e4lisakende l\u00e4hedale.<\/p>\n<p><span data-text-color=\"alert\"><strong>OLULINE M\u00c4RKUS ARTIKLI KOHTA:<\/strong><\/span><br \/>\nKuna tegemist on loodusliku tootega \/ unikaalse tootega, ei ole siinsed pildid t\u00e4iesti identsed saadetava tootega. Minipuu suurus, kuju ja v\u00e4rvus, samuti kiviplaadi alusplaat v\u00f5ivad erineda. Me garanteerime ainult eseme maksimaalse k\u00f5rguse.<\/p>\n<p>Tellides selle toote, n\u00f5ustute ja n\u00f5ustute, et ostu ajal on v\u00f5imalik, et toode v\u00f5ib olla erineva suuruse, kuju ja v\u00e4rvusega.<\/p>","protected":false},"excerpt":{"rendered":"<p>Suurus: 17-19 cm pikk<\/p>","protected":false},"featured_media":6380,"comment_status":"open","ping_status":"closed","template":"","meta":{"_acf_changed":false,"content-type":"","_monsterinsights_skip_tracking":false,"_monsterinsights_sitenote_active":false,"_monsterinsights_sitenote_note":"","_monsterinsights_sitenote_category":0},"product_brand":[],"product_cat":[99,101,102],"product_tag":[],"class_list":{"0":"post-4343","1":"product","2":"type-product","3":"status-publish","4":"has-post-thumbnail","6":"product_cat-desert","7":"product_cat-forest","8":"product_cat-meadow","10":"first","11":"outofstock","12":"taxable","13":"shipping-taxable","14":"purchasable","15":"product-type-simple"},"acf":[],"aioseo_notices":[],"jetpack_sharing_enabled":true,"_links":{"self":[{"href":"https:\/\/antcube.shop\/et\/wp-json\/wp\/v2\/product\/4343","targetHints":{"allow":["GET"]}}],"collection":[{"href":"https:\/\/antcube.shop\/et\/wp-json\/wp\/v2\/product"}],"about":[{"href":"https:\/\/antcube.shop\/et\/wp-json\/wp\/v2\/types\/product"}],"replies":[{"embeddable":true,"href":"https:\/\/antcube.shop\/et\/wp-json\/wp\/v2\/comments?post=4343"}],"wp:featuredmedia":[{"embeddable":true,"href":"https:\/\/antcube.shop\/et\/wp-json\/wp\/v2\/media\/6380"}],"wp:attachment":[{"href":"https:\/\/antcube.shop\/et\/wp-json\/wp\/v2\/media?parent=4343"}],"wp:term":[{"taxonomy":"product_brand","embeddable":true,"href":"https:\/\/antcube.shop\/et\/wp-json\/wp\/v2\/product_brand?post=4343"},{"taxonomy":"product_cat","embeddable":true,"href":"https:\/\/antcube.shop\/et\/wp-json\/wp\/v2\/product_cat?post=4343"},{"taxonomy":"product_tag","embeddable":true,"href":"https:\/\/antcube.shop\/et\/wp-json\/wp\/v2\/product_tag?post=4343"}],"curies":[{"name":"wp","href":"https:\/\/api.w.org\/{rel}","templated":true}]}}