{"id":4342,"date":"2022-06-08T14:36:40","date_gmt":"2022-06-08T12:36:40","guid":{"rendered":"https:\/\/antcube.shop\/produkt\/naturbusch-auf-schieferplatte-klein\/"},"modified":"2026-04-20T16:40:53","modified_gmt":"2026-04-20T14:40:53","slug":"naturbusch-auf-schieferplatte-klein","status":"publish","type":"product","link":"https:\/\/antcube.shop\/et\/toode\/naturbusch-auf-schieferplatte-klein\/","title":{"rendered":"Looduslik p\u00f5\u00f5sas kiltkivil - v\u00e4ike"},"content":{"rendered":"<p>Suurus\/k\u00f5rgus kuni 9 cm, ideaalne 20x20x10 cm suurustele areenidele.<br \/>\nKaal varieerub 200 kuni 600 grammi<\/p>\n<p>Dekoratiivne toode, mis koosneb puhtalt looduslikest komponentidest, kuivatatud puup\u00f5\u00f5sast ja kiltkiviplaadist (alusplaat). M\u00f5lemad t\u00f6\u00f6tlemata loodustooted.<br \/>\nSee minipuu on valmistatud k\u00e4sitsi Saksamaal ja seda iseloomustab seega j\u00e4tkusuutlikkus.<\/p>\n<p><strong>T\u00c4HELEPANU:<\/strong> Palun \u00e4rge paigutage v\u00e4ga niiskesse formikariasse (\u00fcle 60% niiskus). P\u00f5\u00f5sas v\u00f5ib hakata hallitama. V\u00e4ga hea ventilatsiooni korral v\u00f5ib p\u00f5\u00f5sa paigutada ka niiskematesse formikaariumidesse.<\/p>\n<p><strong>OLULINE M\u00c4RKUS TOOTE KOHTA:<\/strong><br \/>\nKuna tegemist on loodusliku tootega \/ unikaalse tootega, ei ole siinsed pildid t\u00e4iesti identsed saadetava tootega. Minipuu suurus, kuju ja v\u00e4rvus, samuti kiviplaadi alusplaat v\u00f5ivad erineda. Me garanteerime ainult eseme maksimaalse k\u00f5rguse.<\/p>\n<p>Tellides selle toote, n\u00f5ustute ja n\u00f5ustute, et ostu ajal on v\u00f5imalik, et toode v\u00f5ib olla erineva suuruse, kuju ja v\u00e4rvusega.<\/p>","protected":false},"excerpt":{"rendered":"<p>Suurus: 18x15x9<\/p>","protected":false},"featured_media":4355,"comment_status":"open","ping_status":"closed","template":"","meta":{"_acf_changed":false,"content-type":"","_monsterinsights_skip_tracking":false,"_monsterinsights_sitenote_active":false,"_monsterinsights_sitenote_note":"","_monsterinsights_sitenote_category":0},"product_brand":[],"product_cat":[99,101,102],"product_tag":[],"class_list":{"0":"post-4342","1":"product","2":"type-product","3":"status-publish","4":"has-post-thumbnail","6":"product_cat-desert","7":"product_cat-forest","8":"product_cat-meadow","10":"first","11":"instock","12":"taxable","13":"shipping-taxable","14":"purchasable","15":"product-type-simple"},"acf":[],"aioseo_notices":[],"jetpack_sharing_enabled":true,"_links":{"self":[{"href":"https:\/\/antcube.shop\/et\/wp-json\/wp\/v2\/product\/4342","targetHints":{"allow":["GET"]}}],"collection":[{"href":"https:\/\/antcube.shop\/et\/wp-json\/wp\/v2\/product"}],"about":[{"href":"https:\/\/antcube.shop\/et\/wp-json\/wp\/v2\/types\/product"}],"replies":[{"embeddable":true,"href":"https:\/\/antcube.shop\/et\/wp-json\/wp\/v2\/comments?post=4342"}],"wp:featuredmedia":[{"embeddable":true,"href":"https:\/\/antcube.shop\/et\/wp-json\/wp\/v2\/media\/4355"}],"wp:attachment":[{"href":"https:\/\/antcube.shop\/et\/wp-json\/wp\/v2\/media?parent=4342"}],"wp:term":[{"taxonomy":"product_brand","embeddable":true,"href":"https:\/\/antcube.shop\/et\/wp-json\/wp\/v2\/product_brand?post=4342"},{"taxonomy":"product_cat","embeddable":true,"href":"https:\/\/antcube.shop\/et\/wp-json\/wp\/v2\/product_cat?post=4342"},{"taxonomy":"product_tag","embeddable":true,"href":"https:\/\/antcube.shop\/et\/wp-json\/wp\/v2\/product_tag?post=4342"}],"curies":[{"name":"wp","href":"https:\/\/api.w.org\/{rel}","templated":true}]}}