{"id":4285,"date":"2022-04-28T15:48:43","date_gmt":"2022-04-28T13:48:43","guid":{"rendered":"https:\/\/antcube.shop\/produkt\/reagenzglaser-180x18-mm-10-st\/"},"modified":"2026-03-25T09:38:34","modified_gmt":"2026-03-25T08:38:34","slug":"reagenzglaser-180x18-mm-10-st","status":"publish","type":"product","link":"https:\/\/antcube.shop\/et\/toode\/reagenzglaser-180x18-mm-10-st\/","title":{"rendered":"Katseklaasitoru 180\u00d718 mm \/ 10 tk."},"content":{"rendered":"<p><b>Suurus:<\/b> 180 x 18 mm<\/p>\n<p><b>Kirjeldus:<\/b> Katsepudel on valmistatud lubjasoodaklaasist, paksuseinaline ja \u00e4\u00e4risega. Saab kasutada pesakambrina pikema aja jooksul, kui t\u00e4ita 1\/3 ulatuses veega ja sulgeda imava puuvillaga. Sobib ka transpordikonteinerina.<\/p>","protected":false},"excerpt":{"rendered":"<p>Suurus: 180 x 18 mm Kirjeldus: Paksuseinaline ja servaga katseklaasist katseklaas. Saab kasutada pesakambrina pikema aja jooksul, kui t\u00e4ita 1\/3 ulatuses veega ja sulgeda imava puuvillaga. Sobib ka transpordikonteinerina.<\/p>","protected":false},"featured_media":4290,"comment_status":"open","ping_status":"closed","template":"","meta":{"_acf_changed":false,"content-type":"","_monsterinsights_skip_tracking":false,"_monsterinsights_sitenote_active":false,"_monsterinsights_sitenote_note":"","_monsterinsights_sitenote_category":0},"product_brand":[],"product_cat":[237],"product_tag":[],"class_list":{"0":"post-4285","1":"product","2":"type-product","3":"status-publish","4":"has-post-thumbnail","6":"product_cat-tools","8":"first","9":"instock","10":"taxable","11":"shipping-taxable","12":"purchasable","13":"product-type-simple"},"acf":[],"aioseo_notices":[],"jetpack_sharing_enabled":true,"_links":{"self":[{"href":"https:\/\/antcube.shop\/et\/wp-json\/wp\/v2\/product\/4285","targetHints":{"allow":["GET"]}}],"collection":[{"href":"https:\/\/antcube.shop\/et\/wp-json\/wp\/v2\/product"}],"about":[{"href":"https:\/\/antcube.shop\/et\/wp-json\/wp\/v2\/types\/product"}],"replies":[{"embeddable":true,"href":"https:\/\/antcube.shop\/et\/wp-json\/wp\/v2\/comments?post=4285"}],"wp:featuredmedia":[{"embeddable":true,"href":"https:\/\/antcube.shop\/et\/wp-json\/wp\/v2\/media\/4290"}],"wp:attachment":[{"href":"https:\/\/antcube.shop\/et\/wp-json\/wp\/v2\/media?parent=4285"}],"wp:term":[{"taxonomy":"product_brand","embeddable":true,"href":"https:\/\/antcube.shop\/et\/wp-json\/wp\/v2\/product_brand?post=4285"},{"taxonomy":"product_cat","embeddable":true,"href":"https:\/\/antcube.shop\/et\/wp-json\/wp\/v2\/product_cat?post=4285"},{"taxonomy":"product_tag","embeddable":true,"href":"https:\/\/antcube.shop\/et\/wp-json\/wp\/v2\/product_tag?post=4285"}],"curies":[{"name":"wp","href":"https:\/\/api.w.org\/{rel}","templated":true}]}}