{"id":4260,"date":"2022-04-28T14:01:03","date_gmt":"2022-04-28T12:01:03","guid":{"rendered":"https:\/\/antcube.shop\/produkt\/nestrohrchen-rack-18mm\/"},"modified":"2026-03-23T15:57:06","modified_gmt":"2026-03-23T14:57:06","slug":"nestrohrchen-rack-18mm","status":"publish","type":"product","link":"https:\/\/antcube.shop\/et\/toode\/nestrohrchen-rack-18mm\/","title":{"rendered":"Pesa torutarind 18mm"},"content":{"rendered":"<p style=\"margin-bottom: 0cm;\"><strong>M\u00f5\u00f5tmed:<\/strong> 25x12x3 cm<\/p>\n<p><strong>Materjalid: <\/strong>PMMA, PVC<\/p>\n<p><strong>V\u00e4rv: <\/strong>kristallselge, l\u00e4bipaistev, l\u00e4bipaistev<\/p>\n<p><strong>Sisu:<\/strong><br \/>\n2x puurplaat (10x augud)<br \/>\n2x haardeplaat<br \/>\n4x elastsed rihmad<\/p>\n<p><strong>M\u00e4rkus: <\/strong>Osad tarnitakse komplektina v\u00f5i pistikus\u00fcsteemina. Liimimine ei ole vajalik.<\/p>\n<p><strong>\u00dchendus:<\/strong><br \/>\n18 mm l\u00e4bim\u00f5\u00f5duga pesatorude puhul<\/p>\n<p><strong>Kirjeldus:<\/strong> Pesaputkade hoidja on m\u00f5eldud sipelgapesaputkade hoolikaks s\u00e4ilitamiseks. Komplekti on lihtne kokku panna.<\/p>\n<p><strong>Taotlus:<\/strong> Pesa torude s\u00e4ilitamiseks. Sobib meie sipelgate inkubaatorile<\/p>\n<p><strong>M\u00e4rkus:<\/strong> Stabiilsuse parandamiseks virnastamisel soovitame kasutada \"Tihendusr\u00f5ngast l\u00e4bipaistev paindlik 20-50 mm - 10 tk\" vt artikli soovitust.<\/p>","protected":false},"excerpt":{"rendered":"<p>18mm pesatorude jaoks<\/p>","protected":false},"featured_media":4277,"comment_status":"open","ping_status":"closed","template":"","meta":{"_acf_changed":false,"content-type":"","_monsterinsights_skip_tracking":false,"_monsterinsights_sitenote_active":false,"_monsterinsights_sitenote_note":"","_monsterinsights_sitenote_category":0},"product_brand":[],"product_cat":[237],"product_tag":[],"class_list":{"0":"post-4260","1":"product","2":"type-product","3":"status-publish","4":"has-post-thumbnail","6":"product_cat-tools","8":"first","9":"instock","10":"taxable","11":"shipping-taxable","12":"purchasable","13":"product-type-simple"},"acf":[],"aioseo_notices":[],"jetpack_sharing_enabled":true,"_links":{"self":[{"href":"https:\/\/antcube.shop\/et\/wp-json\/wp\/v2\/product\/4260","targetHints":{"allow":["GET"]}}],"collection":[{"href":"https:\/\/antcube.shop\/et\/wp-json\/wp\/v2\/product"}],"about":[{"href":"https:\/\/antcube.shop\/et\/wp-json\/wp\/v2\/types\/product"}],"replies":[{"embeddable":true,"href":"https:\/\/antcube.shop\/et\/wp-json\/wp\/v2\/comments?post=4260"}],"wp:featuredmedia":[{"embeddable":true,"href":"https:\/\/antcube.shop\/et\/wp-json\/wp\/v2\/media\/4277"}],"wp:attachment":[{"href":"https:\/\/antcube.shop\/et\/wp-json\/wp\/v2\/media?parent=4260"}],"wp:term":[{"taxonomy":"product_brand","embeddable":true,"href":"https:\/\/antcube.shop\/et\/wp-json\/wp\/v2\/product_brand?post=4260"},{"taxonomy":"product_cat","embeddable":true,"href":"https:\/\/antcube.shop\/et\/wp-json\/wp\/v2\/product_cat?post=4260"},{"taxonomy":"product_tag","embeddable":true,"href":"https:\/\/antcube.shop\/et\/wp-json\/wp\/v2\/product_tag?post=4260"}],"curies":[{"name":"wp","href":"https:\/\/api.w.org\/{rel}","templated":true}]}}