{"id":4258,"date":"2022-04-28T14:00:36","date_gmt":"2022-04-28T12:00:36","guid":{"rendered":"https:\/\/antcube.shop\/produkt\/ameisen-inkubator\/"},"modified":"2026-02-09T16:16:28","modified_gmt":"2026-02-09T15:16:28","slug":"ameisen-inkubator","status":"publish","type":"product","link":"https:\/\/antcube.shop\/et\/toode\/ameisen-inkubator\/","title":{"rendered":"Sipelgate inkubaator"},"content":{"rendered":"<p><strong>Suurus:\u00a0<\/strong>Seadme suurus: 40\u00d739,5\u00d748 cm ; Sisemus: 32\u00d722,5\u00d737 cm.<\/p>\n<p><strong>V\u00e4rv:<\/strong> Must<\/p>\n<p><strong>Tehnilised andmed:<\/strong><br \/>\nPinge: 220-240V, 50Hz<br \/>\nV\u00f5imsus: 70W<br \/>\nKaabli pikkus v\u00f5rgukaabel: 1.60m<br \/>\nTemperatuurivahemik: 5\u00b0C - 40\u00b0C<\/p>\n<p><strong>Materjal:<\/strong> Metall, klaas<\/p>\n<p><strong>Kirjeldus:<\/strong><br \/>\nSee inkubaator ei ole v\u00e4ga sobiv mitte ainult troopiliste piirkondade sipelgakolooniate kasvatamiseks, vaid ka talvitusperioodil olevate sipelgakolooniate kasvatamiseks.<br \/>\nSellel on temperatuuri kontroller koos digitaalse ekraaniga ja eemaldatav vaheriiul, mis annab rohkem ruumi. Temperatuuri saab seadistada ja muuta vastavalt vajadusele. Seade saab nii jahutada (kuni umbes 5 \u00b0C) kui ka soojendada (kuni umbes 40 \u00b0C). Reguleeritav temperatuurivahemik on umbes 5\u00b0C-40\u00b0C. Seega saab seda kasutada ka kohalike sipelgate talvitamiseks.<\/p>\n<p><strong>Eelised:<\/strong><br \/>\nSageli seisate silmitsi k\u00fcsimusega, kuidas hoida sipelgaid talvitumiseks lihtsasti \u00f5igel temperatuuril. K\u00fclmkapp on niikuinii liiga t\u00e4is, r\u00f5dul v\u00f5ib loomadele liiga k\u00fclmaks minna ja keldris on samuti kitsas v\u00f5i ei ole teil piisavalt kontrolli.<br \/>\n<strong>Siin on lahendus:<\/strong> V\u00f5ite lasta loomadel talvituda inkubaatoris koos meie pesak\u00fcbaratega katseklaasides, sel juhul isegi kuni 100 kolooniat korraga, v\u00f5i koos terve ANTCUBE Formicariumiga. N\u00e4iteks meie ANTCUBE Arena Combi, mahub t\u00e4ielikult sisse. Aga ka stardikomplektis areenaga 20x20x10 ja 2 pesaga 20\u00d720 oleks piisavalt ruumi.<br \/>\nSellega on v\u00f5imalik ka ladustamine ja transportimine koos autoga, n\u00e4iteks parve lendu, \u00fcmberpaigutamist v\u00f5i eriti tundlike lehep\u00f5llumeeste transportimist.<br \/>\nPraktilised katseklaaside (pesaklaaside) hoidikud on saadaval kolmes erinevas suuruses. Siin on meie soovitus:<\/p>\n<p><strong>Soovitus:<\/strong><br \/>\nInkubaatori ruum on sobiv:<br \/>\nKuni 24x kriketikatseklaasi\/ v\u00f5i 24x kogumiskasti l\u00e4bipaistev 115x115x55<br \/>\nPesaputkades olevate sipelgate jaoks soovitame pesaputkade hoidmiseks pesaputke hoidikuid<br \/>\nSobib siseruumidesse:<br \/>\n- 16mm pesaputketorustik = 12 tk v\u00f5i 120 pesaputke 16mm l\u00e4bim\u00f5\u00f5duga<br \/>\n- 18mm pesaputke hoidik = 12 tk v\u00f5i 120 pesaputke 18mm l\u00e4bim\u00f5\u00f5duga.<br \/>\n- 25mm pesaputke hoidik = 9 tk v\u00f5i 54 pesaputke 25mm l\u00e4bim\u00f5\u00f5duga.<\/p>\n<p><strong>M\u00e4rkus:<\/strong><br \/>\n- \u00c4rge seadistage seadet otsese p\u00e4ikesevalguse k\u00e4tte v\u00f5i soojusallika k\u00f5rvale, sest v\u00e4lised temperatuurik\u00f5ikumised m\u00f5jutavad sisetemperatuuri.<br \/>\n- Seadke seade \u00fcles kuivasse kohta, kus temperatuur on v\u00f5imalikult p\u00fcsiv.<br \/>\n- Ventilaatorid peavad saama vabalt p\u00f6\u00f6relda<br \/>\n- \u00d5hupinnad peavad j\u00e4\u00e4ma puhtaks<br \/>\n- Kontrollida regulaarselt kahjustuste suhtes -&gt; kui need esinevad, peatada kohe t\u00f6\u00f6.<br \/>\n- Inkubaatorit saab kahekordselt kaitsta t\u00e4iendava Thermo Control II v\u00f5i Thermo Control Pro II abil. Vastav l\u00e4biviik asub seadme tagak\u00fcljel.<\/p>\n<p><strong>M\u00e4rkus: <\/strong>20.01.2025 - Tooteuuendus - uus mudel<\/p>","protected":false},"excerpt":{"rendered":"<p>Suurus: Sisemine: 32\u00d722,5\u00d737 cm V\u00e4rv: Must Tehnilised andmed: V\u00f5imsus: 70W Kaabli pikkus v\u00f5rgukaabel: Temperatuurivahemik: 1,60m: Materjal: 5\u00b0C - 40\u00b0C: Kirjeldus: Metallist, klaasist: See sipelgate inkubaator ei sobi mitte ainult troopiliste piirkondade sipelgakolooniate kasvatamiseks, vaid ka talvitusperioodil olevate sipelgakolooniate kasvatamiseks. Sellel on [...]","protected":false},"featured_media":11099,"comment_status":"open","ping_status":"closed","template":"","meta":{"_acf_changed":false,"content-type":"","_monsterinsights_skip_tracking":false,"_monsterinsights_sitenote_active":false,"_monsterinsights_sitenote_note":"","_monsterinsights_sitenote_category":0},"product_brand":[],"product_cat":[237],"product_tag":[],"class_list":{"0":"post-4258","1":"product","2":"type-product","3":"status-publish","4":"has-post-thumbnail","6":"product_cat-tools","8":"first","9":"outofstock","10":"taxable","11":"shipping-taxable","12":"purchasable","13":"product-type-simple"},"acf":[],"aioseo_notices":[],"jetpack_sharing_enabled":true,"_links":{"self":[{"href":"https:\/\/antcube.shop\/et\/wp-json\/wp\/v2\/product\/4258","targetHints":{"allow":["GET"]}}],"collection":[{"href":"https:\/\/antcube.shop\/et\/wp-json\/wp\/v2\/product"}],"about":[{"href":"https:\/\/antcube.shop\/et\/wp-json\/wp\/v2\/types\/product"}],"replies":[{"embeddable":true,"href":"https:\/\/antcube.shop\/et\/wp-json\/wp\/v2\/comments?post=4258"}],"wp:featuredmedia":[{"embeddable":true,"href":"https:\/\/antcube.shop\/et\/wp-json\/wp\/v2\/media\/11099"}],"wp:attachment":[{"href":"https:\/\/antcube.shop\/et\/wp-json\/wp\/v2\/media?parent=4258"}],"wp:term":[{"taxonomy":"product_brand","embeddable":true,"href":"https:\/\/antcube.shop\/et\/wp-json\/wp\/v2\/product_brand?post=4258"},{"taxonomy":"product_cat","embeddable":true,"href":"https:\/\/antcube.shop\/et\/wp-json\/wp\/v2\/product_cat?post=4258"},{"taxonomy":"product_tag","embeddable":true,"href":"https:\/\/antcube.shop\/et\/wp-json\/wp\/v2\/product_tag?post=4258"}],"curies":[{"name":"wp","href":"https:\/\/api.w.org\/{rel}","templated":true}]}}