{"id":4175,"date":"2022-03-14T17:24:15","date_gmt":"2022-03-14T16:24:15","guid":{"rendered":"https:\/\/antcube.shop\/produkt\/candy-ant-snack-20g\/"},"modified":"2026-04-17T20:42:12","modified_gmt":"2026-04-17T18:42:12","slug":"candy-ant-snack-20g","status":"publish","type":"product","link":"https:\/\/antcube.shop\/et\/toode\/candy-ant-snack-20g\/","title":{"rendered":"Candy Ant Snack - 20g"},"content":{"rendered":"<p><strong>Sisu:<\/strong><br \/>\n20g<\/p>\n<p><strong>Kirjeldus:<\/strong><br \/>\nSee on puhas looduslik toode. Meie Candy Ant Snack, mis on valmistatud orgaaniliselt kasvatatud Acheta domesticus'est, mis on kaetud orgaanilise meega.<br \/>\nLihtsalt seeditav. T\u00e4nu kvaliteetsetele valkudele on see peaaegu t\u00e4ielik toit (asendab mett\/suhkrut ja valke) enamikule sipelgaliikidele nagu Lasius sp., Camponotus sp. v\u00f5i Messor sp. jne. Sipelgad armastavad seda. See ei asenda sipelgate poolt vajaminevat v\u00e4rsket vett. Samuti ei asenda see vajadust elusate valkude, n\u00e4iteks v\u00e4ikeste putukate j\u00e4rele.<\/p>\n<p>See lisas\u00f6\u00f6t on t\u00e4is v\u00f5imsat valku, mis sisaldab umbes 50% puhast looduslikku valku.<br \/>\nLisaks on toode toidetud pestitsiidivabade orgaaniliste taimej\u00e4\u00e4tmetega, millel on k\u00f5rge \u00f6koloogiline v\u00e4\u00e4rtus, kuna selle tootmisel kasutatakse v\u00e4hem energiat ja vett.<\/p>\n<p>Lisav\u00e4\u00e4rtuseks k\u00f5igile sipelgate austajatele on loodusliku valgu ja loodusliku meega kattekihi kombinatsioon. Sipelgad armastavad ja vajavad seda hea pesakonna arenguks ja koloonia tervislikuks kasvuks.<\/p>\n<p><strong>Taotlus:<\/strong><br \/>\nS\u00f6\u00f6tmiseks tuleks Candy Ant Snack jagada v\u00e4iksemateks portsjoniteks v\u00f5i lahustada vees.<\/p>\n<p><strong>Sisaldab:<\/strong><br \/>\nLooduslikult kuivatatud Acheta domesticus, mis on kaetud orgaanilise meega. Ei ole ette n\u00e4htud inimtoiduks. Ainult sipelgate jaoks.<br \/>\nLigikaudne segusuhe 70% Acheta domesticus ja 30% mesi.<\/p>\n<p><strong>Ladustamine:<\/strong><br \/>\nSuletav. S\u00e4ilitage pimedas, jahedas ja kuivas kohas.<\/p>\n<p><strong>M\u00e4rkus:<\/strong><br \/>\nT\u00e4iendav toit sipelgate jaoks.<br \/>\nKoostise, anal\u00fc\u00fctiliste koostisosade, k\u00f5lblikkusaja ja partii numbri leiate pakendi infolehelt.<\/p>\n<p>Infotelefon +49 30 439703870<\/p>\n<p>Vastutav veterinaar- ja toiduinspektsioon:<br \/>\nSteglitzi veterinaarkabinet<br \/>\nK\u00f6nigin-Luise-Str. 92<br \/>\n14195 Berliin<\/p>","protected":false},"excerpt":{"rendered":"<p>T\u00e4iendav toit<\/p>","protected":false},"featured_media":4182,"comment_status":"open","ping_status":"closed","template":"","meta":{"_acf_changed":false,"content-type":"","_monsterinsights_skip_tracking":false,"_monsterinsights_sitenote_active":false,"_monsterinsights_sitenote_note":"","_monsterinsights_sitenote_category":0},"product_brand":[],"product_cat":[115,116],"product_tag":[],"class_list":{"0":"post-4175","1":"product","2":"type-product","3":"status-publish","4":"has-post-thumbnail","6":"product_cat-food-and-feeding","7":"product_cat-food","9":"first","10":"instock","11":"taxable","12":"shipping-taxable","13":"purchasable","14":"product-type-simple"},"acf":[],"aioseo_notices":[],"jetpack_sharing_enabled":true,"_links":{"self":[{"href":"https:\/\/antcube.shop\/et\/wp-json\/wp\/v2\/product\/4175","targetHints":{"allow":["GET"]}}],"collection":[{"href":"https:\/\/antcube.shop\/et\/wp-json\/wp\/v2\/product"}],"about":[{"href":"https:\/\/antcube.shop\/et\/wp-json\/wp\/v2\/types\/product"}],"replies":[{"embeddable":true,"href":"https:\/\/antcube.shop\/et\/wp-json\/wp\/v2\/comments?post=4175"}],"wp:featuredmedia":[{"embeddable":true,"href":"https:\/\/antcube.shop\/et\/wp-json\/wp\/v2\/media\/4182"}],"wp:attachment":[{"href":"https:\/\/antcube.shop\/et\/wp-json\/wp\/v2\/media?parent=4175"}],"wp:term":[{"taxonomy":"product_brand","embeddable":true,"href":"https:\/\/antcube.shop\/et\/wp-json\/wp\/v2\/product_brand?post=4175"},{"taxonomy":"product_cat","embeddable":true,"href":"https:\/\/antcube.shop\/et\/wp-json\/wp\/v2\/product_cat?post=4175"},{"taxonomy":"product_tag","embeddable":true,"href":"https:\/\/antcube.shop\/et\/wp-json\/wp\/v2\/product_tag?post=4175"}],"curies":[{"name":"wp","href":"https:\/\/api.w.org\/{rel}","templated":true}]}}