{"id":4165,"date":"2022-02-28T11:41:35","date_gmt":"2022-02-28T10:41:35","guid":{"rendered":"https:\/\/antcube.shop\/produkt\/fixier-punkte-8-st\/"},"modified":"2026-04-21T09:57:00","modified_gmt":"2026-04-21T07:57:00","slug":"fixier-punkte-8-st","status":"publish","type":"product","link":"https:\/\/antcube.shop\/et\/toode\/fixier-punkte-8-st\/","title":{"rendered":"Kinnituspunktid - 8 tk"},"content":{"rendered":"<p><strong>M\u00f5\u00f5tmed (LxSxK):<\/strong> 12x12x3 mm (l\u00e4bi trapetsikujulise kuju peal 10x10mm).<\/p>\n<p><strong>Materjal:<\/strong> pol\u00fcuretaan ilma plastifikaatoriteta ja liimiakr\u00fclaadiga<\/p>\n<p><strong>V\u00e4rv:<\/strong> l\u00e4bipaistev<\/p>\n<p><strong>Sisu:<\/strong><br \/>\n8x fikseerimispunktid<\/p>\n<p><strong>Kirjeldus:<\/strong> Meie sipelgasala katte jaoks. Kinnituskohad on liimitud katte p\u00f5hja, et v\u00e4ltida selle libisemist areenilt. Punkte saab kasutada ka areeni jalgadena ja ka areeni sisemise otsa sisek\u00fclgedel, et kaitsta neid \u00fcmbermineku eest.<\/p>","protected":false},"excerpt":{"rendered":"<p>M\u00f5\u00f5tmed (LxSxK): 12x12x3 mm (trapetsikujuline kuju peal 10x10mm). Materjal: pol\u00fcuretaan ilma plastifikaatoriteta ja liimakr\u00fclaadiga V\u00e4rv: l\u00e4bipaistev Sisu: Materjal: pol\u00fcuretaan, ilma plastifikaatoriteta: Kirjeldus: 8x kinnituspunktid Kirjeldus: Meie sipelgaplatsi katte jaoks. Kinnituspunktid on liimitud katte p\u00f5hja k\u00fclge, et v\u00e4ltida katte libisemist areenilt. Punkte saab kasutada ka","protected":false},"featured_media":4178,"comment_status":"open","ping_status":"closed","template":"","meta":{"_acf_changed":false,"content-type":"","_monsterinsights_skip_tracking":false,"_monsterinsights_sitenote_active":false,"_monsterinsights_sitenote_note":"","_monsterinsights_sitenote_category":0},"product_brand":[],"product_cat":[92,237],"product_tag":[],"class_list":{"0":"post-4165","1":"product","2":"type-product","3":"status-publish","4":"has-post-thumbnail","6":"product_cat-arena-cover","7":"product_cat-tools","9":"first","10":"instock","11":"taxable","12":"shipping-taxable","13":"purchasable","14":"product-type-simple"},"acf":[],"aioseo_notices":[],"jetpack_sharing_enabled":true,"_links":{"self":[{"href":"https:\/\/antcube.shop\/et\/wp-json\/wp\/v2\/product\/4165","targetHints":{"allow":["GET"]}}],"collection":[{"href":"https:\/\/antcube.shop\/et\/wp-json\/wp\/v2\/product"}],"about":[{"href":"https:\/\/antcube.shop\/et\/wp-json\/wp\/v2\/types\/product"}],"replies":[{"embeddable":true,"href":"https:\/\/antcube.shop\/et\/wp-json\/wp\/v2\/comments?post=4165"}],"wp:featuredmedia":[{"embeddable":true,"href":"https:\/\/antcube.shop\/et\/wp-json\/wp\/v2\/media\/4178"}],"wp:attachment":[{"href":"https:\/\/antcube.shop\/et\/wp-json\/wp\/v2\/media?parent=4165"}],"wp:term":[{"taxonomy":"product_brand","embeddable":true,"href":"https:\/\/antcube.shop\/et\/wp-json\/wp\/v2\/product_brand?post=4165"},{"taxonomy":"product_cat","embeddable":true,"href":"https:\/\/antcube.shop\/et\/wp-json\/wp\/v2\/product_cat?post=4165"},{"taxonomy":"product_tag","embeddable":true,"href":"https:\/\/antcube.shop\/et\/wp-json\/wp\/v2\/product_tag?post=4165"}],"curies":[{"name":"wp","href":"https:\/\/api.w.org\/{rel}","templated":true}]}}