{"id":4145,"date":"2022-02-14T15:54:25","date_gmt":"2022-02-14T14:54:25","guid":{"rendered":"https:\/\/antcube.shop\/produkt\/ant-nuggets-20g\/"},"modified":"2026-04-09T13:59:26","modified_gmt":"2026-04-09T11:59:26","slug":"ant-nuggets-20g","status":"publish","type":"product","link":"https:\/\/antcube.shop\/et\/toode\/ant-nuggets-20g\/","title":{"rendered":"Ant Nuggets - 20g"},"content":{"rendered":"<p><strong>Sisu:<\/strong><br \/>\n20g<\/p>\n<p><strong>Kirjeldus:<\/strong><br \/>\nSee on puhas looduslik toode. Meie Ant Nuggets, on hoolikalt kogutud Bulgaaria looduses mesinike poolt. Lihtne seedimine t\u00e4nu looduslikule k\u00e4\u00e4rimisele. T\u00e4nu kvaliteetsetele valkudele on see peaaegu t\u00e4ielik toit (asendab mett\/suhkrut ja valke) enamikule vormit\u00e4hnide liikidele nagu Lasius sp., Camponotus sp. v\u00f5i Messor sp. ja isegi lehep\u00f5llumehed armastavad seda. See ei asenda sipelgate vajaminevat magevett. Samuti ei asenda see vajadust elusate valkude, n\u00e4iteks v\u00e4ikeste putukate j\u00e4rele.<\/p>\n<p><strong>Taotlus:<\/strong><br \/>\nS\u00f6\u00f6tmiseks tuleks Ant Nuggets jagada v\u00e4iksemateks portsjoniteks v\u00f5i lahustada vees.<\/p>\n<p><strong>Sisaldab:<\/strong><br \/>\n100% looduslikult k\u00e4\u00e4ritatud \u00f5ietolm. Ei ole ette n\u00e4htud inimtoiduks. Ainult sipelgate jaoks.<\/p>\n<p><strong>Ladustamine:<\/strong><br \/>\nSuletav. S\u00e4ilitage pimedas, jahedas ja kuivas kohas.<\/p>\n<p><strong>M\u00e4rkus:<\/strong><br \/>\nT\u00e4iendav toit sipelgate jaoks.<br \/>\nKoostise, anal\u00fc\u00fctiliste koostisosade, k\u00f5lblikkusaja ja partii numbri leiate pakendi infolehelt.<\/p>\n<p>Infotelefon +49 30 439703870<\/p>\n<p>Vastutav veterinaar- ja toiduinspektsioon:<br \/>\nSteglitzi veterinaarkabinet<br \/>\nK\u00f6nigin-Luise-Str. 92<br \/>\n14195 Berliin<\/p>","protected":false},"excerpt":{"rendered":"<p>T\u00e4iendav toit<\/p>","protected":false},"featured_media":4149,"comment_status":"open","ping_status":"closed","template":"","meta":{"_acf_changed":false,"content-type":"","_monsterinsights_skip_tracking":false,"_monsterinsights_sitenote_active":false,"_monsterinsights_sitenote_note":"","_monsterinsights_sitenote_category":0},"product_brand":[],"product_cat":[115,116],"product_tag":[],"class_list":{"0":"post-4145","1":"product","2":"type-product","3":"status-publish","4":"has-post-thumbnail","6":"product_cat-food-and-feeding","7":"product_cat-food","9":"first","10":"instock","11":"taxable","12":"shipping-taxable","13":"purchasable","14":"product-type-simple"},"acf":[],"aioseo_notices":[],"jetpack_sharing_enabled":true,"_links":{"self":[{"href":"https:\/\/antcube.shop\/et\/wp-json\/wp\/v2\/product\/4145","targetHints":{"allow":["GET"]}}],"collection":[{"href":"https:\/\/antcube.shop\/et\/wp-json\/wp\/v2\/product"}],"about":[{"href":"https:\/\/antcube.shop\/et\/wp-json\/wp\/v2\/types\/product"}],"replies":[{"embeddable":true,"href":"https:\/\/antcube.shop\/et\/wp-json\/wp\/v2\/comments?post=4145"}],"wp:featuredmedia":[{"embeddable":true,"href":"https:\/\/antcube.shop\/et\/wp-json\/wp\/v2\/media\/4149"}],"wp:attachment":[{"href":"https:\/\/antcube.shop\/et\/wp-json\/wp\/v2\/media?parent=4145"}],"wp:term":[{"taxonomy":"product_brand","embeddable":true,"href":"https:\/\/antcube.shop\/et\/wp-json\/wp\/v2\/product_brand?post=4145"},{"taxonomy":"product_cat","embeddable":true,"href":"https:\/\/antcube.shop\/et\/wp-json\/wp\/v2\/product_cat?post=4145"},{"taxonomy":"product_tag","embeddable":true,"href":"https:\/\/antcube.shop\/et\/wp-json\/wp\/v2\/product_tag?post=4145"}],"curies":[{"name":"wp","href":"https:\/\/api.w.org\/{rel}","templated":true}]}}