{"id":4142,"date":"2022-02-14T15:33:55","date_gmt":"2022-02-14T14:33:55","guid":{"rendered":"https:\/\/antcube.shop\/produkt\/bodengrund-sand-lehm-rot-200g\/"},"modified":"2026-04-02T14:54:00","modified_gmt":"2026-04-02T12:54:00","slug":"bodengrund-sand-lehm-rot-200g","status":"publish","type":"product","link":"https:\/\/antcube.shop\/et\/toode\/bodengrund-sand-lehm-rot-200g\/","title":{"rendered":"muld - liivsavisegu punane - 200g"},"content":{"rendered":"<p><strong>Sisu:<\/strong> 200g<\/p>\n<p><strong>Materjal:<\/strong> liiv, savi<\/p>\n<p><strong>V\u00e4rv:<\/strong> punane<\/p>\n<p><strong>Segamissuhe:<\/strong> kaevatav<\/p>\n<p><strong>Kirjeldus:<\/strong> See valmis liiva-savisegu on puhas looduslik toode. V\u00e4rvus ja tugevus tekivad looduslikust savimullast, mis on loomadele kahjutu.<\/p>\n<p><strong>Taotlus:<\/strong> Kaevupinnas, saab kasutada pesa ja areeniala jaoks!<\/p>\n<p><strong>M\u00e4rkus:<\/strong> kuna tegemist on puhtalt loodusliku tootega, v\u00f5ib esineda v\u00e4ikeseid erinevusi v\u00e4rvuses ja struktuuris, mida me ei saa m\u00f5jutada.<\/p>\n<p><strong>Oluline:<\/strong> Palun niisutage substraat enne kasutamist, et segu saaks kokku sulanduda ja sipelgapesas tugevalt kinni pidada. Lisaks v\u00f5ib liiga kuiv ja tolmune substraat p\u00f5hjustada sipelgate hingamisteede ummistumist ja halvimal juhul loomade l\u00e4mbumist.<\/p>","protected":false},"excerpt":{"rendered":"<p>Looduslik substraat - kaevatav<\/p>","protected":false},"featured_media":4388,"comment_status":"open","ping_status":"closed","template":"","meta":{"_acf_changed":false,"content-type":"","_monsterinsights_skip_tracking":false,"_monsterinsights_sitenote_active":false,"_monsterinsights_sitenote_note":"","_monsterinsights_sitenote_category":0},"product_brand":[],"product_cat":[96],"product_tag":[],"class_list":{"0":"post-4142","1":"product","2":"type-product","3":"status-publish","4":"has-post-thumbnail","6":"product_cat-soil","8":"first","9":"instock","10":"taxable","11":"shipping-taxable","12":"purchasable","13":"product-type-simple"},"acf":[],"aioseo_notices":[],"jetpack_sharing_enabled":true,"_links":{"self":[{"href":"https:\/\/antcube.shop\/et\/wp-json\/wp\/v2\/product\/4142","targetHints":{"allow":["GET"]}}],"collection":[{"href":"https:\/\/antcube.shop\/et\/wp-json\/wp\/v2\/product"}],"about":[{"href":"https:\/\/antcube.shop\/et\/wp-json\/wp\/v2\/types\/product"}],"replies":[{"embeddable":true,"href":"https:\/\/antcube.shop\/et\/wp-json\/wp\/v2\/comments?post=4142"}],"wp:featuredmedia":[{"embeddable":true,"href":"https:\/\/antcube.shop\/et\/wp-json\/wp\/v2\/media\/4388"}],"wp:attachment":[{"href":"https:\/\/antcube.shop\/et\/wp-json\/wp\/v2\/media?parent=4142"}],"wp:term":[{"taxonomy":"product_brand","embeddable":true,"href":"https:\/\/antcube.shop\/et\/wp-json\/wp\/v2\/product_brand?post=4142"},{"taxonomy":"product_cat","embeddable":true,"href":"https:\/\/antcube.shop\/et\/wp-json\/wp\/v2\/product_cat?post=4142"},{"taxonomy":"product_tag","embeddable":true,"href":"https:\/\/antcube.shop\/et\/wp-json\/wp\/v2\/product_tag?post=4142"}],"curies":[{"name":"wp","href":"https:\/\/api.w.org\/{rel}","templated":true}]}}