{"id":4047,"date":"2021-11-30T15:12:53","date_gmt":"2021-11-30T14:12:53","guid":{"rendered":"https:\/\/antcube.shop\/produkt\/enamel-mug\/"},"modified":"2024-12-12T12:25:27","modified_gmt":"2024-12-12T11:25:27","slug":"email-mug","status":"publish","type":"product","link":"https:\/\/antcube.shop\/et\/toode\/email-mug\/","title":{"rendered":"Emaili kruus"},"content":{"rendered":"<p>Iga \u00f5nnelik matkaja vajab unikaalset matkaja kruusi. See on kerge, vastupidav ja multifunktsionaalne. Kasutage seda oma lemmikjoogi v\u00f5i kuuma s\u00f6\u00f6gi jaoks ning kinnitage see oma koti k\u00fclge, et seda oleks matkal lihtne kasutada.<\/p>\n<p>- Materjal: Email<br \/>\n- M\u00f5\u00f5tmed: k\u00f5rgus 3.14\u2033 (8 cm), l\u00e4bim\u00f5\u00f5t 3.25\u2033 (8.25 cm)<br \/>\n- H\u00f5bedase \u00e4\u00e4rega valge kate<br \/>\n- Ainult k\u00e4sipesu<br \/>\n- Hiinast p\u00e4rit t\u00fchi toode<\/p>\n<p><strong>T\u00e4helepanu! \u00c4rge kuumutage vedelikke v\u00f5i toitu otse kruusis - see v\u00f5ib katet kahjustada.<\/strong><\/p>","protected":false},"excerpt":{"rendered":"<p>Iga \u00f5nnelik matkaja vajab unikaalset matkaja kruusi. See on kerge, vastupidav ja multifunktsionaalne. Kasutage seda oma lemmikjoogi v\u00f5i kuuma s\u00f6\u00f6gi jaoks ning kinnitage see oma koti k\u00fclge, et seda oleks matkal lihtne kasutada. - Materjal: Email - M\u00f5\u00f5tmed: k\u00f5rgus 3.14\u2033 (8 cm), l\u00e4bim\u00f5\u00f5t 3.25\u2033(8.25 cm) - Valge kate h\u00f5bedase \u00e4\u00e4rega - [...]","protected":false},"featured_media":4048,"comment_status":"open","ping_status":"closed","template":"","meta":{"_acf_changed":false,"content-type":"","_monsterinsights_skip_tracking":false,"_monsterinsights_sitenote_active":false,"_monsterinsights_sitenote_note":"","_monsterinsights_sitenote_category":0},"product_brand":[],"product_cat":[245],"product_tag":[],"class_list":{"0":"post-4047","1":"product","2":"type-product","3":"status-publish","4":"has-post-thumbnail","6":"product_cat-merchandise","8":"first","9":"instock","10":"taxable","11":"shipping-taxable","12":"purchasable","13":"product-type-simple"},"acf":[],"aioseo_notices":[],"jetpack_sharing_enabled":true,"_links":{"self":[{"href":"https:\/\/antcube.shop\/et\/wp-json\/wp\/v2\/product\/4047","targetHints":{"allow":["GET"]}}],"collection":[{"href":"https:\/\/antcube.shop\/et\/wp-json\/wp\/v2\/product"}],"about":[{"href":"https:\/\/antcube.shop\/et\/wp-json\/wp\/v2\/types\/product"}],"replies":[{"embeddable":true,"href":"https:\/\/antcube.shop\/et\/wp-json\/wp\/v2\/comments?post=4047"}],"wp:featuredmedia":[{"embeddable":true,"href":"https:\/\/antcube.shop\/et\/wp-json\/wp\/v2\/media\/4048"}],"wp:attachment":[{"href":"https:\/\/antcube.shop\/et\/wp-json\/wp\/v2\/media?parent=4047"}],"wp:term":[{"taxonomy":"product_brand","embeddable":true,"href":"https:\/\/antcube.shop\/et\/wp-json\/wp\/v2\/product_brand?post=4047"},{"taxonomy":"product_cat","embeddable":true,"href":"https:\/\/antcube.shop\/et\/wp-json\/wp\/v2\/product_cat?post=4047"},{"taxonomy":"product_tag","embeddable":true,"href":"https:\/\/antcube.shop\/et\/wp-json\/wp\/v2\/product_tag?post=4047"}],"curies":[{"name":"wp","href":"https:\/\/api.w.org\/{rel}","templated":true}]}}