{"id":4002,"date":"2021-11-30T13:36:03","date_gmt":"2021-11-30T12:36:03","guid":{"rendered":"https:\/\/antcube.shop\/produkt\/cuffed-beanie\/"},"modified":"2024-12-12T12:25:36","modified_gmt":"2024-12-12T11:25:36","slug":"mansetiga-mutsike","status":"publish","type":"product","link":"https:\/\/antcube.shop\/et\/toode\/mansetiga-mutsike\/","title":{"rendered":"M\u00fctsikandiline m\u00fctsike"},"content":{"rendered":"<p>Mugav, vormikohane m\u00fcts. See ei ole mitte ainult suurep\u00e4rane peasooja, vaid ka p\u00f5hiline aksessuaar iga\u00fche garderoobis.<\/p>\n<p>- 100% Turbo akr\u00fc\u00fcl<br \/>\n- pikkus 30 cm (12\u2033)<br \/>\n- H\u00fcpoallergeenne<br \/>\n- Unisex stiil<br \/>\n- K\u00e4sitsi pestav<br \/>\n- Vietnamist v\u00f5i Bangladeshist p\u00e4rit t\u00fchi toode<\/p>","protected":false},"excerpt":{"rendered":"<p>Mugav, vormikohane m\u00fcts. See ei ole mitte ainult suurep\u00e4rane peasooja, vaid ka p\u00f5hiline aksessuaar iga\u00fche garderoobis. - 100% Turbo Akr\u00fc\u00fcl - 30 cm (12\u2033) pikkune - H\u00fcpoallergeenne - Unisex stiil - K\u00e4sipesu - T\u00fchi toode on p\u00e4rit Vietnamist v\u00f5i Bangladeshist.<\/p>","protected":false},"featured_media":4004,"comment_status":"open","ping_status":"closed","template":"","meta":{"_acf_changed":false,"content-type":"","_monsterinsights_skip_tracking":false,"_monsterinsights_sitenote_active":false,"_monsterinsights_sitenote_note":"","_monsterinsights_sitenote_category":0},"product_brand":[],"product_cat":[245],"product_tag":[],"class_list":{"0":"post-4002","1":"product","2":"type-product","3":"status-publish","4":"has-post-thumbnail","6":"product_cat-merchandise","8":"first","9":"instock","10":"taxable","11":"shipping-taxable","12":"purchasable","13":"product-type-simple"},"acf":[],"aioseo_notices":[],"jetpack_sharing_enabled":true,"_links":{"self":[{"href":"https:\/\/antcube.shop\/et\/wp-json\/wp\/v2\/product\/4002","targetHints":{"allow":["GET"]}}],"collection":[{"href":"https:\/\/antcube.shop\/et\/wp-json\/wp\/v2\/product"}],"about":[{"href":"https:\/\/antcube.shop\/et\/wp-json\/wp\/v2\/types\/product"}],"replies":[{"embeddable":true,"href":"https:\/\/antcube.shop\/et\/wp-json\/wp\/v2\/comments?post=4002"}],"wp:featuredmedia":[{"embeddable":true,"href":"https:\/\/antcube.shop\/et\/wp-json\/wp\/v2\/media\/4004"}],"wp:attachment":[{"href":"https:\/\/antcube.shop\/et\/wp-json\/wp\/v2\/media?parent=4002"}],"wp:term":[{"taxonomy":"product_brand","embeddable":true,"href":"https:\/\/antcube.shop\/et\/wp-json\/wp\/v2\/product_brand?post=4002"},{"taxonomy":"product_cat","embeddable":true,"href":"https:\/\/antcube.shop\/et\/wp-json\/wp\/v2\/product_cat?post=4002"},{"taxonomy":"product_tag","embeddable":true,"href":"https:\/\/antcube.shop\/et\/wp-json\/wp\/v2\/product_tag?post=4002"}],"curies":[{"name":"wp","href":"https:\/\/api.w.org\/{rel}","templated":true}]}}