{"id":3957,"date":"2021-11-30T13:32:38","date_gmt":"2021-11-30T12:32:38","guid":{"rendered":"https:\/\/antcube.shop\/produkt\/mens-high-top-canvas-shoes\/"},"modified":"2024-12-12T12:25:45","modified_gmt":"2024-12-12T11:25:45","slug":"meeste-korge-top-kanepist-jalatsid","status":"publish","type":"product","link":"https:\/\/antcube.shop\/et\/toode\/meeste-korge-top-kanepist-jalatsid\/","title":{"rendered":"Meeste k\u00f5rged l\u00f5uendkingad"},"content":{"rendered":"<p>T\u00f5sta oma jalan\u00f5ude m\u00e4ngu High Top Canvas Shoes'iga. Need k\u00e4sitsi valmistatud, trendikad kingad v\u00fcrtsitavad kindlasti teie riietust. Hankige oma kohe!<\/p>\n<p>- 100% pol\u00fcester, l\u00f5uendist \u00fclemine k\u00fclg<br \/>\n- Et\u00fcleen-vin\u00fc\u00fclatsetaat (EVA) kummist v\u00e4listallaga.<br \/>\n- Hingav vooder, pehme sisetald<br \/>\n- Kunstnahast varbakate<br \/>\n- Valged pitsid<br \/>\n- Polsterdatud krae, pitsiga eesmine osa<br \/>\n- Hiinast p\u00e4rit t\u00fchi toode<\/p>\n<p><strong>Oluline:<\/strong> See toode on saadaval j\u00e4rgmistes riikides: Ameerika \u00dchendriigid, Kanada, Austraalia, Uus-Meremaa ja Jaapan. Kui teie tarneaadress on v\u00e4ljaspool neid riike, valige palun teine toode.<\/p>\n<p><strong>Vastutusest loobumine:<\/strong> Karbi avamisel on kingadel liimilaadne l\u00f5hn. L\u00f5hn kaob paar p\u00e4eva p\u00e4rast kingade lahtipakkimist.<\/p>","protected":false},"excerpt":{"rendered":"<p>T\u00f5sta oma jalan\u00f5ude m\u00e4ngu High Top Canvas Shoes'iga. Need k\u00e4sitsi valmistatud, trendikad kingad v\u00fcrtsitavad kindlasti teie riietust. Hankige oma kohe! - 100% pol\u00fcestrist, kangaspoolne pealne - Et\u00fcleen-vin\u00fc\u00fclatsetaat (EVA) kummist v\u00e4listald - Hingav vooder, pehme sisetald - Kunstnahast varbakate - Valged pitsid - Pehmendusega krae, pitsitatav esiosa","protected":false},"featured_media":3975,"comment_status":"open","ping_status":"closed","template":"","meta":{"_acf_changed":false,"content-type":"","_monsterinsights_skip_tracking":false,"_monsterinsights_sitenote_active":false,"_monsterinsights_sitenote_note":"","_monsterinsights_sitenote_category":0},"product_brand":[],"product_cat":[245],"product_tag":[],"class_list":{"0":"post-3957","1":"product","2":"type-product","3":"status-publish","4":"has-post-thumbnail","6":"product_cat-merchandise","8":"first","9":"instock","10":"taxable","11":"shipping-taxable","12":"purchasable","13":"product-type-variable"},"acf":[],"aioseo_notices":[],"jetpack_sharing_enabled":true,"_links":{"self":[{"href":"https:\/\/antcube.shop\/et\/wp-json\/wp\/v2\/product\/3957","targetHints":{"allow":["GET"]}}],"collection":[{"href":"https:\/\/antcube.shop\/et\/wp-json\/wp\/v2\/product"}],"about":[{"href":"https:\/\/antcube.shop\/et\/wp-json\/wp\/v2\/types\/product"}],"replies":[{"embeddable":true,"href":"https:\/\/antcube.shop\/et\/wp-json\/wp\/v2\/comments?post=3957"}],"wp:featuredmedia":[{"embeddable":true,"href":"https:\/\/antcube.shop\/et\/wp-json\/wp\/v2\/media\/3975"}],"wp:attachment":[{"href":"https:\/\/antcube.shop\/et\/wp-json\/wp\/v2\/media?parent=3957"}],"wp:term":[{"taxonomy":"product_brand","embeddable":true,"href":"https:\/\/antcube.shop\/et\/wp-json\/wp\/v2\/product_brand?post=3957"},{"taxonomy":"product_cat","embeddable":true,"href":"https:\/\/antcube.shop\/et\/wp-json\/wp\/v2\/product_cat?post=3957"},{"taxonomy":"product_tag","embeddable":true,"href":"https:\/\/antcube.shop\/et\/wp-json\/wp\/v2\/product_tag?post=3957"}],"curies":[{"name":"wp","href":"https:\/\/api.w.org\/{rel}","templated":true}]}}