{"id":3876,"date":"2021-11-23T18:19:18","date_gmt":"2021-11-23T17:19:18","guid":{"rendered":"https:\/\/antcube.shop\/produkt\/ameisen-spiralturm-m-30\/"},"modified":"2026-04-05T17:10:19","modified_gmt":"2026-04-05T15:10:19","slug":"ameisen-spiralturm-m-30","status":"publish","type":"product","link":"https:\/\/antcube.shop\/et\/toode\/ameisen-spiralturm-m-30\/","title":{"rendered":"Sipelgate spiraaltorn M - 30"},"content":{"rendered":"<div><strong>M\u00f5\u00f5tmed<\/strong>: 19x19x30cm; <strong>M<\/strong> voolikule 14\/10 mm<\/div>\n<div><\/div>\n<div><strong>Materjal<\/strong>: PMMA, PVC<\/div>\n<div><\/div>\n<div><strong>V\u00e4rv<\/strong>: kristallselge, l\u00e4bipaistev, l\u00e4bipaistev<\/div>\n<div><\/div>\n<div><strong>Sisu:<\/strong><\/div>\n<div>2x p\u00f5hi \/ katteplaat<\/div>\n<div>2x vooliku juurdep\u00e4\u00e4s 14\/10 mm voolikule<\/div>\n<div>4x voolikukolonn 14\/10 mm voolikule<\/div>\n<div>10x kinnitusn\u00f5el<\/div>\n<div>7m voolik 14\/10mm<\/div>\n<div><strong>M\u00e4rkus:<\/strong> Osad tarnitakse komplektina v\u00f5i pistikus\u00fcsteemina. Liimimine ei ole vajalik.<\/div>\n<div><\/div>\n<div><strong>\u00dchendus:<\/strong><\/div>\n<div>2x voolik 14\/10 mm<\/div>\n<div><\/div>\n<div><strong>Kirjeldus:<\/strong> Sipelgate spiraaltorni kasutatakse, et \u00fcletada k\u00f5rgust areenilt sipelgafarmile ja lisaks pakub loomadele palju jalutusk\u00e4iku kompaktses ruumis. T\u00e4iendav jalutuskaugus simuleerib radu, mida sipelgad peavad looduses l\u00e4bima oma toiduallikate juurde, ning v\u00f5ib avaldada positiivset m\u00f5ju sipelgakoloonia arengule ja k\u00e4itumisele.<\/div>\n<div><\/div>\n<div><strong>Taotlus<\/strong>: sipelgafarmide suurus <strong>M<\/strong><\/div>","protected":false},"excerpt":{"rendered":"<p>\u00dchendus: voolik 14\/10 mm<br \/>\nSuurus <strong>M<\/strong><\/p>","protected":false},"featured_media":3881,"comment_status":"open","ping_status":"closed","template":"","meta":{"_acf_changed":false,"content-type":"","_monsterinsights_skip_tracking":false,"_monsterinsights_sitenote_active":false,"_monsterinsights_sitenote_note":"","_monsterinsights_sitenote_category":0},"product_brand":[],"product_cat":[119,256],"product_tag":[],"class_list":{"0":"post-3876","1":"product","2":"type-product","3":"status-publish","4":"has-post-thumbnail","6":"product_cat-formicarium-components","7":"product_cat-spiral-tower","9":"first","10":"instock","11":"taxable","12":"shipping-taxable","13":"purchasable","14":"product-type-simple"},"acf":[],"aioseo_notices":[],"jetpack_sharing_enabled":true,"_links":{"self":[{"href":"https:\/\/antcube.shop\/et\/wp-json\/wp\/v2\/product\/3876","targetHints":{"allow":["GET"]}}],"collection":[{"href":"https:\/\/antcube.shop\/et\/wp-json\/wp\/v2\/product"}],"about":[{"href":"https:\/\/antcube.shop\/et\/wp-json\/wp\/v2\/types\/product"}],"replies":[{"embeddable":true,"href":"https:\/\/antcube.shop\/et\/wp-json\/wp\/v2\/comments?post=3876"}],"wp:featuredmedia":[{"embeddable":true,"href":"https:\/\/antcube.shop\/et\/wp-json\/wp\/v2\/media\/3881"}],"wp:attachment":[{"href":"https:\/\/antcube.shop\/et\/wp-json\/wp\/v2\/media?parent=3876"}],"wp:term":[{"taxonomy":"product_brand","embeddable":true,"href":"https:\/\/antcube.shop\/et\/wp-json\/wp\/v2\/product_brand?post=3876"},{"taxonomy":"product_cat","embeddable":true,"href":"https:\/\/antcube.shop\/et\/wp-json\/wp\/v2\/product_cat?post=3876"},{"taxonomy":"product_tag","embeddable":true,"href":"https:\/\/antcube.shop\/et\/wp-json\/wp\/v2\/product_tag?post=3876"}],"curies":[{"name":"wp","href":"https:\/\/api.w.org\/{rel}","templated":true}]}}