{"id":3875,"date":"2021-11-23T18:19:09","date_gmt":"2021-11-23T17:19:09","guid":{"rendered":"https:\/\/antcube.shop\/produkt\/ameisen-spiralturm-s-30\/"},"modified":"2026-03-26T09:29:21","modified_gmt":"2026-03-26T08:29:21","slug":"ameisen-spiralturm-s-30","status":"publish","type":"product","link":"https:\/\/antcube.shop\/et\/toode\/ameisen-spiralturm-s-30\/","title":{"rendered":"Spiraaltorn S - 30"},"content":{"rendered":"<div><strong>M\u00f5\u00f5tmed<\/strong>: 19x19x30cm; <strong>S<\/strong> voolikule 10\/06 mm<\/div>\n<div><\/div>\n<div><strong>Materjal<\/strong>: PMMA, PVC<\/div>\n<div><\/div>\n<div><strong>V\u00e4rv<\/strong>: kristallselge, l\u00e4bipaistev, l\u00e4bipaistev<\/div>\n<div><\/div>\n<div><strong>Sisu<\/strong>:<\/div>\n<div>2x p\u00f5hi \/ katteplaat<\/div>\n<div>2x vooliku juurdep\u00e4\u00e4s 10\/06 mm voolikule<\/div>\n<div>4x voolikukolonn 10\/06 mm voolikule<\/div>\n<div>10x kinnitusn\u00f5el<\/div>\n<div>7m voolik 10\/06mm<\/div>\n<div><strong>M\u00e4rkus<\/strong>: Osad tarnitakse komplektina v\u00f5i pistikus\u00fcsteemina. Liimimine ei ole vajalik.<\/div>\n<div><\/div>\n<div><strong>\u00dchendus<\/strong>:<\/div>\n<div>2x voolik 10\/06 mm<\/div>\n<div><\/div>\n<div><strong>Kirjeldus<\/strong>: Sipelgate spiraaltorni kasutatakse selleks, et \u00fcletada k\u00f5rgust areenilt sipelgafarmi ja lisaks pakub loomadele palju jalutusk\u00e4iku kompaktses ruumis. T\u00e4iendav jalutuskaugus simuleerib radu, mida sipelgad peavad looduses l\u00e4bima oma toiduallikate juurde, ning v\u00f5ib avaldada positiivset m\u00f5ju sipelgakoloonia arengule ja k\u00e4itumisele.<\/div>\n<div><\/div>\n<div><strong>Taotlus<\/strong>: sipelgafarmide suurus <strong>S<\/strong><\/div>","protected":false},"excerpt":{"rendered":"<p>\u00dchendus: voolik 10\/06 mm<br \/>\nSuurus <strong>S<\/strong><\/p>","protected":false},"featured_media":3883,"comment_status":"open","ping_status":"closed","template":"","meta":{"_acf_changed":false,"content-type":"","_monsterinsights_skip_tracking":false,"_monsterinsights_sitenote_active":false,"_monsterinsights_sitenote_note":"","_monsterinsights_sitenote_category":0},"product_brand":[],"product_cat":[119,256],"product_tag":[],"class_list":{"0":"post-3875","1":"product","2":"type-product","3":"status-publish","4":"has-post-thumbnail","6":"product_cat-formicarium-components","7":"product_cat-spiral-tower","9":"first","10":"instock","11":"taxable","12":"shipping-taxable","13":"purchasable","14":"product-type-simple"},"acf":[],"aioseo_notices":[],"jetpack_sharing_enabled":true,"_links":{"self":[{"href":"https:\/\/antcube.shop\/et\/wp-json\/wp\/v2\/product\/3875","targetHints":{"allow":["GET"]}}],"collection":[{"href":"https:\/\/antcube.shop\/et\/wp-json\/wp\/v2\/product"}],"about":[{"href":"https:\/\/antcube.shop\/et\/wp-json\/wp\/v2\/types\/product"}],"replies":[{"embeddable":true,"href":"https:\/\/antcube.shop\/et\/wp-json\/wp\/v2\/comments?post=3875"}],"wp:featuredmedia":[{"embeddable":true,"href":"https:\/\/antcube.shop\/et\/wp-json\/wp\/v2\/media\/3883"}],"wp:attachment":[{"href":"https:\/\/antcube.shop\/et\/wp-json\/wp\/v2\/media?parent=3875"}],"wp:term":[{"taxonomy":"product_brand","embeddable":true,"href":"https:\/\/antcube.shop\/et\/wp-json\/wp\/v2\/product_brand?post=3875"},{"taxonomy":"product_cat","embeddable":true,"href":"https:\/\/antcube.shop\/et\/wp-json\/wp\/v2\/product_cat?post=3875"},{"taxonomy":"product_tag","embeddable":true,"href":"https:\/\/antcube.shop\/et\/wp-json\/wp\/v2\/product_tag?post=3875"}],"curies":[{"name":"wp","href":"https:\/\/api.w.org\/{rel}","templated":true}]}}