{"id":3625,"date":"2021-11-19T12:53:34","date_gmt":"2021-11-19T11:53:34","guid":{"rendered":"https:\/\/antcube.shop\/produkt\/snapback-hat\/"},"modified":"2024-12-12T12:26:44","modified_gmt":"2024-12-12T11:26:44","slug":"snapback-muts","status":"publish","type":"product","link":"https:\/\/antcube.shop\/et\/toode\/snapback-muts\/","title":{"rendered":"Snapback m\u00fcts"},"content":{"rendered":"<p>See m\u00fcts on klassikalise istuvusega, lame liistuga ja t\u00e4issulaga. Reguleeritav n\u00f6\u00f6pkinnitus teeb m\u00fctsi mugavaks, \u00fche suurusega m\u00fctsiks.<\/p>\n<p>- 80% akr\u00fc\u00fcl, 20% villa<br \/>\n- Roheline Camo on 60% puuvill, 40% pol\u00fcester.<br \/>\n- Struktureeritud, 6-paneeliline, k\u00f5rge profiiliga<br \/>\n- 6 tikitud aasad<br \/>\n- Plastikust sulgur<br \/>\n- Roheline allj\u00e4rgnevus<br \/>\n- Pea \u00fcmberm\u00f5\u00f5t: 21\u215d\u2033-23\u215d\u2033 (54,9 cm-60 cm)<br \/>\n- Vietnamist v\u00f5i Bangladeshist p\u00e4rit t\u00fchi toode<\/p>\n<p>&nbsp;<\/p>\n<p>Kategooria Kaubad toodete tarnimise ja tootmisega tegeleb meie partner PRINTFUL. Tellides \u00fche neist toodetest, n\u00f5ustute PRINTFULi tingimustega, privaatsuspoliitikaga ja tagasisaatmispoliitikaga.<\/p>\n<p><a href=\"https:\/\/www.printful.com\/policies\/terms-of-service\">PRINTFULi kasutustingimused leiate siit.<\/a><\/p>\n<p><a href=\"https:\/\/www.printful.com\/policies\/returns\">PRINTFULi tagastuspoliitikat leiate siit.<\/a><\/p>\n<p><a href=\"https:\/\/www.printful.com\/policies\/privacy\">PRINTFULi privaatsuspoliitikat leiate siit.<\/a><\/p>","protected":false},"excerpt":{"rendered":"<p>See m\u00fcts on klassikalise istuvusega, lame liistuga ja t\u00e4issulaga. Reguleeritav n\u00f6\u00f6pkinnitus teeb m\u00fctsi mugavaks, \u00fche suurusega m\u00fctsiks. - 80% akr\u00fc\u00fcl, 20% vill - Roheline Camo on 60% puuvill, 40% pol\u00fcester - Struktureeritud, 6-paneeliline, k\u00f5rge profiiliga - 6 tikitud silmust - Plastikust sulgur - Roheline alumisviimistlus - Pea \u00fcmberm\u00f5\u00f5t: 21\u215d\u2033-23\u215d\u2033.","protected":false},"featured_media":3627,"comment_status":"open","ping_status":"closed","template":"","meta":{"_acf_changed":false,"content-type":"","_monsterinsights_skip_tracking":false,"_monsterinsights_sitenote_active":false,"_monsterinsights_sitenote_note":"","_monsterinsights_sitenote_category":0},"product_brand":[],"product_cat":[245],"product_tag":[],"class_list":{"0":"post-3625","1":"product","2":"type-product","3":"status-publish","4":"has-post-thumbnail","6":"product_cat-merchandise","8":"first","9":"instock","10":"taxable","11":"shipping-taxable","12":"purchasable","13":"product-type-simple"},"acf":[],"aioseo_notices":[],"jetpack_sharing_enabled":true,"_links":{"self":[{"href":"https:\/\/antcube.shop\/et\/wp-json\/wp\/v2\/product\/3625","targetHints":{"allow":["GET"]}}],"collection":[{"href":"https:\/\/antcube.shop\/et\/wp-json\/wp\/v2\/product"}],"about":[{"href":"https:\/\/antcube.shop\/et\/wp-json\/wp\/v2\/types\/product"}],"replies":[{"embeddable":true,"href":"https:\/\/antcube.shop\/et\/wp-json\/wp\/v2\/comments?post=3625"}],"wp:featuredmedia":[{"embeddable":true,"href":"https:\/\/antcube.shop\/et\/wp-json\/wp\/v2\/media\/3627"}],"wp:attachment":[{"href":"https:\/\/antcube.shop\/et\/wp-json\/wp\/v2\/media?parent=3625"}],"wp:term":[{"taxonomy":"product_brand","embeddable":true,"href":"https:\/\/antcube.shop\/et\/wp-json\/wp\/v2\/product_brand?post=3625"},{"taxonomy":"product_cat","embeddable":true,"href":"https:\/\/antcube.shop\/et\/wp-json\/wp\/v2\/product_cat?post=3625"},{"taxonomy":"product_tag","embeddable":true,"href":"https:\/\/antcube.shop\/et\/wp-json\/wp\/v2\/product_tag?post=3625"}],"curies":[{"name":"wp","href":"https:\/\/api.w.org\/{rel}","templated":true}]}}