{"id":3611,"date":"2021-11-19T12:49:31","date_gmt":"2021-11-19T11:49:31","guid":{"rendered":"https:\/\/antcube.shop\/produkt\/dad-hat\/"},"modified":"2024-12-12T12:26:53","modified_gmt":"2024-12-12T11:26:53","slug":"isa-muts","status":"publish","type":"product","link":"https:\/\/antcube.shop\/et\/toode\/isa-muts\/","title":{"rendered":"Isa m\u00fcts"},"content":{"rendered":"<p>Isam\u00fctsid ei ole ainult isadele. Sellel on madal profiil, reguleeritav rihm ja kumer visiir.<\/p>\n<p>- 100% chino puuvillane twill<br \/>- Roheline Camo v\u00e4rv on 35% chino puuvillane twill, 65% pol\u00fcester.<br \/>- Struktureerimata, 6-paneeliline, madala profiiliga<br \/>- 6 tikitud aasad<br \/>- 3 \u215b\" (7,6 cm) krooni.<br \/>- Reguleeritav rihm antiiksete lukkudega<br \/>- Vietnamist v\u00f5i Bangladeshist p\u00e4rit t\u00fchi toode<\/p>\n<p>\u00a0<\/p>\n<p>Kategooria Kaubad toodete tarnimise ja tootmisega tegeleb meie partner PRINTFUL. Tellides \u00fche neist toodetest, n\u00f5ustute PRINTFULi tingimustega, privaatsuspoliitikaga ja tagasisaatmispoliitikaga.\u00a0<\/p>\n<p><a href=\"https:\/\/www.printful.com\/policies\/terms-of-service\">PRINTFULi kasutustingimused leiate siit.<\/a><\/p>\n<p><a href=\"https:\/\/www.printful.com\/policies\/returns\">PRINTFULi tagastuspoliitikat leiate siit.<\/a><\/p>\n<p><a href=\"https:\/\/www.printful.com\/policies\/privacy\">PRINTFULi privaatsuspoliitikat leiate siit.<\/a><\/p>","protected":false},"excerpt":{"rendered":"<p>Isam\u00fctsid ei ole ainult isadele. Sellel on madal profiil, reguleeritav rihm ja kumer visiir. - 100% chino puuvillane twill- Roheline Camo v\u00e4rv on 35% chino puuvillane twill, 65% pol\u00fcester- Struktureerimata, 6-paneeliline, madala profiiliga- 6 tikitud silmust- 3 \u215b\" (7,6 cm) kroon- Reguleeritav rihm antiiks\u00f5lgega- T\u00fchi toode on p\u00e4rit Vietnamist- Reguleeritav rihm.","protected":false},"featured_media":3613,"comment_status":"open","ping_status":"closed","template":"","meta":{"_acf_changed":false,"content-type":"","_monsterinsights_skip_tracking":false,"_monsterinsights_sitenote_active":false,"_monsterinsights_sitenote_note":"","_monsterinsights_sitenote_category":0},"product_brand":[],"product_cat":[245],"product_tag":[],"class_list":{"0":"post-3611","1":"product","2":"type-product","3":"status-publish","4":"has-post-thumbnail","6":"product_cat-merchandise","8":"first","9":"instock","10":"taxable","11":"shipping-taxable","12":"purchasable","13":"product-type-simple"},"acf":[],"aioseo_notices":[],"jetpack_sharing_enabled":true,"_links":{"self":[{"href":"https:\/\/antcube.shop\/et\/wp-json\/wp\/v2\/product\/3611","targetHints":{"allow":["GET"]}}],"collection":[{"href":"https:\/\/antcube.shop\/et\/wp-json\/wp\/v2\/product"}],"about":[{"href":"https:\/\/antcube.shop\/et\/wp-json\/wp\/v2\/types\/product"}],"replies":[{"embeddable":true,"href":"https:\/\/antcube.shop\/et\/wp-json\/wp\/v2\/comments?post=3611"}],"wp:featuredmedia":[{"embeddable":true,"href":"https:\/\/antcube.shop\/et\/wp-json\/wp\/v2\/media\/3613"}],"wp:attachment":[{"href":"https:\/\/antcube.shop\/et\/wp-json\/wp\/v2\/media?parent=3611"}],"wp:term":[{"taxonomy":"product_brand","embeddable":true,"href":"https:\/\/antcube.shop\/et\/wp-json\/wp\/v2\/product_brand?post=3611"},{"taxonomy":"product_cat","embeddable":true,"href":"https:\/\/antcube.shop\/et\/wp-json\/wp\/v2\/product_cat?post=3611"},{"taxonomy":"product_tag","embeddable":true,"href":"https:\/\/antcube.shop\/et\/wp-json\/wp\/v2\/product_tag?post=3611"}],"curies":[{"name":"wp","href":"https:\/\/api.w.org\/{rel}","templated":true}]}}