{"id":3599,"date":"2021-11-19T12:47:56","date_gmt":"2021-11-19T11:47:56","guid":{"rendered":"https:\/\/antcube.shop\/produkt\/premium-eco-hoodie\/"},"modified":"2024-12-12T12:27:02","modified_gmt":"2024-12-12T11:27:02","slug":"premium-eco-hoodie","status":"publish","type":"product","link":"https:\/\/antcube.shop\/et\/toode\/premium-eco-hoodie\/","title":{"rendered":"Premium \u00f6ko kapuuts"},"content":{"rendered":"<p>Tutvuge \u00f6koloogilise kapuutsiga, mis on valmistatud orgaanilistest ja ringlussev\u00f5etud materjalidest. Mugava istuvuse, esitasku ja kahekihilise kapuutsiga kapuuts on klassikaline t\u00e4navariietus, mida saab kombineerida mitme erineva v\u00e4limusega.<\/p>\n<p>- 85% orgaaniline puuvill, 15% ringlussev\u00f5etud pol\u00fcester.<br \/>\n- Ribid: 97% orgaaniline puuvill, 3% elastaan.<br \/>\n- Harjatud fliisist kangas seestpoolt<br \/>\n- Mugav unisex sobivus<br \/>\n- Kahekihiline kapuuts<br \/>\n- Metallist aasadega lamedad n\u00f6\u00f6rid, mis tagavad esmaklassilise tunde.<br \/>\n- K\u00e4nguru tasku<br \/>\n- Sisemine\/v\u00e4line sildiplaaster br\u00e4ndingu jaoks<br \/>\n- Hoolduse silt, mis on eemaldatav<\/p>\n<p>&nbsp;<\/p>\n<p>Kategooria Kaubad toodete tarnimise ja tootmisega tegeleb meie partner PRINTFUL. Tellides \u00fche neist toodetest, n\u00f5ustute PRINTFULi tingimustega, privaatsuspoliitikaga ja tagasisaatmispoliitikaga.<\/p>\n<p><a href=\"https:\/\/www.printful.com\/policies\/terms-of-service\">PRINTFULi kasutustingimused leiate siit.<\/a><\/p>\n<p><a href=\"https:\/\/www.printful.com\/policies\/returns\">PRINTFULi tagastuspoliitikat leiate siit.<\/a><\/p>\n<p><a href=\"https:\/\/www.printful.com\/policies\/privacy\">PRINTFULi privaatsuspoliitikat leiate siit.<\/a><\/p>","protected":false},"excerpt":{"rendered":"<p>Tutvuge \u00f6koloogilise kapuutsiga, mis on valmistatud orgaanilistest ja ringlussev\u00f5etud materjalidest. Mugava istuvuse, esitasku ja kahekihilise kapuutsiga kapuuts on klassikaline t\u00e4navariietus, mida saab kombineerida mitme erineva v\u00e4limusega. - 85% orgaaniline puuvill, 15% ringlussev\u00f5etud pol\u00fcester - paelad: 97% orgaaniline puuvill, 3% elastaan - harjatud fliisriie seestpoolt.","protected":false},"featured_media":3607,"comment_status":"open","ping_status":"closed","template":"","meta":{"_acf_changed":false,"content-type":"","_monsterinsights_skip_tracking":false,"_monsterinsights_sitenote_active":false,"_monsterinsights_sitenote_note":"","_monsterinsights_sitenote_category":0},"product_brand":[],"product_cat":[245],"product_tag":[],"class_list":{"0":"post-3599","1":"product","2":"type-product","3":"status-publish","4":"has-post-thumbnail","6":"product_cat-merchandise","8":"first","9":"instock","10":"taxable","11":"shipping-taxable","12":"purchasable","13":"product-type-variable"},"acf":[],"aioseo_notices":[],"jetpack_sharing_enabled":true,"_links":{"self":[{"href":"https:\/\/antcube.shop\/et\/wp-json\/wp\/v2\/product\/3599","targetHints":{"allow":["GET"]}}],"collection":[{"href":"https:\/\/antcube.shop\/et\/wp-json\/wp\/v2\/product"}],"about":[{"href":"https:\/\/antcube.shop\/et\/wp-json\/wp\/v2\/types\/product"}],"replies":[{"embeddable":true,"href":"https:\/\/antcube.shop\/et\/wp-json\/wp\/v2\/comments?post=3599"}],"wp:featuredmedia":[{"embeddable":true,"href":"https:\/\/antcube.shop\/et\/wp-json\/wp\/v2\/media\/3607"}],"wp:attachment":[{"href":"https:\/\/antcube.shop\/et\/wp-json\/wp\/v2\/media?parent=3599"}],"wp:term":[{"taxonomy":"product_brand","embeddable":true,"href":"https:\/\/antcube.shop\/et\/wp-json\/wp\/v2\/product_brand?post=3599"},{"taxonomy":"product_cat","embeddable":true,"href":"https:\/\/antcube.shop\/et\/wp-json\/wp\/v2\/product_cat?post=3599"},{"taxonomy":"product_tag","embeddable":true,"href":"https:\/\/antcube.shop\/et\/wp-json\/wp\/v2\/product_tag?post=3599"}],"curies":[{"name":"wp","href":"https:\/\/api.w.org\/{rel}","templated":true}]}}