{"id":3575,"date":"2021-11-19T12:45:26","date_gmt":"2021-11-19T11:45:26","guid":{"rendered":"https:\/\/antcube.shop\/produkt\/unisex-organic-cotton-t-shirt\/"},"modified":"2024-12-12T12:27:10","modified_gmt":"2024-12-12T11:27:10","slug":"unisex-organic-cotton-t-sark","status":"publish","type":"product","link":"https:\/\/antcube.shop\/et\/toode\/unisex-organic-cotton-t-sark\/","title":{"rendered":"Unisex orgaanilisest puuvillast t-s\u00e4rk"},"content":{"rendered":"<p>100% orgaanilisest ringkeermestatud puuvillast valmistatud unisex t-s\u00e4rk on t\u00e4iesti kohustuslik. See on kvaliteetne, v\u00e4ga mugav ja mis k\u00f5ige parem - keskkonnas\u00f5bralik.<\/p>\n<p>- 100% orgaaniline r\u00f5ngaspunane puuvill<br \/>\n- Kanga kaal: 5,3 oz\/yd\u00b2 (180 g\/m\u00b2)<br \/>\n- \u00dcksik trikotaa\u017e<br \/>\n- Keskmine sobivus<br \/>\n- Sisseehitatud varrukad<br \/>\n- 1 \u00d7 1 ribi krae juures<br \/>\n- Lai topelt\u00f5mblus varrukatel ja alumistel servadel.<br \/>\n- Isekootud kaelalint (sisek\u00fcljel, kaela tagak\u00fcljel)<br \/>\n- Hiinast v\u00f5i Bangladeshist p\u00e4rit t\u00fchi toode<\/p>\n<p>&nbsp;<\/p>\n<p>Kategooria Kaubad toodete tarnimise ja tootmisega tegeleb meie partner PRINTFUL. Tellides \u00fche neist toodetest, n\u00f5ustute PRINTFULi tingimustega, privaatsuspoliitikaga ja tagasisaatmispoliitikaga.<\/p>\n<p><a href=\"https:\/\/www.printful.com\/policies\/terms-of-service\">PRINTFULi kasutustingimused leiate siit.<\/a><\/p>\n<p><a href=\"https:\/\/www.printful.com\/policies\/returns\">PRINTFULi tagastuspoliitikat leiate siit.<\/a><\/p>\n<p><a href=\"https:\/\/www.printful.com\/policies\/privacy\">PRINTFULi privaatsuspoliitikat leiate siit.<\/a><\/p>","protected":false},"excerpt":{"rendered":"<p>100% orgaanilisest ringkeermestatud puuvillast valmistatud unisex t-s\u00e4rk on t\u00e4iesti kohustuslik. See on kvaliteetne, v\u00e4ga mugav ja mis k\u00f5ige parem - keskkonnas\u00f5bralik. - 100% orgaaniline r\u00f5ngaspunane puuvill - Kanga kaal: 5,3 oz\/yd\u00b2 (180 g\/m\u00b2) - Single jersey - Keskmine istuvus - Sissekantud varrukad - 1 \u00d7 1 soonik krae juures - Lai top-\u00f5mblus top-needliga \u00fclevalt.","protected":false},"featured_media":3582,"comment_status":"open","ping_status":"closed","template":"","meta":{"_acf_changed":false,"content-type":"","_monsterinsights_skip_tracking":false,"_monsterinsights_sitenote_active":false,"_monsterinsights_sitenote_note":"","_monsterinsights_sitenote_category":0},"product_brand":[],"product_cat":[245],"product_tag":[],"class_list":{"0":"post-3575","1":"product","2":"type-product","3":"status-publish","4":"has-post-thumbnail","6":"product_cat-merchandise","8":"first","9":"instock","10":"taxable","11":"shipping-taxable","12":"purchasable","13":"product-type-variable"},"acf":[],"aioseo_notices":[],"jetpack_sharing_enabled":true,"_links":{"self":[{"href":"https:\/\/antcube.shop\/et\/wp-json\/wp\/v2\/product\/3575","targetHints":{"allow":["GET"]}}],"collection":[{"href":"https:\/\/antcube.shop\/et\/wp-json\/wp\/v2\/product"}],"about":[{"href":"https:\/\/antcube.shop\/et\/wp-json\/wp\/v2\/types\/product"}],"replies":[{"embeddable":true,"href":"https:\/\/antcube.shop\/et\/wp-json\/wp\/v2\/comments?post=3575"}],"wp:featuredmedia":[{"embeddable":true,"href":"https:\/\/antcube.shop\/et\/wp-json\/wp\/v2\/media\/3582"}],"wp:attachment":[{"href":"https:\/\/antcube.shop\/et\/wp-json\/wp\/v2\/media?parent=3575"}],"wp:term":[{"taxonomy":"product_brand","embeddable":true,"href":"https:\/\/antcube.shop\/et\/wp-json\/wp\/v2\/product_brand?post=3575"},{"taxonomy":"product_cat","embeddable":true,"href":"https:\/\/antcube.shop\/et\/wp-json\/wp\/v2\/product_cat?post=3575"},{"taxonomy":"product_tag","embeddable":true,"href":"https:\/\/antcube.shop\/et\/wp-json\/wp\/v2\/product_tag?post=3575"}],"curies":[{"name":"wp","href":"https:\/\/api.w.org\/{rel}","templated":true}]}}