{"id":3566,"date":"2021-11-19T12:43:48","date_gmt":"2021-11-19T11:43:48","guid":{"rendered":"https:\/\/antcube.shop\/produkt\/youth-short-sleeve-t-shirt\/"},"modified":"2024-12-12T12:27:18","modified_gmt":"2024-12-12T11:27:18","slug":"noorte-luhikeste-varrukatega-sark","status":"publish","type":"product","link":"https:\/\/antcube.shop\/et\/toode\/noorte-luhikeste-varrukatega-sark\/","title":{"rendered":"Noorte l\u00fchikeste varrukatega T-s\u00e4rk"},"content":{"rendered":"<p>See on tee, mida sa oled otsinud, ja sellest saab kindlasti iga noore riietusriietuse lemmik. See on kerge, pehme ja ainulaadse disainiga.<\/p>\n<p>- 100% kammitud ja r\u00f5ngaspunane puuvillane riie<br \/>\n- Heather v\u00e4rvid on 52% kammitud ja r\u00f5ngaspunane puuvill, 48% pol\u00fcester.<br \/>\n- Athletic Heather on 90% kammitud ja r\u00f5ngaspunane puuvill, 10% pol\u00fcester.<br \/>\n- Kanga kaal: 4,2 oz\/yd\u00b2 (142 g\/m2)<br \/>\n- Eelnevalt kokkut\u00f5mmatud kangas<br \/>\n- 32 \u00fcksikm\u00e4ngu<br \/>\n- L\u00f5dvestunud unisex sobivus<br \/>\n- K\u00fclg\u00f5mmeldud konstruktsioon<br \/>\n- Nicaraguast, USAst v\u00f5i Hondurasest p\u00e4rit t\u00fchi toode.<\/p>\n<p>&nbsp;<\/p>\n<p>Kategooria Kaubad toodete tarnimise ja tootmisega tegeleb meie partner PRINTFUL. Tellides \u00fche neist toodetest, n\u00f5ustute PRINTFULi tingimustega, privaatsuspoliitikaga ja tagasisaatmispoliitikaga.<\/p>\n<p><a href=\"https:\/\/www.printful.com\/policies\/terms-of-service\">PRINTFULi kasutustingimused leiate siit.<\/a><\/p>\n<p><a href=\"https:\/\/www.printful.com\/policies\/returns\">PRINTFULi tagastuspoliitikat leiate siit.<\/a><\/p>\n<p><a href=\"https:\/\/www.printful.com\/policies\/privacy\">PRINTFULi privaatsuspoliitikat leiate siit.<\/a><\/p>","protected":false},"excerpt":{"rendered":"<p>This is the tee that you&#8217;ve been looking for, and it&#8217;s bound to become a favorite in any youngster&#8217;s wardrobe. It&#8217;s light, soft, and comes with a unique design. \u2022 100% combed and ring-spun cotton \u2022 Heather colors are 52% combed and ring-spun cotton, 48% polyester \u2022 Athletic Heather is 90% combed and ring-spun cotton, [&#8230;]","protected":false},"featured_media":3573,"comment_status":"open","ping_status":"closed","template":"","meta":{"_acf_changed":false,"content-type":"","_monsterinsights_skip_tracking":false,"_monsterinsights_sitenote_active":false,"_monsterinsights_sitenote_note":"","_monsterinsights_sitenote_category":0},"product_brand":[],"product_cat":[245],"product_tag":[],"class_list":{"0":"post-3566","1":"product","2":"type-product","3":"status-publish","4":"has-post-thumbnail","6":"product_cat-merchandise","8":"first","9":"instock","10":"taxable","11":"shipping-taxable","12":"purchasable","13":"product-type-variable"},"acf":[],"aioseo_notices":[],"jetpack_sharing_enabled":true,"_links":{"self":[{"href":"https:\/\/antcube.shop\/et\/wp-json\/wp\/v2\/product\/3566","targetHints":{"allow":["GET"]}}],"collection":[{"href":"https:\/\/antcube.shop\/et\/wp-json\/wp\/v2\/product"}],"about":[{"href":"https:\/\/antcube.shop\/et\/wp-json\/wp\/v2\/types\/product"}],"replies":[{"embeddable":true,"href":"https:\/\/antcube.shop\/et\/wp-json\/wp\/v2\/comments?post=3566"}],"wp:featuredmedia":[{"embeddable":true,"href":"https:\/\/antcube.shop\/et\/wp-json\/wp\/v2\/media\/3573"}],"wp:attachment":[{"href":"https:\/\/antcube.shop\/et\/wp-json\/wp\/v2\/media?parent=3566"}],"wp:term":[{"taxonomy":"product_brand","embeddable":true,"href":"https:\/\/antcube.shop\/et\/wp-json\/wp\/v2\/product_brand?post=3566"},{"taxonomy":"product_cat","embeddable":true,"href":"https:\/\/antcube.shop\/et\/wp-json\/wp\/v2\/product_cat?post=3566"},{"taxonomy":"product_tag","embeddable":true,"href":"https:\/\/antcube.shop\/et\/wp-json\/wp\/v2\/product_tag?post=3566"}],"curies":[{"name":"wp","href":"https:\/\/api.w.org\/{rel}","templated":true}]}}