{"id":3443,"date":"2021-11-18T15:53:00","date_gmt":"2021-11-18T14:53:00","guid":{"rendered":"https:\/\/antcube.shop\/produkt\/mens-heavyweight-tee\/"},"modified":"2024-12-12T12:27:24","modified_gmt":"2024-12-12T11:27:24","slug":"meeste-raskekaalu-tee","status":"publish","type":"product","link":"https:\/\/antcube.shop\/et\/toode\/meeste-raskekaalu-tee\/","title":{"rendered":"Meeste k\u00f5rgekvaliteediline puuvillane T-s\u00e4rk"},"content":{"rendered":"<p>100% puuvillane meeste k\u00f5rgekvaliteediline T-s\u00e4rk aitab teil saavutada struktureerituma v\u00e4limuse. See istub kenasti, s\u00e4ilitab teravad jooned servades ja sobib ideaalselt mitmekihiliste t\u00e4navar\u00f5ivaste riietega.<br \/>\n- 100% puuvillane<br \/>\n- 90% puuvill, 10% pol\u00fcester<br \/>\n- Kanga kaal: 5,0-5,3 oz\/yd\u00b2 (170-180 g\/m\u00b2)<br \/>\n- Avatud l\u00f5ng<br \/>\n- Tubular kangas<br \/>\n- Tapeeritud kael ja \u00f5lad<br \/>\n- Topelt\u00f5mblus varrukatel ja alumisel \u00e4\u00e4rel<br \/>\n- Hondurasest, Nicaraguast, Haitilt, Dominikaani Vabariigist, Bangladeshist ja Mehhikost p\u00e4rit toorik.<\/p>\n<p>&nbsp;<\/p>\n<p>Kategooria Kaubad toodete tarnimise ja tootmisega tegeleb meie partner PRINTFUL. Tellides \u00fche neist toodetest, n\u00f5ustute PRINTFULi tingimustega, privaatsuspoliitikaga ja tagasisaatmispoliitikaga.<\/p>\n<p><a href=\"https:\/\/www.printful.com\/policies\/terms-of-service\">PRINTFULi kasutustingimused leiate siit.<\/a><\/p>\n<p><a href=\"https:\/\/www.printful.com\/policies\/returns\">PRINTFULi tagastuspoliitikat leiate siit.<\/a><\/p>\n<p><a href=\"https:\/\/www.printful.com\/policies\/privacy\">PRINTFULi privaatsuspoliitikat leiate siit.<\/a><\/p>","protected":false},"excerpt":{"rendered":"<p>100% puuvillane meeste k\u00f5rgekvaliteediline T-s\u00e4rk aitab teil saavutada struktureerituma v\u00e4limuse. See istub kenasti, s\u00e4ilitab teravad jooned servades ja sobib ideaalselt mitmekihiliste t\u00e4navar\u00f5ivaste riietega. - 100% puuvill - 90% puuvill, 10% pol\u00fcester - Kanga kaal: 5,0-5,3 oz\/yd\u00b2 (170-180 g\/m\u00b2) - Avatud l\u00f5ng - Tubular kangas - Teibitud kaelus ja krae.","protected":false},"featured_media":3451,"comment_status":"open","ping_status":"closed","template":"","meta":{"_acf_changed":false,"content-type":"","_monsterinsights_skip_tracking":false,"_monsterinsights_sitenote_active":false,"_monsterinsights_sitenote_note":"","_monsterinsights_sitenote_category":0},"product_brand":[],"product_cat":[245],"product_tag":[],"class_list":{"0":"post-3443","1":"product","2":"type-product","3":"status-publish","4":"has-post-thumbnail","6":"product_cat-merchandise","8":"first","9":"instock","10":"taxable","11":"shipping-taxable","12":"purchasable","13":"product-type-variable"},"acf":[],"aioseo_notices":[],"jetpack_sharing_enabled":true,"_links":{"self":[{"href":"https:\/\/antcube.shop\/et\/wp-json\/wp\/v2\/product\/3443","targetHints":{"allow":["GET"]}}],"collection":[{"href":"https:\/\/antcube.shop\/et\/wp-json\/wp\/v2\/product"}],"about":[{"href":"https:\/\/antcube.shop\/et\/wp-json\/wp\/v2\/types\/product"}],"replies":[{"embeddable":true,"href":"https:\/\/antcube.shop\/et\/wp-json\/wp\/v2\/comments?post=3443"}],"wp:featuredmedia":[{"embeddable":true,"href":"https:\/\/antcube.shop\/et\/wp-json\/wp\/v2\/media\/3451"}],"wp:attachment":[{"href":"https:\/\/antcube.shop\/et\/wp-json\/wp\/v2\/media?parent=3443"}],"wp:term":[{"taxonomy":"product_brand","embeddable":true,"href":"https:\/\/antcube.shop\/et\/wp-json\/wp\/v2\/product_brand?post=3443"},{"taxonomy":"product_cat","embeddable":true,"href":"https:\/\/antcube.shop\/et\/wp-json\/wp\/v2\/product_cat?post=3443"},{"taxonomy":"product_tag","embeddable":true,"href":"https:\/\/antcube.shop\/et\/wp-json\/wp\/v2\/product_tag?post=3443"}],"curies":[{"name":"wp","href":"https:\/\/api.w.org\/{rel}","templated":true}]}}