{"id":3275,"date":"2021-11-10T13:27:10","date_gmt":"2021-11-10T12:27:10","guid":{"rendered":"https:\/\/antcube.shop\/produkt\/temnothorax-nylanderi\/"},"modified":"2021-11-24T11:48:34","modified_gmt":"2021-11-24T10:48:34","slug":"temnothorax-nylanderi","status":"publish","type":"product","link":"https:\/\/antcube.shop\/et\/toode\/temnothorax-nylanderi\/","title":{"rendered":"Temnothorax nylanderi"},"content":{"rendered":"<p>&nbsp;<\/p>\n<table border=\"1\" cellspacing=\"1\" cellpadding=\"1\">\n<tbody>\n<tr>\n<td><strong>Lat. Nimi:<\/strong><\/td>\n<td><strong><img data-recalc-dims=\"1\" loading=\"lazy\" decoding=\"async\" src=\"https:\/\/i0.wp.com\/www.antstore.net\/shop\/images\/icons\/ants\/lateinname.jpg?resize=30%2C30&#038;ssl=1\" alt=\"\" width=\"30\" height=\"30\" \/><\/strong><\/td>\n<td>Temnothorax nylanderi<\/td>\n<\/tr>\n<tr>\n<td><strong>\u00dcldine nimi<\/strong>:<\/td>\n<td><strong><img data-recalc-dims=\"1\" loading=\"lazy\" decoding=\"async\" src=\"https:\/\/i0.wp.com\/www.antstore.net\/shop\/images\/icons\/ants\/trivialname.jpg?resize=30%2C30&#038;ssl=1\" alt=\"\" width=\"30\" height=\"30\" \/><\/strong><\/td>\n<td><\/td>\n<\/tr>\n<tr>\n<td><strong>Taksonoomia:<\/strong><\/td>\n<td><strong><img data-recalc-dims=\"1\" loading=\"lazy\" decoding=\"async\" src=\"https:\/\/i0.wp.com\/www.antstore.net\/shop\/images\/icons\/ants\/taxonomie.jpg?resize=30%2C30&#038;ssl=1\" alt=\"\" width=\"30\" height=\"30\" \/><\/strong><\/td>\n<td><strong>Alamperekond: <\/strong>Myrmicinae\u00a0 <strong>Tribus: <\/strong>Formicoxenini<\/td>\n<\/tr>\n<tr>\n<td><strong>Taseme hoidmine:<\/strong><\/td>\n<td><strong><img data-recalc-dims=\"1\" loading=\"lazy\" decoding=\"async\" src=\"https:\/\/i0.wp.com\/www.antstore.net\/shop\/images\/icons\/ants\/haltungsklasse.jpg?resize=30%2C30&#038;ssl=1\" alt=\"\" width=\"30\" height=\"30\" \/><\/strong><\/td>\n<td><strong>(1)<\/strong> sobib algajatele<\/td>\n<\/tr>\n<tr>\n<td><strong>Levik:<\/strong><\/td>\n<td><strong><img data-recalc-dims=\"1\" loading=\"lazy\" decoding=\"async\" src=\"https:\/\/i0.wp.com\/www.antstore.net\/shop\/images\/icons\/ants\/verbreitung.jpg?resize=30%2C30&#038;ssl=1\" alt=\"\" width=\"30\" height=\"30\" \/><\/strong><\/td>\n<td>l\u00e4\u00e4nepoolne t\u00fc\u00fcp: m\u00f6\u00f6da raudteeliini Schwerin- Magdeburg- Halle- Leipzig<\/td>\n<\/tr>\n<tr>\n<td><strong>Elupaik:<\/strong><\/td>\n<td><strong><img data-recalc-dims=\"1\" loading=\"lazy\" decoding=\"async\" src=\"https:\/\/i0.wp.com\/www.antstore.net\/shop\/images\/icons\/ants\/habitat.jpg?resize=30%2C30&#038;ssl=1\" alt=\"\" width=\"30\" height=\"30\" \/><\/strong><\/td>\n<td>Okaspuu- ja okaspuu-lehtmetsad, m\u00f5\u00f5dukalt niisked<\/td>\n<\/tr>\n<tr>\n<td><strong>Colonyform:<\/strong><\/td>\n<td><strong><img data-recalc-dims=\"1\" loading=\"lazy\" decoding=\"async\" src=\"https:\/\/i0.wp.com\/www.antstore.net\/shop\/images\/icons\/ants\/Kolonieform.jpg?resize=30%2C30&#038;ssl=1\" alt=\"\" width=\"30\" height=\"30\" \/><\/strong><\/td>\n<td>monogyn<\/td>\n<\/tr>\n<tr>\n<td><strong>Kuninganna:<\/strong><\/td>\n<td><strong><img data-recalc-dims=\"1\" loading=\"lazy\" decoding=\"async\" src=\"https:\/\/i0.wp.com\/www.antstore.net\/shop\/images\/icons\/ants\/koenigin.jpg?resize=30%2C30&#038;ssl=1\" alt=\"\" width=\"30\" height=\"30\" \/><\/strong><\/td>\n<td><strong>Suurus:<\/strong> 4 - 5 mm <strong>V\u00e4rv: <\/strong>kollane kuni kollakaspruun, pea ja vatsakeste tumepruunid<\/td>\n<\/tr>\n<tr>\n<td><strong>T\u00f6\u00f6taja:<\/strong><\/td>\n<td><img data-recalc-dims=\"1\" loading=\"lazy\" decoding=\"async\" src=\"https:\/\/i0.wp.com\/www.antstore.net\/shop\/images\/icons\/ants\/arbeiterin.jpg?resize=30%2C30&#038;ssl=1\" alt=\"\" width=\"30\" height=\"30\" \/><\/td>\n<td><strong>Suurus: <\/strong>2,3- 3,5mm <strong>V\u00e4rv: <\/strong>kollane kuni kollakaspruun, pea ja vatsakeste tumepruunid<\/td>\n<\/tr>\n<tr>\n<td><strong>S\u00f5dur:<\/strong><\/td>\n<td><img data-recalc-dims=\"1\" loading=\"lazy\" decoding=\"async\" src=\"https:\/\/i0.wp.com\/www.antstore.net\/shop\/images\/icons\/ants\/soldaten.jpg?resize=30%2C30&#038;ssl=1\" alt=\"\" width=\"30\" height=\"30\" \/><\/td>\n<td>ei ole kohal<\/td>\n<\/tr>\n<tr>\n<td><strong>Mees:<\/strong><\/td>\n<td><img data-recalc-dims=\"1\" loading=\"lazy\" decoding=\"async\" src=\"https:\/\/i0.wp.com\/www.antstore.net\/shop\/images\/icons\/ants\/maennchen.jpg?resize=30%2C30&#038;ssl=1\" alt=\"\" width=\"30\" height=\"30\" \/><\/td>\n<td><strong>Suurus:<\/strong> 2,5 - 3,2mm <strong>V\u00e4rv: <\/strong>nagu kuninganna<\/td>\n<\/tr>\n<tr>\n<td><strong>Toit:<\/strong><\/td>\n<td><img data-recalc-dims=\"1\" loading=\"lazy\" decoding=\"async\" src=\"https:\/\/i0.wp.com\/www.antstore.net\/shop\/images\/icons\/ants\/nahrung.jpg?resize=30%2C30&#038;ssl=1\" alt=\"\" width=\"30\" height=\"30\" \/><\/td>\n<td>Meelahus, suhkrulahus, putukad, nt paaritiivalised putukad, nagu k\u00e4rbsed, s\u00e4\u00e4sed.<\/td>\n<\/tr>\n<tr>\n<td><strong>Niiskus:<\/strong><\/td>\n<td><strong><img data-recalc-dims=\"1\" loading=\"lazy\" decoding=\"async\" src=\"https:\/\/i0.wp.com\/www.antstore.net\/shop\/images\/icons\/ants\/feuchtigkeit.jpg?resize=30%2C30&#038;ssl=1\" alt=\"\" width=\"30\" height=\"30\" \/><\/strong><\/td>\n<td><strong>Arena:<\/strong> 30 &#8211; 50% <strong>Pesa piirkond: <\/strong>50 &#8211; 60%<\/td>\n<\/tr>\n<tr>\n<td><strong>Temperatuur:<\/strong><\/td>\n<td><strong><img data-recalc-dims=\"1\" loading=\"lazy\" decoding=\"async\" src=\"https:\/\/i0.wp.com\/www.antstore.net\/shop\/images\/icons\/ants\/temperatur.jpg?resize=30%2C30&#038;ssl=1\" alt=\"\" width=\"30\" height=\"30\" \/><\/strong><\/td>\n<td><strong>Arena:<\/strong> 18 - 28\u00b0C <strong>Pesa piirkond: <\/strong>21- 24\u00b0C<\/td>\n<\/tr>\n<tr>\n<td><strong>Hibernatsioon:<\/strong><\/td>\n<td><img data-recalc-dims=\"1\" loading=\"lazy\" decoding=\"async\" src=\"https:\/\/i0.wp.com\/www.antstore.net\/shop\/images\/icons\/ants\/winterruhe.jpg?resize=30%2C30&#038;ssl=1\" alt=\"\" width=\"30\" height=\"30\" \/><\/td>\n<td>\u00a0 jah, oktoobri l\u00f5pust kuni m\u00e4rtsi l\u00f5puni 5 - 8\u00b0C juures<\/td>\n<\/tr>\n<tr>\n<td><strong>Pesa t\u00fc\u00fcp:<\/strong><\/td>\n<td><\/td>\n<td>kasutab v\u00e4ikeseid elupaiku nagu tammesid, pulgad, aga ka koore all v\u00f5i surnud puidus.<\/td>\n<\/tr>\n<tr>\n<td><strong>Formicarium t\u00fc\u00fcp:<\/strong><\/td>\n<td><img data-recalc-dims=\"1\" loading=\"lazy\" decoding=\"async\" src=\"https:\/\/i0.wp.com\/www.antstore.net\/shop\/images\/icons\/ants\/formicarienart.jpg?resize=30%2C30&#038;ssl=1\" alt=\"\" width=\"30\" height=\"30\" \/><\/td>\n<td>\u00a0v\u00e4ike korgipesaga formikaarium<\/td>\n<\/tr>\n<tr>\n<td><strong>Formikariumi suurus:<\/strong><\/td>\n<td><strong><img data-recalc-dims=\"1\" loading=\"lazy\" decoding=\"async\" src=\"https:\/\/i0.wp.com\/www.antstore.net\/shop\/images\/icons\/ants\/formicariengroesse.jpg?resize=30%2C30&#038;ssl=1\" alt=\"\" width=\"30\" height=\"30\" \/><\/strong><\/td>\n<td><strong>Suurus:<\/strong><span style=\"color: #000000;\"> <strong>S<\/strong><\/span><\/td>\n<\/tr>\n<tr>\n<td><strong>Substraat:<\/strong><\/td>\n<td><strong><img data-recalc-dims=\"1\" loading=\"lazy\" decoding=\"async\" src=\"https:\/\/i0.wp.com\/www.antstore.net\/shop\/images\/icons\/ants\/substrat.jpg?resize=30%2C30&#038;ssl=1\" alt=\"\" width=\"30\" height=\"30\" \/><\/strong><\/td>\n<td><strong>Farm:<\/strong> Kork, Weichholz <strong>Arena: <\/strong>Sand-Lehm<\/td>\n<\/tr>\n<tr>\n<td><strong>Istutamine:<\/strong><\/td>\n<td><img data-recalc-dims=\"1\" loading=\"lazy\" decoding=\"async\" src=\"https:\/\/i0.wp.com\/www.antstore.net\/shop\/images\/icons\/ants\/bepflanzung.jpg?resize=30%2C30&#038;ssl=1\" alt=\"\" width=\"30\" height=\"30\" \/><\/td>\n<td>ei ole vajalik<\/td>\n<\/tr>\n<tr>\n<td><strong>Kaunistus:<\/strong><\/td>\n<td><img data-recalc-dims=\"1\" loading=\"lazy\" decoding=\"async\" src=\"https:\/\/i0.wp.com\/www.antstore.net\/shop\/images\/icons\/ants\/dekoration.jpg?resize=30%2C30&#038;ssl=1\" alt=\"\" width=\"30\" height=\"30\" \/><\/td>\n<td>Oksad, juured, n\u00f5elad, tammesid, leheprahi<\/td>\n<\/tr>\n<tr>\n<td><strong>Kirjeldus:<\/strong><\/td>\n<td><img data-recalc-dims=\"1\" loading=\"lazy\" decoding=\"async\" src=\"https:\/\/i0.wp.com\/www.antstore.net\/shop\/images\/icons\/ants\/beschreibung.jpg?resize=30%2C30&#038;ssl=1\" alt=\"\" width=\"30\" height=\"30\" \/><\/td>\n<td>V\u00e4ga v\u00e4ikesed, huvitavad sipelgad. Koloonia suurus tavaliselt mitte \u00fcle 200 t\u00f6\u00f6lise. Terve koloonia elab sageli tammes v\u00f5i kooret\u00fckis. V\u00e4ga aktiivne ja ilus vaadata. V\u00e4ldib konflikte teiste sipelgatega, seega v\u00f5ib v\u00e4ga h\u00e4sti sotsialiseeruda teiste suuremate liikidega. T\u00e4helepanu: Kuna Temnothorax elab otse maapinnal, vajab koloonia igap\u00e4evast temperatuurimuutust. Oluline on p\u00e4evase ja \u00f6ise temperatuuri ning suve ja talve suhteliselt realistlik kujutamine.<br \/>\nV\u00e4ga vastupidav k\u00fclmale! Temnothorax'i v\u00f5ib hoida \u00f5ues v\u00f5i talvitada ilma igasuguste probleemide v\u00f5i ettevaatusabin\u00f5udeta.<\/td>\n<\/tr>\n<tr>\n<td><strong>Areng:<\/strong><\/td>\n<td><strong><img data-recalc-dims=\"1\" loading=\"lazy\" decoding=\"async\" src=\"https:\/\/i0.wp.com\/www.antstore.net\/shop\/images\/icons\/ants\/entwicklung.jpg?resize=30%2C30&#038;ssl=1\" alt=\"\" width=\"30\" height=\"30\" \/><\/strong><\/td>\n<td><strong>Abielulend: <\/strong>juuli keskpaigast kuni septembri l\u00f5puni soojadel suve\u00f5htutel<br \/>\n<strong>Sihtasutus: <\/strong>toimub claustral (ohne F\u00fctterung) aber auch Pleometrose oder Adoption sind m\u00f6glich.<br \/>\n<strong>Koloonia suurus:\u00a0 <\/strong>harva kuni 100 t\u00f6\u00f6tajat vanuses kuni 19 aastat<\/td>\n<\/tr>\n<tr>\n<td><strong>Kogus:<\/strong><\/td>\n<td><img data-recalc-dims=\"1\" loading=\"lazy\" decoding=\"async\" src=\"https:\/\/i0.wp.com\/www.antstore.net\/shop\/images\/icons\/ants\/menge.jpg?resize=30%2C30&#038;ssl=1\" alt=\"\" width=\"30\" height=\"30\" \/><\/td>\n<td>paaritatud kuninganna ja t\u00f6\u00f6lised (vt valik); haude (varieerub vastavalt hooajale ja arengule).<\/td>\n<\/tr>\n<tr>\n<td><strong>Veebilinkid:<\/strong><\/td>\n<td><a href=\"http:\/\/www.antstore.net\/viewforum.php?f=9\"><span style=\"color: #0000ff;\"><img data-recalc-dims=\"1\" loading=\"lazy\" decoding=\"async\" src=\"https:\/\/i0.wp.com\/www.antstore.net\/shop\/images\/icons\/ants\/weblinks.jpg?resize=30%2C30&#038;ssl=1\" alt=\"\" width=\"30\" height=\"30\" \/><\/span><\/a><\/td>\n<td><a href=\"http:\/\/www.antstore.net\/viewforum.php?f=124\"><span style=\"color: #0000ff;\">- Foorum<\/span><\/a><\/p>\n<p><span style=\"color: #0000ff;\"><a href=\"http:\/\/www.antweb.org\/description.do?name=mimicus&amp;genus=myrmecocystus&amp;rank=species&amp;project=bajaants\">- Viide allikale<\/a><\/span><\/td>\n<\/tr>\n<\/tbody>\n<\/table>\n<p>&nbsp;<\/p>","protected":false},"excerpt":{"rendered":"<p>Hoiutase 1 - v\u00e4ga v\u00e4ikesed liigid<br \/>\nSuurus:<span style=\"color: #000000;\"> <strong>S<\/strong><\/span><\/p>","protected":false},"featured_media":3310,"comment_status":"open","ping_status":"closed","template":"","meta":{"_acf_changed":false,"content-type":"","_monsterinsights_skip_tracking":false,"_monsterinsights_sitenote_active":false,"_monsterinsights_sitenote_note":"","_monsterinsights_sitenote_category":0},"product_brand":[],"product_cat":[107,108,109],"product_tag":[],"class_list":{"0":"post-3275","1":"product","2":"type-product","3":"status-publish","4":"has-post-thumbnail","6":"product_cat-ants","7":"product_cat-northern-europe","8":"product_cat-southern-europe","10":"first","11":"instock","12":"product-type-external"},"acf":[],"aioseo_notices":[],"jetpack_sharing_enabled":true,"_links":{"self":[{"href":"https:\/\/antcube.shop\/et\/wp-json\/wp\/v2\/product\/3275","targetHints":{"allow":["GET"]}}],"collection":[{"href":"https:\/\/antcube.shop\/et\/wp-json\/wp\/v2\/product"}],"about":[{"href":"https:\/\/antcube.shop\/et\/wp-json\/wp\/v2\/types\/product"}],"replies":[{"embeddable":true,"href":"https:\/\/antcube.shop\/et\/wp-json\/wp\/v2\/comments?post=3275"}],"wp:featuredmedia":[{"embeddable":true,"href":"https:\/\/antcube.shop\/et\/wp-json\/wp\/v2\/media\/3310"}],"wp:attachment":[{"href":"https:\/\/antcube.shop\/et\/wp-json\/wp\/v2\/media?parent=3275"}],"wp:term":[{"taxonomy":"product_brand","embeddable":true,"href":"https:\/\/antcube.shop\/et\/wp-json\/wp\/v2\/product_brand?post=3275"},{"taxonomy":"product_cat","embeddable":true,"href":"https:\/\/antcube.shop\/et\/wp-json\/wp\/v2\/product_cat?post=3275"},{"taxonomy":"product_tag","embeddable":true,"href":"https:\/\/antcube.shop\/et\/wp-json\/wp\/v2\/product_tag?post=3275"}],"curies":[{"name":"wp","href":"https:\/\/api.w.org\/{rel}","templated":true}]}}