{"id":3174,"date":"2021-11-08T12:21:44","date_gmt":"2021-11-08T11:21:44","guid":{"rendered":"https:\/\/antcube.shop\/produkt\/ytongnest-40x20-mit-arena\/"},"modified":"2026-04-15T09:42:26","modified_gmt":"2026-04-15T07:42:26","slug":"ytongnest-40x20-mit-arena","status":"publish","type":"product","link":"https:\/\/antcube.shop\/et\/toode\/ytongnest-40x20-mit-arena\/","title":{"rendered":"Ytongnest - 40\u00d720 koos areenaga"},"content":{"rendered":"<p><strong>Materjal:<\/strong> poorbetoon, klaas, plastik PMMA ja PVC<\/p>\n<p><strong>\u00dchendus:<\/strong> 1x 14mm avaus; 1x 27mm avaus<\/p>\n<p><strong>Sisu:<\/strong><br \/>\n1x poorbetoonplokk 40x20x5 cm, 20 mm s\u00fcgavusega kambritega.<br \/>\n1x klaasplaat 40\u00d720 cm 50mm avaga ja areen 20\u00d720 cm.<br \/>\n1x sipelgate areeni raam 20\u00d720<br \/>\n1x sipelgaplatsi kate 20\u00d720<br \/>\n1x 50mm r\u00f5ngas 27mm avaga<br \/>\n1x formikaariumi pistik 13mm<br \/>\n2x Formicarium pistik 27mm<br \/>\n2x Formicarium pistik 50mm<\/p>\n<p><strong>Kirjeldus:<\/strong><br \/>\nYtong on kaubam\u00e4rgi nimi, materjali ennast nimetatakse gaasbetooniks.<br \/>\nT\u00e4nu veehoidvale omadusele sobib materjal h\u00e4sti sipelgate pidamiseks. Seda saab kasutada suure hulga hauduvate liikide pidamiseks nii kuivades kui ka m\u00e4rgades elupaikades. S\u00f5ltuvalt sipelgaliigist on soovitatav kambri p\u00f5hi katta substraadiga. M\u00f5ned liigid tunnevad end sel viisil mugavamalt ja n\u00e4iteks Ponerinae sipelgaliigid vajavad oma vastsete korralikuks poegimiseks mulda. Kuna see pesa sisaldab juba areeni, v\u00f5ib seda kasutada t\u00e4ieliku formikaariumi seadeldisena.<\/p>\n<p><strong>Vihje:<\/strong><br \/>\nSelleks, et vesi ei lekiks Ytongist p\u00e4rast pesapinna niisutamist v\u00e4lja ja ei koguneks allpool asuva m\u00f6\u00f6bli pinnale v\u00f5i et karedad materjalid ei kriimustaks pindu, soovitame tellida meie Ytong-pesade juurde \u00fche sobiva klaasist vanni. Need on veekindlad ja kaitsevad seega t\u00f5husalt aluspindu vee- ja kriimustuskahjustuste eest.<\/p>\n<p><strong>Kasutamine:<\/strong><br \/>\nSuuri sipelgaliikide puhul <b>M<\/b> <b>&#8211;\u00a0<\/b><b>L<\/b>.<br \/>\nGaasbetoon on v\u00e4ga habras ja habras materjal. Seet\u00f5ttu on tootmisprotsessi t\u00f5ttu v\u00f5imatu v\u00e4ltida, et nurkades ja servades esineksid v\u00e4ikesed murdumised ja ebatasasused. Selle t\u00f5ttu ei sobi Ytong-pesad v\u00e4ga v\u00e4ikeste sipelgaliikide jaoks, mille suurus on <b>S<\/b>, sest need liigid v\u00f5ivad siin kergesti v\u00e4lja murda.<\/p>","protected":false},"excerpt":{"rendered":"<p>\u00dchendus: 1x14mm 1x27mm<br \/>\nSuurus: <strong><span style=\"color: #339966;\">M<\/span><\/strong><strong> &#8211; <span style=\"color: #0000ff;\">L<\/span><\/strong><\/p>","protected":false},"featured_media":3011,"comment_status":"open","ping_status":"closed","template":"","meta":{"_acf_changed":false,"content-type":"","_monsterinsights_skip_tracking":false,"_monsterinsights_sitenote_active":false,"_monsterinsights_sitenote_note":"","_monsterinsights_sitenote_category":0},"product_brand":[],"product_cat":[85,86],"product_tag":[],"class_list":{"0":"post-3174","1":"product","2":"type-product","3":"status-publish","4":"has-post-thumbnail","6":"product_cat-ant-arenas","7":"product_cat-formicariums","9":"first","10":"instock","11":"taxable","12":"shipping-taxable","13":"purchasable","14":"product-type-simple"},"acf":[],"aioseo_notices":[],"jetpack_sharing_enabled":true,"_links":{"self":[{"href":"https:\/\/antcube.shop\/et\/wp-json\/wp\/v2\/product\/3174","targetHints":{"allow":["GET"]}}],"collection":[{"href":"https:\/\/antcube.shop\/et\/wp-json\/wp\/v2\/product"}],"about":[{"href":"https:\/\/antcube.shop\/et\/wp-json\/wp\/v2\/types\/product"}],"replies":[{"embeddable":true,"href":"https:\/\/antcube.shop\/et\/wp-json\/wp\/v2\/comments?post=3174"}],"wp:featuredmedia":[{"embeddable":true,"href":"https:\/\/antcube.shop\/et\/wp-json\/wp\/v2\/media\/3011"}],"wp:attachment":[{"href":"https:\/\/antcube.shop\/et\/wp-json\/wp\/v2\/media?parent=3174"}],"wp:term":[{"taxonomy":"product_brand","embeddable":true,"href":"https:\/\/antcube.shop\/et\/wp-json\/wp\/v2\/product_brand?post=3174"},{"taxonomy":"product_cat","embeddable":true,"href":"https:\/\/antcube.shop\/et\/wp-json\/wp\/v2\/product_cat?post=3174"},{"taxonomy":"product_tag","embeddable":true,"href":"https:\/\/antcube.shop\/et\/wp-json\/wp\/v2\/product_tag?post=3174"}],"curies":[{"name":"wp","href":"https:\/\/api.w.org\/{rel}","templated":true}]}}