{"id":3169,"date":"2021-11-08T10:47:59","date_gmt":"2021-11-08T09:47:59","guid":{"rendered":"https:\/\/antcube.shop\/produkt\/fuhrungsleisten-l-20-2-st\/"},"modified":"2026-04-16T19:23:45","modified_gmt":"2026-04-16T17:23:45","slug":"fuhrungsleisten-l-20-2-st","status":"publish","type":"product","link":"https:\/\/antcube.shop\/et\/toode\/fuhrungsleisten-l-20-2-st\/","title":{"rendered":"Juhtr\u00f6\u00f6pad L 20 - 2 tk."},"content":{"rendered":"<p><strong>M\u00f5\u00f5tmed:<\/strong> 4x20x160mm<\/p>\n<p><strong>Sisu:<\/strong> 2x juhtsiin<\/p>\n<p><strong>Materjal:<\/strong> PMMA<\/p>\n<p><strong>V\u00e4rv:<\/strong> selge, l\u00e4bipaistev<\/p>\n<p><strong>Kirjeldus:<\/strong> Juhtr\u00f6\u00f6pad v\u00f5imaldavad pesa sisestuste \/ pesaplaatide t\u00e4pset sisestamist kombineeritud areenidesse v\u00f5i seinaparkidesse, mille pesa laius on L v\u00f5i 20 mm.<\/p>","protected":false},"excerpt":{"rendered":"<p>Kork- ja kipspesa jaoks, kui see paigutatakse ANTCUBE-kombisse.<\/p>","protected":false},"featured_media":2994,"comment_status":"open","ping_status":"closed","template":"","meta":{"_acf_changed":false,"content-type":"","_monsterinsights_skip_tracking":false,"_monsterinsights_sitenote_active":false,"_monsterinsights_sitenote_note":"","_monsterinsights_sitenote_category":0},"product_brand":[],"product_cat":[119,239],"product_tag":[],"class_list":{"0":"post-3169","1":"product","2":"type-product","3":"status-publish","4":"has-post-thumbnail","6":"product_cat-formicarium-components","7":"product_cat-useful-additions","9":"first","10":"instock","11":"taxable","12":"shipping-taxable","13":"purchasable","14":"product-type-simple"},"acf":[],"aioseo_notices":[],"jetpack_sharing_enabled":true,"_links":{"self":[{"href":"https:\/\/antcube.shop\/et\/wp-json\/wp\/v2\/product\/3169","targetHints":{"allow":["GET"]}}],"collection":[{"href":"https:\/\/antcube.shop\/et\/wp-json\/wp\/v2\/product"}],"about":[{"href":"https:\/\/antcube.shop\/et\/wp-json\/wp\/v2\/types\/product"}],"replies":[{"embeddable":true,"href":"https:\/\/antcube.shop\/et\/wp-json\/wp\/v2\/comments?post=3169"}],"wp:featuredmedia":[{"embeddable":true,"href":"https:\/\/antcube.shop\/et\/wp-json\/wp\/v2\/media\/2994"}],"wp:attachment":[{"href":"https:\/\/antcube.shop\/et\/wp-json\/wp\/v2\/media?parent=3169"}],"wp:term":[{"taxonomy":"product_brand","embeddable":true,"href":"https:\/\/antcube.shop\/et\/wp-json\/wp\/v2\/product_brand?post=3169"},{"taxonomy":"product_cat","embeddable":true,"href":"https:\/\/antcube.shop\/et\/wp-json\/wp\/v2\/product_cat?post=3169"},{"taxonomy":"product_tag","embeddable":true,"href":"https:\/\/antcube.shop\/et\/wp-json\/wp\/v2\/product_tag?post=3169"}],"curies":[{"name":"wp","href":"https:\/\/api.w.org\/{rel}","templated":true}]}}