{"id":3166,"date":"2021-11-08T10:47:34","date_gmt":"2021-11-08T09:47:34","guid":{"rendered":"https:\/\/antcube.shop\/produkt\/fotoruckwand-wiese-20x20-cube\/"},"modified":"2026-04-05T10:26:19","modified_gmt":"2026-04-05T08:26:19","slug":"fotoruckwand-wiese-20x20-kuubik","status":"publish","type":"product","link":"https:\/\/antcube.shop\/et\/toode\/fotoruckwand-wiese-20x20-kuubik\/","title":{"rendered":"Fotode tagasein - Meadow - 20\u00d720 - Cube"},"content":{"rendered":"<p><strong>M\u00f5\u00f5tmed:<\/strong> 20x20cm<\/p>\n<p><strong>Materjal:<\/strong> L\u00e4ikiv fooliumpaber<\/p>\n<p><strong>Sisu:<\/strong> 1x foto tagasein<\/p>\n<p><strong>Kirjeldus:<\/strong> See foto tagasein on liimitud formikaariumi tagak\u00fcljele v\u00e4ljastpoolt, et j\u00e4tta mulje keskkonnast, mis vastab sipelgate looduslikule elupaigale.<\/p>","protected":false},"excerpt":{"rendered":"<p>M\u00f5\u00f5tmed: 20x20cm\r\n\r\nMaterjal: materjal: l\u00e4ikiv fooliumpaber\r\n\r\nSisu: 1x foto tagaseina\r\n\r\nKirjeldus: See fototagasein kleebitakse formikaariumi tagak\u00fcljele v\u00e4ljastpoolt, et j\u00e4tta mulje keskkonnast, mis vastab sipelgate looduslikule elupaigale.<\/p>","protected":false},"featured_media":3134,"comment_status":"open","ping_status":"closed","template":"","meta":{"_acf_changed":false,"content-type":"","_monsterinsights_skip_tracking":false,"_monsterinsights_sitenote_active":false,"_monsterinsights_sitenote_note":"","_monsterinsights_sitenote_category":0},"product_brand":[],"product_cat":[97,103],"product_tag":[],"class_list":{"0":"post-3166","1":"product","2":"type-product","3":"status-publish","4":"has-post-thumbnail","6":"product_cat-photo-backwalls","7":"product_cat-meadow-photo-backwall","9":"first","10":"instock","11":"taxable","12":"shipping-taxable","13":"purchasable","14":"product-type-simple"},"acf":[],"aioseo_notices":[],"jetpack_sharing_enabled":true,"_links":{"self":[{"href":"https:\/\/antcube.shop\/et\/wp-json\/wp\/v2\/product\/3166","targetHints":{"allow":["GET"]}}],"collection":[{"href":"https:\/\/antcube.shop\/et\/wp-json\/wp\/v2\/product"}],"about":[{"href":"https:\/\/antcube.shop\/et\/wp-json\/wp\/v2\/types\/product"}],"replies":[{"embeddable":true,"href":"https:\/\/antcube.shop\/et\/wp-json\/wp\/v2\/comments?post=3166"}],"wp:featuredmedia":[{"embeddable":true,"href":"https:\/\/antcube.shop\/et\/wp-json\/wp\/v2\/media\/3134"}],"wp:attachment":[{"href":"https:\/\/antcube.shop\/et\/wp-json\/wp\/v2\/media?parent=3166"}],"wp:term":[{"taxonomy":"product_brand","embeddable":true,"href":"https:\/\/antcube.shop\/et\/wp-json\/wp\/v2\/product_brand?post=3166"},{"taxonomy":"product_cat","embeddable":true,"href":"https:\/\/antcube.shop\/et\/wp-json\/wp\/v2\/product_cat?post=3166"},{"taxonomy":"product_tag","embeddable":true,"href":"https:\/\/antcube.shop\/et\/wp-json\/wp\/v2\/product_tag?post=3166"}],"curies":[{"name":"wp","href":"https:\/\/api.w.org\/{rel}","templated":true}]}}