{"id":3162,"date":"2021-11-08T10:46:52","date_gmt":"2021-11-08T09:46:52","guid":{"rendered":"https:\/\/antcube.shop\/produkt\/antcube-eck-plattform-8x8-magnet\/"},"modified":"2026-04-20T09:57:59","modified_gmt":"2026-04-20T07:57:59","slug":"antcube-eck-platvorm-8x8-magnet","status":"publish","type":"product","link":"https:\/\/antcube.shop\/et\/toode\/antcube-eck-platvorm-8x8-magnet\/","title":{"rendered":"ANTCUBE nurgaplatvorm 8\u00d78 - magnetiline"},"content":{"rendered":"<p><strong>M\u00f5\u00f5tmed:<\/strong> 80 x 80 x 22 mm<\/p>\n<p><strong>Materjal:<\/strong> akr\u00fc\u00fclklaas<\/p>\n<p><strong>V\u00e4rv:<\/strong> l\u00e4bipaistev<\/p>\n<p><strong>Sisu:<\/strong> 1 tk. (3 osa)<\/p>\n<p><strong>Kirjeldus:<\/strong><br \/>\nANTCUBE nurgaplatvormi 8\u00d78 - magnetiline saab magnetite abil kinnitada mis tahes formikaariumis. See sobib eriti h\u00e4sti meie k\u00f5rgemates ANTCUBE formikaariumites, et sellele saaks paigutada s\u00f6\u00f6tjaid, kausid v\u00f5i joogikausse.<br \/>\nANTCUBE nurgaplatvormi 8\u00d78 - Magnetic saab liigutada soovitud k\u00f5rgusele v\u00f5i s\u00fcgavusele, kinnitades selle v\u00e4ljastpoolt magnetite abil.<\/p>\n<p><strong>Teade:<\/strong><br \/>\nTootmisprotsessi t\u00f5ttu v\u00f5ivad magnetite osadel olla kerged v\u00f5i keskmised praod.<\/p>\n<p>&nbsp;<\/p>","protected":false},"excerpt":{"rendered":"<p>M\u00f5\u00f5tmed: Materjal: akr\u00fc\u00fclklaas V\u00e4rv: l\u00e4bipaistev Sisu: 80 x 80 x 22 mm: Kirjeldus: 1 tk (3 osa) Kirjeldus: 1 tk (3 osa): ANTCUBE nurgaplatvorm 8x8 - magnetiline saab magnetite abil kinnitada mistahes formikaariumisse. See sobib eriti h\u00e4sti meie k\u00f5rgemates ANTCUBE formikaariumites, et sellele asetada s\u00f6\u00f6tjad, kausid v\u00f5i joogikausid. .","protected":false},"featured_media":3140,"comment_status":"open","ping_status":"closed","template":"","meta":{"_acf_changed":false,"content-type":"","_monsterinsights_skip_tracking":false,"_monsterinsights_sitenote_active":false,"_monsterinsights_sitenote_note":"","_monsterinsights_sitenote_category":0},"product_brand":[],"product_cat":[119,239],"product_tag":[],"class_list":{"0":"post-3162","1":"product","2":"type-product","3":"status-publish","4":"has-post-thumbnail","6":"product_cat-formicarium-components","7":"product_cat-useful-additions","9":"first","10":"instock","11":"taxable","12":"shipping-taxable","13":"purchasable","14":"product-type-simple"},"acf":[],"aioseo_notices":[],"jetpack_sharing_enabled":true,"_links":{"self":[{"href":"https:\/\/antcube.shop\/et\/wp-json\/wp\/v2\/product\/3162","targetHints":{"allow":["GET"]}}],"collection":[{"href":"https:\/\/antcube.shop\/et\/wp-json\/wp\/v2\/product"}],"about":[{"href":"https:\/\/antcube.shop\/et\/wp-json\/wp\/v2\/types\/product"}],"replies":[{"embeddable":true,"href":"https:\/\/antcube.shop\/et\/wp-json\/wp\/v2\/comments?post=3162"}],"wp:featuredmedia":[{"embeddable":true,"href":"https:\/\/antcube.shop\/et\/wp-json\/wp\/v2\/media\/3140"}],"wp:attachment":[{"href":"https:\/\/antcube.shop\/et\/wp-json\/wp\/v2\/media?parent=3162"}],"wp:term":[{"taxonomy":"product_brand","embeddable":true,"href":"https:\/\/antcube.shop\/et\/wp-json\/wp\/v2\/product_brand?post=3162"},{"taxonomy":"product_cat","embeddable":true,"href":"https:\/\/antcube.shop\/et\/wp-json\/wp\/v2\/product_cat?post=3162"},{"taxonomy":"product_tag","embeddable":true,"href":"https:\/\/antcube.shop\/et\/wp-json\/wp\/v2\/product_tag?post=3162"}],"curies":[{"name":"wp","href":"https:\/\/api.w.org\/{rel}","templated":true}]}}