{"id":3161,"date":"2021-11-08T10:46:44","date_gmt":"2021-11-08T09:46:44","guid":{"rendered":"https:\/\/antcube.shop\/produkt\/malvenbluten-100g-getrocknet\/"},"modified":"2026-04-02T17:28:49","modified_gmt":"2026-04-02T15:28:49","slug":"malvenbluten-100g-getrocknet","status":"publish","type":"product","link":"https:\/\/antcube.shop\/et\/toode\/malvenbluten-100g-getrocknet\/","title":{"rendered":"Mali lilled 100g - kuivatatud"},"content":{"rendered":"<p><strong>Sisu:<\/strong><br \/>\n100g kuivatatud maltaid<\/p>\n<p><strong>Kirjeldus:<\/strong><br \/>\nMali \u00f5ied kui sipelgate paljunemiskoht sipelgate kasvatamiseks. Tegemist on puhtalt loodusliku tootega.<\/p>\n<p><strong>Kasutamine:<\/strong><br \/>\nMali \u00f5ied = seente kasvatamise sipelgaliikide jaoks.<br \/>\nKuivad \u00f5ied on ainult lehep\u00f5letajate sipelgate kasvupinnaks (soovitav on pakkuda samal ajal v\u00e4rskeid lehti niisutajana).<br \/>\nLihtsalt asetage s\u00f6\u00f6davad lilled kuivtoidukambrisse.<\/p>\n<p><strong>Ladustamine:<\/strong><br \/>\nKuivas keskkonnas<\/p>\n<p><strong>Sisaldab:<\/strong><br \/>\n100% kuivatatud maleva lilled<\/p>","protected":false},"excerpt":{"rendered":"<p>Sisu: Kirjeldus: 100g kuivatatud maltaid Kirjeldus: 100g kuivatatud maltaid: Mali \u00f5ied kui sigimispaik seente kasvatavatele sipelgaliikidele. Tegemist on puhtalt loodusliku tootega. Kasutamine: Mali \u00f5ied = seened kasvatavate sipelgaliikide jaoks. Kuivatatud \u00f5ied toimivad ainult lehep\u00f5letajate sipelgate sigimisalana (pakkudes samal ajal v\u00e4rskeid lehti niisutajana [...]","protected":false},"featured_media":5483,"comment_status":"open","ping_status":"closed","template":"","meta":{"_acf_changed":false,"content-type":"","_monsterinsights_skip_tracking":false,"_monsterinsights_sitenote_active":false,"_monsterinsights_sitenote_note":"","_monsterinsights_sitenote_category":0},"product_brand":[],"product_cat":[115,116],"product_tag":[],"class_list":{"0":"post-3161","1":"product","2":"type-product","3":"status-publish","4":"has-post-thumbnail","6":"product_cat-food-and-feeding","7":"product_cat-food","9":"first","10":"instock","11":"taxable","12":"shipping-taxable","13":"purchasable","14":"product-type-simple"},"acf":[],"aioseo_notices":[],"jetpack_sharing_enabled":true,"_links":{"self":[{"href":"https:\/\/antcube.shop\/et\/wp-json\/wp\/v2\/product\/3161","targetHints":{"allow":["GET"]}}],"collection":[{"href":"https:\/\/antcube.shop\/et\/wp-json\/wp\/v2\/product"}],"about":[{"href":"https:\/\/antcube.shop\/et\/wp-json\/wp\/v2\/types\/product"}],"replies":[{"embeddable":true,"href":"https:\/\/antcube.shop\/et\/wp-json\/wp\/v2\/comments?post=3161"}],"wp:featuredmedia":[{"embeddable":true,"href":"https:\/\/antcube.shop\/et\/wp-json\/wp\/v2\/media\/5483"}],"wp:attachment":[{"href":"https:\/\/antcube.shop\/et\/wp-json\/wp\/v2\/media?parent=3161"}],"wp:term":[{"taxonomy":"product_brand","embeddable":true,"href":"https:\/\/antcube.shop\/et\/wp-json\/wp\/v2\/product_brand?post=3161"},{"taxonomy":"product_cat","embeddable":true,"href":"https:\/\/antcube.shop\/et\/wp-json\/wp\/v2\/product_cat?post=3161"},{"taxonomy":"product_tag","embeddable":true,"href":"https:\/\/antcube.shop\/et\/wp-json\/wp\/v2\/product_tag?post=3161"}],"curies":[{"name":"wp","href":"https:\/\/api.w.org\/{rel}","templated":true}]}}