{"id":3160,"date":"2021-11-08T10:46:36","date_gmt":"2021-11-08T09:46:36","guid":{"rendered":"https:\/\/antcube.shop\/produkt\/sonnenblumenblutenblatter-100g-getrocknet\/"},"modified":"2026-04-20T09:56:18","modified_gmt":"2026-04-20T07:56:18","slug":"sonnenblumenblutenblatter-100g-getrocknet","status":"publish","type":"product","link":"https:\/\/antcube.shop\/et\/toode\/sonnenblumenblutenblatter-100g-getrocknet\/","title":{"rendered":"P\u00e4evalille kroonlehed 100g - kuivatatud"},"content":{"rendered":"<p><strong>Sisu:<\/strong><br \/>\n100g kuivatatud p\u00e4evalille kroonlehed.<\/p>\n<p><strong>Kirjeldus:<\/strong><br \/>\nP\u00e4evalille kroonlehed kui toitainesubstraat seente kasvatamise sipelgaliikide jaoks. See on puhtalt looduslik toode.<\/p>\n<p><strong>Kasutamine:<\/strong><br \/>\nP\u00e4ikeselille kroonlehed = seente kasvatamise sipelgaliikide jaoks.<br \/>\nKuivad kroonlehed on ainult lehep\u00f5letajate sipelgate kasvupinnaks (soovitav on pakkuda samal ajal v\u00e4rskeid lehti niisutajana).<br \/>\nLihtsalt asetage s\u00f6\u00f6davad kroonlehed kuivtoidukambrisse.<\/p>\n<p><strong>Ladustamine:<\/strong><br \/>\nKuivas keskkonnas<\/p>\n<p><strong>Sisaldab:<\/strong><br \/>\n100% kuivatatud p\u00e4evalille kroonlehed.<\/p>","protected":false},"excerpt":{"rendered":"<p>Sisu: 100g kuivatatud p\u00e4evalille kroonlehed. Kirjeldus: P\u00e4evalille kroonlehed toitainesubstraadina seente kasvatamise sipelgaliikide jaoks. Tegemist on puhtalt loodusliku tootega. Kasutamine: P\u00e4evalille kroonlehed = seenekasvatavate sipelgaliikide jaoks. Kuivad kroonlehed toimivad ainult lehep\u00f5letajate sipelgate kasvualusena (pakkudes v\u00e4rskeid lehti niiskustoitena [...]","protected":false},"featured_media":10875,"comment_status":"open","ping_status":"closed","template":"","meta":{"_acf_changed":false,"content-type":"","_monsterinsights_skip_tracking":false,"_monsterinsights_sitenote_active":false,"_monsterinsights_sitenote_note":"","_monsterinsights_sitenote_category":0},"product_brand":[],"product_cat":[115,116],"product_tag":[],"class_list":{"0":"post-3160","1":"product","2":"type-product","3":"status-publish","4":"has-post-thumbnail","6":"product_cat-food-and-feeding","7":"product_cat-food","9":"first","10":"instock","11":"taxable","12":"shipping-taxable","13":"purchasable","14":"product-type-simple"},"acf":[],"aioseo_notices":[],"jetpack_sharing_enabled":true,"_links":{"self":[{"href":"https:\/\/antcube.shop\/et\/wp-json\/wp\/v2\/product\/3160","targetHints":{"allow":["GET"]}}],"collection":[{"href":"https:\/\/antcube.shop\/et\/wp-json\/wp\/v2\/product"}],"about":[{"href":"https:\/\/antcube.shop\/et\/wp-json\/wp\/v2\/types\/product"}],"replies":[{"embeddable":true,"href":"https:\/\/antcube.shop\/et\/wp-json\/wp\/v2\/comments?post=3160"}],"wp:featuredmedia":[{"embeddable":true,"href":"https:\/\/antcube.shop\/et\/wp-json\/wp\/v2\/media\/10875"}],"wp:attachment":[{"href":"https:\/\/antcube.shop\/et\/wp-json\/wp\/v2\/media?parent=3160"}],"wp:term":[{"taxonomy":"product_brand","embeddable":true,"href":"https:\/\/antcube.shop\/et\/wp-json\/wp\/v2\/product_brand?post=3160"},{"taxonomy":"product_cat","embeddable":true,"href":"https:\/\/antcube.shop\/et\/wp-json\/wp\/v2\/product_cat?post=3160"},{"taxonomy":"product_tag","embeddable":true,"href":"https:\/\/antcube.shop\/et\/wp-json\/wp\/v2\/product_tag?post=3160"}],"curies":[{"name":"wp","href":"https:\/\/api.w.org\/{rel}","templated":true}]}}