{"id":3157,"date":"2021-11-08T10:46:12","date_gmt":"2021-11-08T09:46:12","guid":{"rendered":"https:\/\/antcube.shop\/produkt\/kornerfutter-minor-in-2ml-futterrohrchen-10-st\/"},"modified":"2026-04-04T10:11:11","modified_gmt":"2026-04-04T08:11:11","slug":"kornerfutter-minor-in-2ml-futterrohrchen-10-st","status":"publish","type":"product","link":"https:\/\/antcube.shop\/et\/toode\/kornerfutter-minor-in-2ml-futterrohrchen-10-st\/","title":{"rendered":"Teraviljatoit Minor 2ml s\u00f6\u00f6tmise tuubides - 10 tk."},"content":{"rendered":"<p><strong>Sisu:<\/strong> 10x 2 ml<\/p>\n<p><strong>Kirjeldus:<\/strong> Peened terad\/semned noortele kolooniatele, mis on m\u00f5eldud teraviljakorjajate\/sahkameeste liikidele, nagu n\u00e4iteks perekond Messor, mis sisaldavad veel peamiselt alaealisi t\u00f6\u00f6lisi.<\/p>\n<p><strong>Taotlus:<\/strong> Toidutoru v\u00f5ib asetada tervelt formikaariumisse, alternatiivina v\u00f5ib lisada v\u00e4iksemaid koguseid toidukaussi vastavalt vajadusele\/ vastavalt koloonia suurusele. Teraviljatoitu s\u00f6\u00f6vad eelk\u00f5ige teravilja koguvad liigid, n\u00e4iteks perekonna Messor v\u00f5i ka Pheidole liigid.<\/p>\n<p><strong>Teade:<\/strong><br \/>\nTeavet sondi kasutamise kohta leiate siit: Link<br \/>\nLisatoit granivoorse sipelga jaoks.<br \/>\nKoostise, anal\u00fc\u00fctiliste komponentide, k\u00f5lblikkusaja ja partii numbri leiate pakendi infolehelt.<\/p>\n<p>Infotelefon +49 30 439703870<\/p>\n<p>Vastutav veterinaar- ja toiduj\u00e4relevalveasutus:<br \/>\nSteglitzi veterinaarkabinet<br \/>\nK\u00f6nigin-Luise-Str. 92<br \/>\n14195 Berliin<\/p>","protected":false},"excerpt":{"rendered":"<p>T\u00e4iendav toit<\/p>","protected":false},"featured_media":3149,"comment_status":"open","ping_status":"closed","template":"","meta":{"_acf_changed":false,"content-type":"","_monsterinsights_skip_tracking":false,"_monsterinsights_sitenote_active":false,"_monsterinsights_sitenote_note":"","_monsterinsights_sitenote_category":0},"product_brand":[],"product_cat":[115,116],"product_tag":[],"class_list":{"0":"post-3157","1":"product","2":"type-product","3":"status-publish","4":"has-post-thumbnail","6":"product_cat-food-and-feeding","7":"product_cat-food","9":"first","10":"instock","11":"taxable","12":"shipping-taxable","13":"purchasable","14":"product-type-simple"},"acf":[],"aioseo_notices":[],"jetpack_sharing_enabled":true,"_links":{"self":[{"href":"https:\/\/antcube.shop\/et\/wp-json\/wp\/v2\/product\/3157","targetHints":{"allow":["GET"]}}],"collection":[{"href":"https:\/\/antcube.shop\/et\/wp-json\/wp\/v2\/product"}],"about":[{"href":"https:\/\/antcube.shop\/et\/wp-json\/wp\/v2\/types\/product"}],"replies":[{"embeddable":true,"href":"https:\/\/antcube.shop\/et\/wp-json\/wp\/v2\/comments?post=3157"}],"wp:featuredmedia":[{"embeddable":true,"href":"https:\/\/antcube.shop\/et\/wp-json\/wp\/v2\/media\/3149"}],"wp:attachment":[{"href":"https:\/\/antcube.shop\/et\/wp-json\/wp\/v2\/media?parent=3157"}],"wp:term":[{"taxonomy":"product_brand","embeddable":true,"href":"https:\/\/antcube.shop\/et\/wp-json\/wp\/v2\/product_brand?post=3157"},{"taxonomy":"product_cat","embeddable":true,"href":"https:\/\/antcube.shop\/et\/wp-json\/wp\/v2\/product_cat?post=3157"},{"taxonomy":"product_tag","embeddable":true,"href":"https:\/\/antcube.shop\/et\/wp-json\/wp\/v2\/product_tag?post=3157"}],"curies":[{"name":"wp","href":"https:\/\/api.w.org\/{rel}","templated":true}]}}