{"id":3155,"date":"2021-11-08T10:46:04","date_gmt":"2021-11-08T09:46:04","guid":{"rendered":"https:\/\/antcube.shop\/produkt\/kornerfutter-media-in-2ml-futterrohrchen-10-st\/"},"modified":"2026-03-31T18:19:14","modified_gmt":"2026-03-31T16:19:14","slug":"kornerfutter-media-in-2ml-futterrohrchen-10-st","status":"publish","type":"product","link":"https:\/\/antcube.shop\/et\/toode\/kornerfutter-media-in-2ml-futterrohrchen-10-st\/","title":{"rendered":"Teraviljatoit Media 2ml s\u00f6\u00f6tmise tuubides - 10 tk."},"content":{"rendered":"<p><strong>Sisu:<\/strong> 10x 2 ml<\/p>\n<p><strong>Kirjeldus:<\/strong> Keskmise suurusega terad\/semned suuremate terasid koguvate sipelgaliikide, n\u00e4iteks perekond Messor, kolooniate jaoks, mis sisaldavad juba meediat\u00f6\u00f6tajaid.<\/p>\n<p><strong>Taotlus:<\/strong> S\u00f6\u00f6tmise toru v\u00f5ib asetada tervelt formikaariumisse, alternatiivina v\u00f5ib lisada v\u00e4iksemaid koguseid s\u00f6\u00f6dakaussi vastavalt vajadusele\/ vastavalt koloonia suurusele. Terasid v\u00f5tavad vastu eelk\u00f5ige terasid koguvad liigid, n\u00e4iteks perekonna Messor v\u00f5i ka Pheidole liigid.<\/p>\n<p><strong>Teade:<\/strong><br \/>\nTeavet sondi kasutamise kohta leiate siit: Link<br \/>\nLisatoit granivoorse sipelga jaoks.<br \/>\nKoostise, anal\u00fc\u00fctiliste komponentide, k\u00f5lblikkusaja ja partii numbri leiate pakendi infolehelt.<\/p>\n<p>Infotelefon +49 30 439703870<\/p>\n<p>Vastutav veterinaar- ja toiduj\u00e4relevalveasutus:<br \/>\nSteglitzi veterinaarkabinet<br \/>\nK\u00f6nigin-Luise-Str. 92<br \/>\n14195 Berliin<\/p>","protected":false},"excerpt":{"rendered":"<p>T\u00e4iendav toit<\/p>","protected":false},"featured_media":3150,"comment_status":"open","ping_status":"closed","template":"","meta":{"_acf_changed":false,"content-type":"","_monsterinsights_skip_tracking":false,"_monsterinsights_sitenote_active":false,"_monsterinsights_sitenote_note":"","_monsterinsights_sitenote_category":0},"product_brand":[],"product_cat":[115,116],"product_tag":[],"class_list":{"0":"post-3155","1":"product","2":"type-product","3":"status-publish","4":"has-post-thumbnail","6":"product_cat-food-and-feeding","7":"product_cat-food","9":"first","10":"instock","11":"taxable","12":"shipping-taxable","13":"purchasable","14":"product-type-simple"},"acf":[],"aioseo_notices":[],"jetpack_sharing_enabled":true,"_links":{"self":[{"href":"https:\/\/antcube.shop\/et\/wp-json\/wp\/v2\/product\/3155","targetHints":{"allow":["GET"]}}],"collection":[{"href":"https:\/\/antcube.shop\/et\/wp-json\/wp\/v2\/product"}],"about":[{"href":"https:\/\/antcube.shop\/et\/wp-json\/wp\/v2\/types\/product"}],"replies":[{"embeddable":true,"href":"https:\/\/antcube.shop\/et\/wp-json\/wp\/v2\/comments?post=3155"}],"wp:featuredmedia":[{"embeddable":true,"href":"https:\/\/antcube.shop\/et\/wp-json\/wp\/v2\/media\/3150"}],"wp:attachment":[{"href":"https:\/\/antcube.shop\/et\/wp-json\/wp\/v2\/media?parent=3155"}],"wp:term":[{"taxonomy":"product_brand","embeddable":true,"href":"https:\/\/antcube.shop\/et\/wp-json\/wp\/v2\/product_brand?post=3155"},{"taxonomy":"product_cat","embeddable":true,"href":"https:\/\/antcube.shop\/et\/wp-json\/wp\/v2\/product_cat?post=3155"},{"taxonomy":"product_tag","embeddable":true,"href":"https:\/\/antcube.shop\/et\/wp-json\/wp\/v2\/product_tag?post=3155"}],"curies":[{"name":"wp","href":"https:\/\/api.w.org\/{rel}","templated":true}]}}