{"id":3152,"date":"2021-11-08T10:45:38","date_gmt":"2021-11-08T09:45:38","guid":{"rendered":"https:\/\/antcube.shop\/produkt\/antcube-ameisenfarm-xl-20x20-stehend\/"},"modified":"2026-04-01T17:55:28","modified_gmt":"2026-04-01T15:55:28","slug":"antcube-ameisenfarm-xl-20x20-stehend","status":"publish","type":"product","link":"https:\/\/antcube.shop\/et\/toode\/antcube-ameisenfarm-xl-20x20-stehend\/","title":{"rendered":"ANTCUBE - Antfarm - XL - 20\u00d720 - p\u00fcsti seisev"},"content":{"rendered":"<p><strong>M\u00f5\u00f5tmed (LxSxK):<\/strong><br \/>\nV\u00e4ljaspool: 190x58x199 mm<br \/>\nsisemus: 184x50x190 mm<\/p>\n<p><strong>Materjal:<\/strong><br \/>\nFloat-klaas, plastik<\/p>\n<p><strong>V\u00e4rv:<\/strong><br \/>\nkristallselge<\/p>\n<p><strong>Sisu:<\/strong><br \/>\n1x ANTCUBE sipelgafarm - 52mm plaatide vahekaugus.<br \/>\n1x Ant farmi kate XL 20\u00d76<br \/>\n2x pistik 4mm<\/p>\n<p><strong>\u00dchendus:<\/strong><br \/>\nM\u00f5lemal k\u00fcljel on 27mm auk, nii et seda farmi saab \u00fchendada 28mm voolikuga v\u00f5i meie \"27mm aukude voolikuga paak\u00fchendusega\".<br \/>\n2x 4mm augud 4mm tihenditega.<\/p>\n<p><strong>Kirjeldus:<\/strong><br \/>\nSee t\u00e4ielikult l\u00e4bipaistev sipelgapark sobib <strong>XL<\/strong> suurusega sipelgaliigid.<\/p>\n<p><strong>M\u00e4rkused tootmise kohta<\/strong><br \/>\nKlaas on l\u00f5igatud vastavalt DIN 1249 standardile, tolerantsiga +\/- 1 mm. \u00c4\u00e4rmiselt v\u00e4ikeste sipelgaliikide puhul on t\u00e4iendav l\u00e4bil\u00f6\u00f6gikaitse h\u00e4davajalik.<\/p>\n<p><strong>M\u00e4rkus talu kohta<\/strong><br \/>\nPalun v\u00f5tke voolikute kinnitamisel arvesse j\u00e4rgmist:<br \/>\nKui toru on v\u00e4ga raskesti pistikupesale paigaldatav, tuleks pesa kergelt h\u00f5\u00f5ruda tilga meie l\u00e4bimurdekaitset sisaldava \u00f5li v\u00f5i pulbriga. Seej\u00e4rel tuleb voolik keerates v\u00f5i kruvides l\u00fckata puksidele, ilma pukside \u00fcles- ja allapoole liikumistega koormamata.<\/p>","protected":false},"excerpt":{"rendered":"<p>Suurus: <span style=\"font-size: small;\"><span style=\"font-family: Arial;\"><strong>XL<\/strong><\/span><\/span><\/p>","protected":false},"featured_media":3129,"comment_status":"open","ping_status":"closed","template":"","meta":{"_acf_changed":false,"content-type":"","_monsterinsights_skip_tracking":false,"_monsterinsights_sitenote_active":false,"_monsterinsights_sitenote_note":"","_monsterinsights_sitenote_category":0},"product_brand":[],"product_cat":[80,84],"product_tag":[],"class_list":{"0":"post-3152","1":"product","2":"type-product","3":"status-publish","4":"has-post-thumbnail","6":"product_cat-antfarms","7":"product_cat-antfarms-xl","9":"first","10":"instock","11":"taxable","12":"shipping-taxable","13":"purchasable","14":"product-type-simple"},"acf":[],"aioseo_notices":[],"jetpack_sharing_enabled":true,"_links":{"self":[{"href":"https:\/\/antcube.shop\/et\/wp-json\/wp\/v2\/product\/3152","targetHints":{"allow":["GET"]}}],"collection":[{"href":"https:\/\/antcube.shop\/et\/wp-json\/wp\/v2\/product"}],"about":[{"href":"https:\/\/antcube.shop\/et\/wp-json\/wp\/v2\/types\/product"}],"replies":[{"embeddable":true,"href":"https:\/\/antcube.shop\/et\/wp-json\/wp\/v2\/comments?post=3152"}],"wp:featuredmedia":[{"embeddable":true,"href":"https:\/\/antcube.shop\/et\/wp-json\/wp\/v2\/media\/3129"}],"wp:attachment":[{"href":"https:\/\/antcube.shop\/et\/wp-json\/wp\/v2\/media?parent=3152"}],"wp:term":[{"taxonomy":"product_brand","embeddable":true,"href":"https:\/\/antcube.shop\/et\/wp-json\/wp\/v2\/product_brand?post=3152"},{"taxonomy":"product_cat","embeddable":true,"href":"https:\/\/antcube.shop\/et\/wp-json\/wp\/v2\/product_cat?post=3152"},{"taxonomy":"product_tag","embeddable":true,"href":"https:\/\/antcube.shop\/et\/wp-json\/wp\/v2\/product_tag?post=3152"}],"curies":[{"name":"wp","href":"https:\/\/api.w.org\/{rel}","templated":true}]}}