{"id":3087,"date":"2021-10-21T13:24:43","date_gmt":"2021-10-21T11:24:43","guid":{"rendered":"https:\/\/antcube.shop\/produkt\/tranke-2ml-front-dosierbar\/"},"modified":"2026-04-19T12:29:15","modified_gmt":"2026-04-19T10:29:15","slug":"tranke-2ml-front-dosierbar","status":"publish","type":"product","link":"https:\/\/antcube.shop\/et\/toode\/tranke-2ml-front-dosierbar\/","title":{"rendered":"Joogikaussi 2ml - eesmine doseerimine"},"content":{"rendered":"<p><strong>M\u00f5\u00f5tmed:<\/strong> 30x40x52 mm, 2 ml<\/p>\n<p><strong>Sisu:<\/strong><br \/>\n1x jalg 1x 5mm avaga (0-1mm doseeritav).<br \/>\n1x sipelgate toidutoru<\/p>\n<p><strong>Materjal:<\/strong> PMMA, PS<\/p>\n<p><strong>Kirjeldus:<\/strong> See v\u00f5imaldab sipelgatel end formikaariumi sees piisavalt niiskusega varustada. Ideaalne ka puhkuseperioodiks. 2ml sipelgatoidutorusid saab n\u00fc\u00fcd jalga sisestada. T\u00e4nu sisestuss\u00fcgavusele saab toitu doseerida.<\/p>\n<p><strong>V\u00e4rvid:<\/strong> l\u00e4bipaistev<\/p>","protected":false},"excerpt":{"rendered":"<p>M\u00f5\u00f5tmed: 30x40x52 mm, 2 ml<\/p>","protected":false},"featured_media":3136,"comment_status":"open","ping_status":"closed","template":"","meta":{"_acf_changed":false,"content-type":"","_monsterinsights_skip_tracking":false,"_monsterinsights_sitenote_active":false,"_monsterinsights_sitenote_note":"","_monsterinsights_sitenote_category":0},"product_brand":[],"product_cat":[115,117],"product_tag":[],"class_list":{"0":"post-3087","1":"product","2":"type-product","3":"status-publish","4":"has-post-thumbnail","6":"product_cat-food-and-feeding","7":"product_cat-drinkers-for-ants","9":"first","10":"instock","11":"taxable","12":"shipping-taxable","13":"purchasable","14":"product-type-simple"},"acf":[],"aioseo_notices":[],"jetpack_sharing_enabled":true,"_links":{"self":[{"href":"https:\/\/antcube.shop\/et\/wp-json\/wp\/v2\/product\/3087","targetHints":{"allow":["GET"]}}],"collection":[{"href":"https:\/\/antcube.shop\/et\/wp-json\/wp\/v2\/product"}],"about":[{"href":"https:\/\/antcube.shop\/et\/wp-json\/wp\/v2\/types\/product"}],"replies":[{"embeddable":true,"href":"https:\/\/antcube.shop\/et\/wp-json\/wp\/v2\/comments?post=3087"}],"wp:featuredmedia":[{"embeddable":true,"href":"https:\/\/antcube.shop\/et\/wp-json\/wp\/v2\/media\/3136"}],"wp:attachment":[{"href":"https:\/\/antcube.shop\/et\/wp-json\/wp\/v2\/media?parent=3087"}],"wp:term":[{"taxonomy":"product_brand","embeddable":true,"href":"https:\/\/antcube.shop\/et\/wp-json\/wp\/v2\/product_brand?post=3087"},{"taxonomy":"product_cat","embeddable":true,"href":"https:\/\/antcube.shop\/et\/wp-json\/wp\/v2\/product_cat?post=3087"},{"taxonomy":"product_tag","embeddable":true,"href":"https:\/\/antcube.shop\/et\/wp-json\/wp\/v2\/product_tag?post=3087"}],"curies":[{"name":"wp","href":"https:\/\/api.w.org\/{rel}","templated":true}]}}