{"id":2869,"date":"2021-10-13T18:46:31","date_gmt":"2021-10-13T16:46:31","guid":{"rendered":"https:\/\/antcube.shop\/produkt\/antcube-gipsnest-20x20-liegend\/"},"modified":"2026-03-30T20:07:30","modified_gmt":"2026-03-30T18:07:30","slug":"antcube-gipsnest-20x20-liegend","status":"publish","type":"product","link":"https:\/\/antcube.shop\/et\/toode\/antcube-gipsnest-20x20-liegend\/","title":{"rendered":"ANTCUBE - kipsist pesa 20\u00d720 - lamades"},"content":{"rendered":"<p><strong>M\u00f5\u00f5tmed:<\/strong><br \/>\n<strong>Kipspesa: <\/strong>190 x 190 x 20mm<br \/>\n<strong>Klaaskate:<\/strong> 179 x 179 x 4mm<\/p>\n<p><strong>Materjal:<\/strong> Kips<\/p>\n<p><strong>Sisu:<\/strong><br \/>\n1x krohvipesa 20\u00d720 koos kahe \u00fchenduspesaga M 10\/08<br \/>\n1x klaasist kate 50mm auguga<br \/>\n1x akr\u00fc\u00fcl - r\u00f5ngas 50mm 27mm augu jaoks<br \/>\n1x Formicarium alus 20\u00d720<br \/>\n2x v\u00f5rega - 10mm - roostevaba teras<br \/>\n1x v\u00f5rega paigaldatud lisa - 27mm - roostevabast terasest<\/p>\n<p><strong>Kirjeldus:<\/strong> Meie kipsist pesa koos valmis k\u00e4ikude ja kambritega sobib paljudele sipelgaliikidele, eriti liikidele, kes ehitavad oma pesa v\u00e4ga liivastele v\u00f5i kivistele muldadele. Sellel on kaks \u00fchenduspesa pesale juurdep\u00e4\u00e4suks. Kipsil on omadus imada vett, seega s\u00e4ilib teatud kogus niiskust. Siiski ei tohiks kipsist pesa kasutada p\u00fcsivalt niiskena, sest muidu v\u00f5ib tekkida hallitus (sipelgate toiduj\u00e4\u00e4kidest v\u00f5i v\u00e4ljaheidetest). Seet\u00f5ttu tuleks siin v\u00f5imalusel hoida pigem kuivematest piirkondadest p\u00e4rit liike. See oleks n\u00e4iteks Vahemere- v\u00f5i k\u00f5rbepiirkondadest p\u00e4rit liigid.<\/p>\n<p><strong>M\u00e4rkus:<\/strong> Konstruktsiooni t\u00f5ttu ei sobi need v\u00e4ga v\u00e4ikeste liikide jaoks (nt: Pheidole liigid, Temnothorax liigid), v\u00f5ivad tekkida 0,3-0,5 mm suurused t\u00fchimikud.<\/p>\n<p>M\u00e4rkus \u00fchenduspesade kohta<br \/>\nVoolikute kinnitamisel v\u00f5i lahtiv\u00f5tmisel v\u00f5tke arvesse j\u00e4rgmist:<br \/>\nKui toru on v\u00e4ga raskesti pistikupesale paigaldatav, tuleks pesa kergelt h\u00f5\u00f5ruda tilga meie l\u00e4bimurdekaitset sisaldava \u00f5li v\u00f5i pulbriga. Seej\u00e4rel tuleb voolik keerates v\u00f5i kruvides l\u00fckata puksidele, ilma pukside \u00fcles- ja allapoole liikumistega pingestamata. Sama kehtib ka voolikute eemaldamisel \u00fchenduspesast. \u00c4rge lihtsalt t\u00f5mmake maha!<\/p>\n<p>&nbsp;<\/p>\n<p>&nbsp;<\/p>","protected":false},"excerpt":{"rendered":"<p>M\u00f5\u00f5tmed: Kipsist pesa: 190 x 190 x 20mm Klaasist kate: Materjal: 179 x 179 x 4mm: Materjal: Kips Sisu: 1x krohvipesa 20\u00d720 koos kahe \u00fchenduspesaga M 10\/08 1x klaasist kate 50mm auguga 1x akr\u00fc\u00fcl - r\u00f5ngas 50mm 27mm augu jaoks 1x Formicarium alus 20\u00d720 2x v\u00f5rekorv - 10mm - roostevaba teras 1x [...]","protected":false},"featured_media":3194,"comment_status":"open","ping_status":"closed","template":"","meta":{"_acf_changed":false,"content-type":"","_monsterinsights_skip_tracking":false,"_monsterinsights_sitenote_active":false,"_monsterinsights_sitenote_note":"","_monsterinsights_sitenote_category":0},"product_brand":[],"product_cat":[80,86],"product_tag":[],"class_list":{"0":"post-2869","1":"product","2":"type-product","3":"status-publish","4":"has-post-thumbnail","6":"product_cat-antfarms","7":"product_cat-formicariums","9":"first","10":"instock","11":"taxable","12":"shipping-taxable","13":"purchasable","14":"product-type-simple"},"acf":[],"aioseo_notices":[],"jetpack_sharing_enabled":true,"_links":{"self":[{"href":"https:\/\/antcube.shop\/et\/wp-json\/wp\/v2\/product\/2869","targetHints":{"allow":["GET"]}}],"collection":[{"href":"https:\/\/antcube.shop\/et\/wp-json\/wp\/v2\/product"}],"about":[{"href":"https:\/\/antcube.shop\/et\/wp-json\/wp\/v2\/types\/product"}],"replies":[{"embeddable":true,"href":"https:\/\/antcube.shop\/et\/wp-json\/wp\/v2\/comments?post=2869"}],"wp:featuredmedia":[{"embeddable":true,"href":"https:\/\/antcube.shop\/et\/wp-json\/wp\/v2\/media\/3194"}],"wp:attachment":[{"href":"https:\/\/antcube.shop\/et\/wp-json\/wp\/v2\/media?parent=2869"}],"wp:term":[{"taxonomy":"product_brand","embeddable":true,"href":"https:\/\/antcube.shop\/et\/wp-json\/wp\/v2\/product_brand?post=2869"},{"taxonomy":"product_cat","embeddable":true,"href":"https:\/\/antcube.shop\/et\/wp-json\/wp\/v2\/product_cat?post=2869"},{"taxonomy":"product_tag","embeddable":true,"href":"https:\/\/antcube.shop\/et\/wp-json\/wp\/v2\/product_tag?post=2869"}],"curies":[{"name":"wp","href":"https:\/\/api.w.org\/{rel}","templated":true}]}}