{"id":2868,"date":"2021-10-13T18:43:30","date_gmt":"2021-10-13T16:43:30","guid":{"rendered":"https:\/\/antcube.shop\/produkt\/antcube-gipsnest-20x20-stehend\/"},"modified":"2026-04-21T16:05:16","modified_gmt":"2026-04-21T14:05:16","slug":"antcube-gipsnest-20x20-stehend","status":"publish","type":"product","link":"https:\/\/antcube.shop\/et\/toode\/antcube-gipsnest-20x20-stehend\/","title":{"rendered":"ANTCUBE - Kipspesa 20\u00d720 - seisev"},"content":{"rendered":"<p><strong>M\u00f5\u00f5tmed:<\/strong> 182 x 159 x 19,5 mm<\/p>\n<p><strong>Materjal:<\/strong> Kips\/ kips<\/p>\n<p>Sobib ainult meie antfarmide suurusele <strong>L<\/strong><\/p>\n<p><strong>Kirjeldus:<\/strong> Meie kipsist pesa koos kokkupandavate k\u00e4ikude ja kambritega sobib paljudele sipelgaliikidele, eriti liikidele, kes ehitavad oma pesa v\u00e4ga liivastele v\u00f5i kivistele muldadele. Sellel on pesa juurdep\u00e4\u00e4suks auk. Kipsil on omadus imada vett, seega s\u00e4ilib teatud kogus niiskust. Siiski ei tohiks kipsist pesa kasutada p\u00fcsivalt niiskena, sest muidu v\u00f5ib tekkida hallitus (sipelgate toiduj\u00e4\u00e4kide v\u00f5i v\u00e4ljaheidete t\u00f5ttu). Seet\u00f5ttu tuleks siin v\u00f5imalusel hoida pigem kuivematest piirkondadest p\u00e4rit liike. See oleks n\u00e4iteks Vahemere- v\u00f5i k\u00f5rbepiirkondadest p\u00e4rit liigid.<\/p>\n<p>&nbsp;<\/p>","protected":false},"excerpt":{"rendered":"<p>Sobib ainult meie antfarmide suurusele <strong>L<\/strong><\/p>","protected":false},"featured_media":351,"comment_status":"open","ping_status":"closed","template":"","meta":{"_acf_changed":false,"content-type":"","_monsterinsights_skip_tracking":false,"_monsterinsights_sitenote_active":false,"_monsterinsights_sitenote_note":"","_monsterinsights_sitenote_category":0},"product_brand":[],"product_cat":[87,90],"product_tag":[],"class_list":{"0":"post-2868","1":"product","2":"type-product","3":"status-publish","4":"has-post-thumbnail","6":"product_cat-nest-insets","7":"product_cat-gypsum","9":"first","10":"instock","11":"taxable","12":"shipping-taxable","13":"purchasable","14":"product-type-simple"},"acf":[],"aioseo_notices":[],"jetpack_sharing_enabled":true,"_links":{"self":[{"href":"https:\/\/antcube.shop\/et\/wp-json\/wp\/v2\/product\/2868","targetHints":{"allow":["GET"]}}],"collection":[{"href":"https:\/\/antcube.shop\/et\/wp-json\/wp\/v2\/product"}],"about":[{"href":"https:\/\/antcube.shop\/et\/wp-json\/wp\/v2\/types\/product"}],"replies":[{"embeddable":true,"href":"https:\/\/antcube.shop\/et\/wp-json\/wp\/v2\/comments?post=2868"}],"wp:featuredmedia":[{"embeddable":true,"href":"https:\/\/antcube.shop\/et\/wp-json\/wp\/v2\/media\/351"}],"wp:attachment":[{"href":"https:\/\/antcube.shop\/et\/wp-json\/wp\/v2\/media?parent=2868"}],"wp:term":[{"taxonomy":"product_brand","embeddable":true,"href":"https:\/\/antcube.shop\/et\/wp-json\/wp\/v2\/product_brand?post=2868"},{"taxonomy":"product_cat","embeddable":true,"href":"https:\/\/antcube.shop\/et\/wp-json\/wp\/v2\/product_cat?post=2868"},{"taxonomy":"product_tag","embeddable":true,"href":"https:\/\/antcube.shop\/et\/wp-json\/wp\/v2\/product_tag?post=2868"}],"curies":[{"name":"wp","href":"https:\/\/api.w.org\/{rel}","templated":true}]}}