{"id":2867,"date":"2021-10-13T18:43:10","date_gmt":"2021-10-13T16:43:10","guid":{"rendered":"https:\/\/antcube.shop\/produkt\/antcube-rote-folie-20x20-filter\/"},"modified":"2026-04-03T01:07:09","modified_gmt":"2026-04-02T23:07:09","slug":"antcube-rote-folie-20x20-filter","status":"publish","type":"product","link":"https:\/\/antcube.shop\/et\/toode\/antcube-rote-folie-20x20-filter\/","title":{"rendered":"ANTCUBE - Punane kile 20\u00d720 - Filter"},"content":{"rendered":"<p><strong>M\u00f5\u00f5tmed:<\/strong> 19x16cm<\/p>\n<p><strong>Materjal:<\/strong> PVC<\/p>\n<p><strong>Kirjeldus:<\/strong> Punast l\u00e4bipaistvat kile kasutatakse selleks, et anda sipelgatele maa-alune tunne. Seet\u00f5ttu soovitame seda toodet kasutada v\u00e4hemalt osaliselt pesa piirkonnas. Sellest hoolimata saate sipelgaid pesas h\u00e4sti j\u00e4lgida. T\u00e4pselt l\u00f5igatud ANTCUBE \"Ant farm 20x20cm S\/M\/L - seisev\" jaoks.<\/p>\n<p>Sellel filterfooliumil on parem valgusfiltri efekt kui tavalisel kaanefooliumil. Temperatuurikindel kuni 180\u00b0C<\/p>\n<p>Filterfoolium hoiab kergelt isegi vajutades ka ise talu v\u00f5i pesapaiga juures. Alternatiivina sobib kinnitamiseks l\u00e4bipaistev kleeplint. Lihtsalt kinnitage kahe v\u00e4ikese ribaga \u00fclemiste nurkade juures, nii et kile saab hiljem t\u00f5sta, et paremini pesapiirkonda n\u00e4ha.<\/p>","protected":false},"excerpt":{"rendered":"<p>M\u00f5\u00f5tmed: Materjal: 39x19cm: materjal: PVC Kirjeldus: PVC: Punane l\u00e4bipaistev kile on kasutatud selleks, et anda sipelgatele maa-alune tunne. Seet\u00f5ttu soovitame seda toodet kasutada v\u00e4hemalt osaliselt pesa piirkonnas. Sellegipoolest saate sipelgaid pesas h\u00e4sti j\u00e4lgida. T\u00e4pselt l\u00f5igatud ANTCUBE \"Sipelgafarm 40x20cm S\/M\/L - seisev\" jaoks. See filterfoolium","protected":false},"featured_media":5105,"comment_status":"open","ping_status":"closed","template":"","meta":{"_acf_changed":false,"content-type":"","_monsterinsights_skip_tracking":false,"_monsterinsights_sitenote_active":false,"_monsterinsights_sitenote_note":"","_monsterinsights_sitenote_category":0},"product_brand":[],"product_cat":[119,239],"product_tag":[],"class_list":{"0":"post-2867","1":"product","2":"type-product","3":"status-publish","4":"has-post-thumbnail","6":"product_cat-formicarium-components","7":"product_cat-useful-additions","9":"first","10":"instock","11":"taxable","12":"shipping-taxable","13":"purchasable","14":"product-type-simple"},"acf":[],"aioseo_notices":[],"jetpack_sharing_enabled":true,"_links":{"self":[{"href":"https:\/\/antcube.shop\/et\/wp-json\/wp\/v2\/product\/2867","targetHints":{"allow":["GET"]}}],"collection":[{"href":"https:\/\/antcube.shop\/et\/wp-json\/wp\/v2\/product"}],"about":[{"href":"https:\/\/antcube.shop\/et\/wp-json\/wp\/v2\/types\/product"}],"replies":[{"embeddable":true,"href":"https:\/\/antcube.shop\/et\/wp-json\/wp\/v2\/comments?post=2867"}],"wp:featuredmedia":[{"embeddable":true,"href":"https:\/\/antcube.shop\/et\/wp-json\/wp\/v2\/media\/5105"}],"wp:attachment":[{"href":"https:\/\/antcube.shop\/et\/wp-json\/wp\/v2\/media?parent=2867"}],"wp:term":[{"taxonomy":"product_brand","embeddable":true,"href":"https:\/\/antcube.shop\/et\/wp-json\/wp\/v2\/product_brand?post=2867"},{"taxonomy":"product_cat","embeddable":true,"href":"https:\/\/antcube.shop\/et\/wp-json\/wp\/v2\/product_cat?post=2867"},{"taxonomy":"product_tag","embeddable":true,"href":"https:\/\/antcube.shop\/et\/wp-json\/wp\/v2\/product_tag?post=2867"}],"curies":[{"name":"wp","href":"https:\/\/api.w.org\/{rel}","templated":true}]}}