{"id":2865,"date":"2021-10-13T18:42:51","date_gmt":"2021-10-13T16:42:51","guid":{"rendered":"https:\/\/antcube.shop\/produkt\/futterspender-2ml-dosierbar\/"},"modified":"2026-04-11T21:34:13","modified_gmt":"2026-04-11T19:34:13","slug":"futterspender-2ml-dosierbar","status":"publish","type":"product","link":"https:\/\/antcube.shop\/et\/toode\/futterspender-2ml-dosierbar\/","title":{"rendered":"S\u00f6\u00f6dadosaator 2ml - doseeritav"},"content":{"rendered":"<p><strong>M\u00f5\u00f5tmed:<\/strong> 30x40x50 mm, 2 ml<\/p>\n<p><strong>Sisu:<\/strong><br \/>\n1x jalg 1x 2,5 mm avaga (1-2 mm saab doseerida).<br \/>\n1x sipelgate toidutoru<\/p>\n<p><strong>Materjal:<\/strong> PMMA, PS<\/p>\n<p><strong>Kirjeldus:<\/strong> Selle dosaatori abil saavad sipelgad formikaariumi sees end pakutava toiduga toita. Ideaalne ka puhkuseperioodiks. Alusesse saab sisestada 2 ml sipelgatoidutorusid. T\u00e4nu sisestuss\u00fcgavusele saab doseerida olemasolevat toidukogust. 2,5 mm laiuse v\u00e4ljalaskeavaga dosaator sobib k\u00f5igi meie pulbriliste toitude, samuti moll- ja meediumiterade segude jaoks.<\/p>\n<p><strong>V\u00e4rvid:<\/strong> l\u00e4bipaistev<\/p>","protected":false},"excerpt":{"rendered":"<p>M\u00f5\u00f5tmed: 30x40x50 mm, 2 ml<\/p>","protected":false},"featured_media":306,"comment_status":"open","ping_status":"closed","template":"","meta":{"_acf_changed":false,"content-type":"","_monsterinsights_skip_tracking":false,"_monsterinsights_sitenote_active":false,"_monsterinsights_sitenote_note":"","_monsterinsights_sitenote_category":0},"product_brand":[],"product_cat":[115,118],"product_tag":[],"class_list":{"0":"post-2865","1":"product","2":"type-product","3":"status-publish","4":"has-post-thumbnail","6":"product_cat-food-and-feeding","7":"product_cat-feeding-bowls","9":"first","10":"instock","11":"taxable","12":"shipping-taxable","13":"purchasable","14":"product-type-simple"},"acf":[],"aioseo_notices":[],"jetpack_sharing_enabled":true,"_links":{"self":[{"href":"https:\/\/antcube.shop\/et\/wp-json\/wp\/v2\/product\/2865","targetHints":{"allow":["GET"]}}],"collection":[{"href":"https:\/\/antcube.shop\/et\/wp-json\/wp\/v2\/product"}],"about":[{"href":"https:\/\/antcube.shop\/et\/wp-json\/wp\/v2\/types\/product"}],"replies":[{"embeddable":true,"href":"https:\/\/antcube.shop\/et\/wp-json\/wp\/v2\/comments?post=2865"}],"wp:featuredmedia":[{"embeddable":true,"href":"https:\/\/antcube.shop\/et\/wp-json\/wp\/v2\/media\/306"}],"wp:attachment":[{"href":"https:\/\/antcube.shop\/et\/wp-json\/wp\/v2\/media?parent=2865"}],"wp:term":[{"taxonomy":"product_brand","embeddable":true,"href":"https:\/\/antcube.shop\/et\/wp-json\/wp\/v2\/product_brand?post=2865"},{"taxonomy":"product_cat","embeddable":true,"href":"https:\/\/antcube.shop\/et\/wp-json\/wp\/v2\/product_cat?post=2865"},{"taxonomy":"product_tag","embeddable":true,"href":"https:\/\/antcube.shop\/et\/wp-json\/wp\/v2\/product_tag?post=2865"}],"curies":[{"name":"wp","href":"https:\/\/api.w.org\/{rel}","templated":true}]}}