{"id":2859,"date":"2021-10-13T18:41:44","date_gmt":"2021-10-13T16:41:44","guid":{"rendered":"https:\/\/antcube.shop\/produkt\/tranke-klar-20ml-schwamm\/"},"modified":"2026-04-22T12:31:14","modified_gmt":"2026-04-22T10:31:14","slug":"tranke-klar-20ml-schwamm","status":"publish","type":"product","link":"https:\/\/antcube.shop\/et\/toode\/tranke-klar-20ml-schwamm\/","title":{"rendered":"Joogikaussi l\u00e4bipaistev 20ml - k\u00e4sn"},"content":{"rendered":"<p><strong>M\u00f5\u00f5tmed:<\/strong> 40x50x68 mm, 20 ml<\/p>\n<p><strong>Sisu:<\/strong><br \/>\n1x alus 4x 3mm avadega ja integreeritud k\u00e4snaga.<br \/>\n1x veepaak 62x22mm (20ml)<br \/>\n1x k\u00e4sn 30mm<\/p>\n<p><strong>Materjal:<\/strong> PS, PMMA, vaht (\u00e4\u00e4rmiselt peenpoorsed ja imav)<\/p>\n<p><strong>Kirjeldus:<\/strong> See v\u00f5imaldab sipelgatel end formikaariumis piisava niiskusega varustada. Ideaalne ka puhkuseperioodiks. 20ml veepaaki saab sisestada jalga (T\u00e4helepanu: \u00c4rge sisestage mahutit l\u00f5puni, vaid ainult kuni k\u00e4sna tasemeni, et mitte katkestada veevarustust). Kinnitatud paagist suurema l\u00e4bim\u00f5\u00f5duga k\u00e4sn v\u00f5imaldab niiskuse imbumist alusele. 4 peent 18 mm avaust aluses, mis paiknevad k\u00f5igis neljas ilmakaaresuunas, v\u00f5imaldavad suure arvu loomadega kolooniate toitmist. Vahu eemaldamisega tagavad loomad piisava vedelikuvarustuse.<\/p>\n<p><strong>V\u00e4rvid:<\/strong> kristallselge, hall<\/p>\n<p>&nbsp;<\/p>","protected":false},"excerpt":{"rendered":"<p><strong>M\u00f5\u00f5tmed:<\/strong> 40x50x68 mm, 20 ml<\/p>","protected":false},"featured_media":3004,"comment_status":"open","ping_status":"closed","template":"","meta":{"_acf_changed":false,"content-type":"","_monsterinsights_skip_tracking":false,"_monsterinsights_sitenote_active":false,"_monsterinsights_sitenote_note":"","_monsterinsights_sitenote_category":0},"product_brand":[],"product_cat":[115,117],"product_tag":[],"class_list":{"0":"post-2859","1":"product","2":"type-product","3":"status-publish","4":"has-post-thumbnail","6":"product_cat-food-and-feeding","7":"product_cat-drinkers-for-ants","9":"first","10":"instock","11":"taxable","12":"shipping-taxable","13":"purchasable","14":"product-type-simple"},"acf":[],"aioseo_notices":[],"jetpack_sharing_enabled":true,"_links":{"self":[{"href":"https:\/\/antcube.shop\/et\/wp-json\/wp\/v2\/product\/2859","targetHints":{"allow":["GET"]}}],"collection":[{"href":"https:\/\/antcube.shop\/et\/wp-json\/wp\/v2\/product"}],"about":[{"href":"https:\/\/antcube.shop\/et\/wp-json\/wp\/v2\/types\/product"}],"replies":[{"embeddable":true,"href":"https:\/\/antcube.shop\/et\/wp-json\/wp\/v2\/comments?post=2859"}],"wp:featuredmedia":[{"embeddable":true,"href":"https:\/\/antcube.shop\/et\/wp-json\/wp\/v2\/media\/3004"}],"wp:attachment":[{"href":"https:\/\/antcube.shop\/et\/wp-json\/wp\/v2\/media?parent=2859"}],"wp:term":[{"taxonomy":"product_brand","embeddable":true,"href":"https:\/\/antcube.shop\/et\/wp-json\/wp\/v2\/product_brand?post=2859"},{"taxonomy":"product_cat","embeddable":true,"href":"https:\/\/antcube.shop\/et\/wp-json\/wp\/v2\/product_cat?post=2859"},{"taxonomy":"product_tag","embeddable":true,"href":"https:\/\/antcube.shop\/et\/wp-json\/wp\/v2\/product_tag?post=2859"}],"curies":[{"name":"wp","href":"https:\/\/api.w.org\/{rel}","templated":true}]}}