{"id":2854,"date":"2021-10-13T18:40:55","date_gmt":"2021-10-13T16:40:55","guid":{"rendered":"https:\/\/antcube.shop\/produkt\/mini-thermo-hygrometer-analog-display-hangend\/"},"modified":"2026-04-11T10:12:08","modified_gmt":"2026-04-11T08:12:08","slug":"mini-termo-hugromeetri-analoognaidik-hangend","status":"publish","type":"product","link":"https:\/\/antcube.shop\/et\/toode\/mini-termo-hugromeetri-analoognaidik-hangend\/","title":{"rendered":"Mini termoh\u00fcgromeeter analoog - n\u00e4idik - riputatav"},"content":{"rendered":"<p><strong>M\u00f5\u00f5tmed:<\/strong> 75mm x 45mm, 20mm s\u00fcgavus<\/p>\n<p><strong>Materjal:<\/strong> metall \/ akr\u00fc\u00fcl<\/p>\n<p><strong>V\u00e4rv:<\/strong> metall, h\u00f5bedane \/ l\u00e4bipaistev<\/p>\n<p><strong>Sisu:<\/strong> 1x mini termomeeter analoog metallist - 25mm, 1x mini h\u00fcgromeeter analoog metallist - 25mm, 1x akr\u00fc\u00fclklaasist hoidik m\u00f5\u00f5teseadmete jaoks - 75x45mm, 1x akr\u00fc\u00fclklaasist alus - 75x20mm, 2x l\u00e4bipaistvad kleeplokid - 30x20mm.<\/p>\n<p><strong>Kirjeldus:<\/strong><br \/>\nKomplekt koosneb metallist (25 mm) analoogtermomeetrist ja h\u00fcgromeetrist, mis on sisestatud akr\u00fc\u00fclklaasplaati (75x45 mm). N\u00e4idik kinnitatakse kahe l\u00e4bipaistva kleeplokiga, mida saab kasutada aluse (75x20mm) kinnitamiseks katete v\u00f5i raamide kohal.<\/p>\n<p><strong>Vihje:<\/strong><br \/>\nTagak\u00fcljel olevad m\u00f5\u00f5teriistad peavad j\u00e4\u00e4ma vabaks, vastasel juhul v\u00f5ivad tekkida m\u00f5\u00f5tmisvead.<\/p>\n<p><strong>T\u00e4psus:<\/strong> +\/- 2\u00b0C , +\/- 4\u00b0F<br \/>\n<strong>T\u00e4psus:<\/strong> +\/- 5%<\/p>","protected":false},"excerpt":{"rendered":"<p>Termomeetri ja h\u00fcgromeetri komplekt, mis on valmistatud metallist (25mm), mis on sisestatud akr\u00fc\u00fclklaasist plaati (75x45mm).<\/p>","protected":false},"featured_media":311,"comment_status":"open","ping_status":"closed","template":"","meta":{"_acf_changed":false,"content-type":"","_monsterinsights_skip_tracking":false,"_monsterinsights_sitenote_active":false,"_monsterinsights_sitenote_note":"","_monsterinsights_sitenote_category":0},"product_brand":[],"product_cat":[119,239],"product_tag":[],"class_list":{"0":"post-2854","1":"product","2":"type-product","3":"status-publish","4":"has-post-thumbnail","6":"product_cat-formicarium-components","7":"product_cat-useful-additions","9":"first","10":"instock","11":"taxable","12":"shipping-taxable","13":"purchasable","14":"product-type-simple"},"acf":[],"aioseo_notices":[],"jetpack_sharing_enabled":true,"_links":{"self":[{"href":"https:\/\/antcube.shop\/et\/wp-json\/wp\/v2\/product\/2854","targetHints":{"allow":["GET"]}}],"collection":[{"href":"https:\/\/antcube.shop\/et\/wp-json\/wp\/v2\/product"}],"about":[{"href":"https:\/\/antcube.shop\/et\/wp-json\/wp\/v2\/types\/product"}],"replies":[{"embeddable":true,"href":"https:\/\/antcube.shop\/et\/wp-json\/wp\/v2\/comments?post=2854"}],"wp:featuredmedia":[{"embeddable":true,"href":"https:\/\/antcube.shop\/et\/wp-json\/wp\/v2\/media\/311"}],"wp:attachment":[{"href":"https:\/\/antcube.shop\/et\/wp-json\/wp\/v2\/media?parent=2854"}],"wp:term":[{"taxonomy":"product_brand","embeddable":true,"href":"https:\/\/antcube.shop\/et\/wp-json\/wp\/v2\/product_brand?post=2854"},{"taxonomy":"product_cat","embeddable":true,"href":"https:\/\/antcube.shop\/et\/wp-json\/wp\/v2\/product_cat?post=2854"},{"taxonomy":"product_tag","embeddable":true,"href":"https:\/\/antcube.shop\/et\/wp-json\/wp\/v2\/product_tag?post=2854"}],"curies":[{"name":"wp","href":"https:\/\/api.w.org\/{rel}","templated":true}]}}