{"id":2853,"date":"2021-10-13T18:40:45","date_gmt":"2021-10-13T16:40:45","guid":{"rendered":"https:\/\/antcube.shop\/produkt\/gittereinsatz-50mm-edelstahl\/"},"modified":"2026-04-20T15:54:17","modified_gmt":"2026-04-20T13:54:17","slug":"gittereinsatz-50mm-edelstahl","status":"publish","type":"product","link":"https:\/\/antcube.shop\/et\/toode\/gittereinsatz-50mm-edelstahl\/","title":{"rendered":"V\u00f5restik - 50mm - roostevaba teras"},"content":{"rendered":"<p><strong>Kogus:<\/strong> 1 t\u00fckk<\/p>\n<p><strong>M\u00f5\u00f5tmed:<\/strong> 50 mm (sisel\u00e4bim\u00f5\u00f5t), 56\u00d74 mm (v\u00e4lism\u00f5\u00f5tmed)<\/p>\n<p><strong>V\u00e4rv:<\/strong> l\u00e4bipaistev<\/p>\n<p><strong>Materjal:<\/strong> roostevaba teras, akr\u00fc\u00fclklaas<\/p>\n<p><strong>Kirjeldus:<\/strong><br \/>\nSee v\u00e4ga peene roostevaba terasv\u00f5rguga (0,2 mm) v\u00f5re saab sisestada 50 mm aukudesse ja tagab hea formikariumi ventilatsiooni, ilma et sipelgad saaksid v\u00e4lja murda.<br \/>\nK\u00fclgmise kinnituse korral soovitame t\u00e4iendavalt kinnitada kaubanduses saadaolevate liimidega, et v\u00e4ltida v\u00f5imalike l\u00f6\u00f6kide t\u00f5ttu v\u00e4lja kukkumist.<\/p>\n<p><strong>M\u00e4rkus:<\/strong> Sobib ka v\u00e4ga tugevate hammustavate liikide, nagu n\u00e4iteks lehepeksja sipelgad, vastu!<\/p>\n<p>&nbsp;<\/p>","protected":false},"excerpt":{"rendered":"<p>Kogus: Suurus: 1 tk: V\u00e4rvus: l\u00e4bipaistev Materjal: roostevaba teras, akr\u00fc\u00fclklaas Kirjeldus: 50 mm (sisemine l\u00e4bim\u00f5\u00f5t), 56x4 mm (v\u00e4lism\u00f5\u00f5tmed): See v\u00e4ga peene roostevabast terasest v\u00f5rega (0,2 mm) saab sisestada 50 mm aukudesse ja tagab hea formikariumi ventilatsiooni, ilma et sipelgad saaksid v\u00e4lja murda. K\u00fclgmise kinnituse korral on","protected":false},"featured_media":338,"comment_status":"open","ping_status":"closed","template":"","meta":{"_acf_changed":false,"content-type":"","_monsterinsights_skip_tracking":false,"_monsterinsights_sitenote_active":false,"_monsterinsights_sitenote_note":"","_monsterinsights_sitenote_category":0},"product_brand":[],"product_cat":[238],"product_tag":[],"class_list":{"0":"post-2853","1":"product","2":"type-product","3":"status-publish","4":"has-post-thumbnail","6":"product_cat-grid-caps-plugs-and-inserts","8":"first","9":"outofstock","10":"taxable","11":"shipping-taxable","12":"purchasable","13":"product-type-simple"},"acf":[],"aioseo_notices":[],"jetpack_sharing_enabled":true,"_links":{"self":[{"href":"https:\/\/antcube.shop\/et\/wp-json\/wp\/v2\/product\/2853","targetHints":{"allow":["GET"]}}],"collection":[{"href":"https:\/\/antcube.shop\/et\/wp-json\/wp\/v2\/product"}],"about":[{"href":"https:\/\/antcube.shop\/et\/wp-json\/wp\/v2\/types\/product"}],"replies":[{"embeddable":true,"href":"https:\/\/antcube.shop\/et\/wp-json\/wp\/v2\/comments?post=2853"}],"wp:featuredmedia":[{"embeddable":true,"href":"https:\/\/antcube.shop\/et\/wp-json\/wp\/v2\/media\/338"}],"wp:attachment":[{"href":"https:\/\/antcube.shop\/et\/wp-json\/wp\/v2\/media?parent=2853"}],"wp:term":[{"taxonomy":"product_brand","embeddable":true,"href":"https:\/\/antcube.shop\/et\/wp-json\/wp\/v2\/product_brand?post=2853"},{"taxonomy":"product_cat","embeddable":true,"href":"https:\/\/antcube.shop\/et\/wp-json\/wp\/v2\/product_cat?post=2853"},{"taxonomy":"product_tag","embeddable":true,"href":"https:\/\/antcube.shop\/et\/wp-json\/wp\/v2\/product_tag?post=2853"}],"curies":[{"name":"wp","href":"https:\/\/api.w.org\/{rel}","templated":true}]}}