{"id":2849,"date":"2021-10-13T18:40:06","date_gmt":"2021-10-13T16:40:06","guid":{"rendered":"https:\/\/antcube.shop\/produkt\/gitterkappe-6mm-edelstahl\/"},"modified":"2026-04-02T17:33:33","modified_gmt":"2026-04-02T15:33:33","slug":"gitterkappe-6mm-edelstahl","status":"publish","type":"product","link":"https:\/\/antcube.shop\/et\/toode\/gitterkappe-6mm-edelstahl\/","title":{"rendered":"V\u00f5re - 6mm - Roostevaba teras"},"content":{"rendered":"<p><strong>Kogus:<\/strong> 1 t\u00fckk<\/p>\n<p><strong>M\u00f5\u00f5tmed:<\/strong> 6 mm (sisel\u00e4bim\u00f5\u00f5t), 10\u00d74 mm (v\u00e4lism\u00f5\u00f5tmed)<\/p>\n<p><strong>V\u00e4rv:<\/strong> l\u00e4bipaistev<\/p>\n<p><strong>Materjal:<\/strong> roostevaba teras, akr\u00fc\u00fcl<\/p>\n<p><strong>Kirjeldus:<\/strong><br \/>\nSeda v\u00e4ga peene roostevabast terasest v\u00f5rega (0,2 mm) varustatud v\u00f5rega korki saab asetada pistikupessa, toru v\u00f5i vooliku otsa ja see tagab hea formikaariumi ventilatsiooni, ilma et sipelgad saaksid v\u00e4lja murda. Nii roostevabast terasest v\u00f5re kui ka akr\u00fc\u00fclklaasist raam on l\u00e4bipaistvad.<\/p>\n<p><strong>M\u00e4rkus:<\/strong> Sobib ka v\u00e4ga tugevate hammustavate liikide, nagu n\u00e4iteks lehepeksja sipelgad, vastu!<\/p>\n<p>&nbsp;<\/p>","protected":false},"excerpt":{"rendered":"<p>Kogus: Suurus: 1 tk: V\u00e4rv: l\u00e4bipaistev Materjal: roostevaba teras, akr\u00fc\u00fcl Kirjeldus: 10 mm (sisemine l\u00e4bim\u00f5\u00f5t), 14x4 mm (v\u00e4lism\u00f5\u00f5tmed): See v\u00e4ga peene roostevabast terasest v\u00f5rega (0,2 mm) v\u00f5re saab asetada pistikupessa, toru v\u00f5i vooliku otsa ja tagab hea formikaariumi ventilatsiooni, ilma et sipelgad saaksid v\u00e4lja murda. M\u00f5lemad","protected":false},"featured_media":334,"comment_status":"open","ping_status":"closed","template":"","meta":{"_acf_changed":false,"content-type":"","_monsterinsights_skip_tracking":false,"_monsterinsights_sitenote_active":false,"_monsterinsights_sitenote_note":"","_monsterinsights_sitenote_category":0},"product_brand":[],"product_cat":[238],"product_tag":[],"class_list":{"0":"post-2849","1":"product","2":"type-product","3":"status-publish","4":"has-post-thumbnail","6":"product_cat-grid-caps-plugs-and-inserts","8":"first","9":"instock","10":"taxable","11":"shipping-taxable","12":"purchasable","13":"product-type-simple"},"acf":[],"aioseo_notices":[],"jetpack_sharing_enabled":true,"_links":{"self":[{"href":"https:\/\/antcube.shop\/et\/wp-json\/wp\/v2\/product\/2849","targetHints":{"allow":["GET"]}}],"collection":[{"href":"https:\/\/antcube.shop\/et\/wp-json\/wp\/v2\/product"}],"about":[{"href":"https:\/\/antcube.shop\/et\/wp-json\/wp\/v2\/types\/product"}],"replies":[{"embeddable":true,"href":"https:\/\/antcube.shop\/et\/wp-json\/wp\/v2\/comments?post=2849"}],"wp:featuredmedia":[{"embeddable":true,"href":"https:\/\/antcube.shop\/et\/wp-json\/wp\/v2\/media\/334"}],"wp:attachment":[{"href":"https:\/\/antcube.shop\/et\/wp-json\/wp\/v2\/media?parent=2849"}],"wp:term":[{"taxonomy":"product_brand","embeddable":true,"href":"https:\/\/antcube.shop\/et\/wp-json\/wp\/v2\/product_brand?post=2849"},{"taxonomy":"product_cat","embeddable":true,"href":"https:\/\/antcube.shop\/et\/wp-json\/wp\/v2\/product_cat?post=2849"},{"taxonomy":"product_tag","embeddable":true,"href":"https:\/\/antcube.shop\/et\/wp-json\/wp\/v2\/product_tag?post=2849"}],"curies":[{"name":"wp","href":"https:\/\/api.w.org\/{rel}","templated":true}]}}