{"id":2847,"date":"2021-10-13T18:38:27","date_gmt":"2021-10-13T16:38:27","guid":{"rendered":"https:\/\/antcube.shop\/produkt\/formicariengranulat-200ml-weis\/"},"modified":"2026-04-05T21:18:12","modified_gmt":"2026-04-05T19:18:12","slug":"formicariengranulat-200ml-weis","status":"publish","type":"product","link":"https:\/\/antcube.shop\/et\/toode\/formicariengranulat-200ml-weis\/","title":{"rendered":"Formicarium graanulid 200ml - valge"},"content":{"rendered":"<p><strong>Sisu:<\/strong> 200ml (vastab ~16g)<\/p>\n<p><strong>Terade suurus:<\/strong> 1 - 6 mm<\/p>\n<p><strong>V\u00e4rv:<\/strong> valge<\/p>\n<p><strong>P\u00f5himaterjal:<\/strong> eriline vulkaanilise obsidiaani\/perliidi segu<\/p>\n<p><strong>Kirjeldus:<\/strong> Materjal s\u00e4ilitab niiskust ja tagab hea mulla \u00f5hustatuse formikariumis, kaitstes niiskuse ja m\u00e4danemise eest. Graanulit tuleks kasutada umbes 1-2 cm ulatuses alumise mullakihina farmis.<\/p>\n<p><strong>Omadused:<\/strong><br \/>\n- anorgaaniline, mineraalne toode<br \/>\n- bioloogiliselt ja keemiliselt neutraalne<br \/>\n- struktuuriliselt stabiilne<br \/>\n- s\u00e4ilitab niiskust<\/p>\n<p>&nbsp;<\/p>","protected":false},"excerpt":{"rendered":"<p>Neutraalse v\u00f5i kerge liiva\/savi aluspinnase jaoks<\/p>","protected":false},"featured_media":388,"comment_status":"open","ping_status":"closed","template":"","meta":{"_acf_changed":false,"content-type":"","_monsterinsights_skip_tracking":false,"_monsterinsights_sitenote_active":false,"_monsterinsights_sitenote_note":"","_monsterinsights_sitenote_category":0},"product_brand":[],"product_cat":[241],"product_tag":[],"class_list":{"0":"post-2847","1":"product","2":"type-product","3":"status-publish","4":"has-post-thumbnail","6":"product_cat-granules","8":"first","9":"instock","10":"taxable","11":"shipping-taxable","12":"purchasable","13":"product-type-simple"},"acf":[],"aioseo_notices":[],"jetpack_sharing_enabled":true,"_links":{"self":[{"href":"https:\/\/antcube.shop\/et\/wp-json\/wp\/v2\/product\/2847","targetHints":{"allow":["GET"]}}],"collection":[{"href":"https:\/\/antcube.shop\/et\/wp-json\/wp\/v2\/product"}],"about":[{"href":"https:\/\/antcube.shop\/et\/wp-json\/wp\/v2\/types\/product"}],"replies":[{"embeddable":true,"href":"https:\/\/antcube.shop\/et\/wp-json\/wp\/v2\/comments?post=2847"}],"wp:featuredmedia":[{"embeddable":true,"href":"https:\/\/antcube.shop\/et\/wp-json\/wp\/v2\/media\/388"}],"wp:attachment":[{"href":"https:\/\/antcube.shop\/et\/wp-json\/wp\/v2\/media?parent=2847"}],"wp:term":[{"taxonomy":"product_brand","embeddable":true,"href":"https:\/\/antcube.shop\/et\/wp-json\/wp\/v2\/product_brand?post=2847"},{"taxonomy":"product_cat","embeddable":true,"href":"https:\/\/antcube.shop\/et\/wp-json\/wp\/v2\/product_cat?post=2847"},{"taxonomy":"product_tag","embeddable":true,"href":"https:\/\/antcube.shop\/et\/wp-json\/wp\/v2\/product_tag?post=2847"}],"curies":[{"name":"wp","href":"https:\/\/api.w.org\/{rel}","templated":true}]}}