{"id":2841,"date":"2021-10-13T18:37:30","date_gmt":"2021-10-13T16:37:30","guid":{"rendered":"https:\/\/antcube.shop\/produkt\/food-mix-set-standard\/"},"modified":"2026-04-08T12:26:20","modified_gmt":"2026-04-08T10:26:20","slug":"food-mix-set-standard","status":"publish","type":"product","link":"https:\/\/antcube.shop\/et\/toode\/food-mix-set-standard\/","title":{"rendered":"Toidusegude komplekt - Standard"},"content":{"rendered":"<p><strong>Sisu:<\/strong> 2ml \u00fche toidutoru kohta<br \/>\n2x valgurikas toit (PP)<br \/>\n2x valgurikas toit FD putukad (PI)<br \/>\n2x s\u00fcsivesikutest toit (K)<br \/>\n2x puuviljatoit (F)<br \/>\n2x suhkru-mee lahus (ZH)<br \/>\n1x k\u00e4sn<\/p>\n<p><span data-text-color=\"alert\"><strong>T\u00e4helepanu:<\/strong> <\/span>Palun segage pulbrit tilga veega, sest kuivana ei v\u00f5ta loomad seda vastu!<\/p>\n<p><strong>Kirjeldus:<\/strong><br \/>\nSee on toidusegukomplekt erinevate sipelgaliikide jaoks, kes toituvad s\u00fcsivesikutest ja valkudest. See sisaldab k\u00f5ike, mida sipelgad vajavad tasakaalustatud toitumiseks. Kuna \u00fcksikud toiduannused on t\u00e4idetud eraldi tuubidesse, on neid lihtne doseerida. Valgu-, s\u00fcsivesikute- ja puuviljatoitu on soovitatav niisutada minimaalselt v\u00e4hese veega. See hoiab \u00e4ra ka pulbri v\u00e4lja tilkumise, kui seda kasutatakse \"keskmises\" formikariigis augus.<\/p>\n<p><strong>Kasutamine\/rakendamine:<\/strong><br \/>\nValguline toit = putuktoidulised sipelgaliikid (Eulipotyphla).<br \/>\nSee on lisas\u00f6\u00f6t (segas\u00f6\u00f6t).<br \/>\nSeda tuleks segada tilga veega ja siis v\u00f5ib seda m\u00e4rjana hoida ainult 1 p\u00e4ev. Enne taaskasutamist puhastage s\u00f6\u00f6dakaussi\/toru p\u00f5hjalikult.<br \/>\nAvatud pakendit tuleb kasutada h\u00e4sti suletuna (kui seda hoitakse kuivana) kuni m\u00e4rgitud s\u00e4ilivuskuup\u00e4evani (parim enne).<\/p>\n<p>Valgurikkad s\u00f6\u00f6dad FD = putuktoidulised sipelgaliigid (Eulipotyphla)<br \/>\nSee on lisas\u00f6\u00f6t (segas\u00f6\u00f6t).<br \/>\nSeda tuleks segada tilga veega ja siis v\u00f5ib seda m\u00e4rjana hoida ainult 1 p\u00e4ev. Enne taaskasutamist puhastage s\u00f6\u00f6dakaussi\/toru p\u00f5hjalikult.<br \/>\nAvatud pakendit tuleb kasutada h\u00e4sti suletuna (kui seda hoitakse kuivana) kuni m\u00e4rgitud s\u00e4ilivuskuup\u00e4evani (parim enne).<\/p>\n<p>S\u00fcsivesikute toit = suhkru-\/munas\u00f6\u00f6jate sipelgaliikide jaoks.<br \/>\nSee on lisas\u00f6\u00f6t (segas\u00f6\u00f6t).<br \/>\nSeda saab segada tilga veega ja selle s\u00e4ilivusaeg on niiskena 3 p\u00e4eva. Enne taaskasutamist puhastage s\u00f6\u00f6dakaussi\/toru p\u00f5hjalikult.<br \/>\nAvatud pakend tuleb kasutada h\u00e4sti suletud (kui seda hoitakse kuivana) kuni m\u00e4rgitud s\u00e4ilivuskuup\u00e4evani (parim enne).<\/p>\n<p>Puuviljatoit = puuviljas\u00f6\u00f6jate (frugivooride) sipelgaliikide jaoks.<br \/>\nSee on lisas\u00f6\u00f6t (\u00fchekordne s\u00f6\u00f6t).<br \/>\nSeda saab segada tilga veega ja selle s\u00e4ilivusaeg on niiskena 3 p\u00e4eva. Enne taaskasutamist puhastage s\u00f6\u00f6dakaussi\/toru p\u00f5hjalikult.<br \/>\nAvatud pakend tuleb kasutada h\u00e4sti suletud (kui seda hoitakse kuivana) kuni m\u00e4rgitud s\u00e4ilivuskuup\u00e4evani (parim enne).<\/p>\n<p>Suhkru-mee lahus = suhkru-\/mett s\u00f6\u00f6vate sipelgaliikide jaoks.<br \/>\nSee on lisas\u00f6\u00f6t (segas\u00f6\u00f6t).<br \/>\nSeda v\u00f5ib pakkuda loomadele tarnitud kujul. Kuna niiskus v\u00e4hendab suhkrusisaldust ja algab k\u00e4\u00e4rimisprotsess, tuleb toit iga 3 p\u00e4eva j\u00e4rel asendada. Enne taaskasutamist puhastage s\u00f6\u00f6dakaussi\/toru p\u00f5hjalikult.<br \/>\nAvatud pakendit tuleb kasutada tihedalt suletuna kuni m\u00e4rgitud s\u00e4ilivuskuup\u00e4evani (parim enne).<\/p>\n<p><strong>Teade:<\/strong><br \/>\nTeavet sondi kasutamise kohta leiate siit: Link<br \/>\nT\u00e4iss\u00f6\u00f6t putuktoidulistele sipelgatele.<br \/>\nKoostise, anal\u00fc\u00fctiliste koostisosade, k\u00f5lblikkusaja ja partii numbri leiate pakendi infolehelt.<\/p>\n<p>Infotelefon +49 30 439703870<\/p>\n<p>Vastutav veterinaar- ja toiduj\u00e4relevalveasutus:<br \/>\nSteglitzi veterinaarkabinet<br \/>\nK\u00f6nigin-Luise-Str. 92<br \/>\n14195 Berliin<\/p>","protected":false},"excerpt":{"rendered":"<p>T\u00e4ielik s\u00f6\u00f6t<\/p>","protected":false},"featured_media":309,"comment_status":"open","ping_status":"closed","template":"","meta":{"_acf_changed":false,"content-type":"","_monsterinsights_skip_tracking":false,"_monsterinsights_sitenote_active":false,"_monsterinsights_sitenote_note":"","_monsterinsights_sitenote_category":0},"product_brand":[],"product_cat":[115,116],"product_tag":[],"class_list":{"0":"post-2841","1":"product","2":"type-product","3":"status-publish","4":"has-post-thumbnail","6":"product_cat-food-and-feeding","7":"product_cat-food","9":"first","10":"instock","11":"taxable","12":"shipping-taxable","13":"purchasable","14":"product-type-simple"},"acf":[],"aioseo_notices":[],"jetpack_sharing_enabled":true,"_links":{"self":[{"href":"https:\/\/antcube.shop\/et\/wp-json\/wp\/v2\/product\/2841","targetHints":{"allow":["GET"]}}],"collection":[{"href":"https:\/\/antcube.shop\/et\/wp-json\/wp\/v2\/product"}],"about":[{"href":"https:\/\/antcube.shop\/et\/wp-json\/wp\/v2\/types\/product"}],"replies":[{"embeddable":true,"href":"https:\/\/antcube.shop\/et\/wp-json\/wp\/v2\/comments?post=2841"}],"wp:featuredmedia":[{"embeddable":true,"href":"https:\/\/antcube.shop\/et\/wp-json\/wp\/v2\/media\/309"}],"wp:attachment":[{"href":"https:\/\/antcube.shop\/et\/wp-json\/wp\/v2\/media?parent=2841"}],"wp:term":[{"taxonomy":"product_brand","embeddable":true,"href":"https:\/\/antcube.shop\/et\/wp-json\/wp\/v2\/product_brand?post=2841"},{"taxonomy":"product_cat","embeddable":true,"href":"https:\/\/antcube.shop\/et\/wp-json\/wp\/v2\/product_cat?post=2841"},{"taxonomy":"product_tag","embeddable":true,"href":"https:\/\/antcube.shop\/et\/wp-json\/wp\/v2\/product_tag?post=2841"}],"curies":[{"name":"wp","href":"https:\/\/api.w.org\/{rel}","templated":true}]}}