{"id":2840,"date":"2021-10-13T18:37:21","date_gmt":"2021-10-13T16:37:21","guid":{"rendered":"https:\/\/antcube.shop\/produkt\/bodengrund-wuste-1-kg\/"},"modified":"2026-04-10T22:19:13","modified_gmt":"2026-04-10T20:19:13","slug":"bodengrund-wuste-1-kg","status":"publish","type":"product","link":"https:\/\/antcube.shop\/et\/toode\/bodengrund-wuste-1-kg\/","title":{"rendered":"Substraat - k\u00f5rbes - 1 kg"},"content":{"rendered":"<p><strong>Sisu:<\/strong> 1 kg<\/p>\n<p><strong>Materjal:<\/strong> liiv, kivid, savi<\/p>\n<p><strong>V\u00e4rv:<\/strong> bee\u017e<\/p>\n<p><strong>Kirjeldus:<\/strong> See k\u00f5rbemuld koosneb peamiselt liivast, savist ja m\u00f5nedest kividest.<br \/>\nSee on looduslik pinnas k\u00f5igile k\u00f5rbe- v\u00f5i Vahemere piirkonnas elavatele sipelgaliikidele.<\/p>\n<p><strong>Taotlus:<\/strong> kaevamisk\u00f5lblikku mulda saab kasutada pesa ja areeniala jaoks!<\/p>\n<p><strong>M\u00e4rkus:<\/strong> kuna tegemist on puhtalt loodusliku tootega, v\u00f5ib esineda v\u00e4ikeseid erinevusi v\u00e4rvuses ja struktuuris, mida me ei saa m\u00f5jutada.<\/p>\n<p><strong>Oluline:<\/strong> Palun niisutage substraat enne kasutamist, et segu saaks kokku sulanduda ja sipelgapesas tugevalt kinni pidada. Lisaks v\u00f5ib liiga kuiv ja tolmune substraat p\u00f5hjustada sipelgate hingamisteede ummistumist ja halvemal juhul loomade l\u00e4mbumist.<\/p>","protected":false},"excerpt":{"rendered":"<p>Looduslik eriline elupaik pinnas\/ substraat<\/p>","protected":false},"featured_media":5509,"comment_status":"open","ping_status":"closed","template":"","meta":{"_acf_changed":false,"content-type":"","_monsterinsights_skip_tracking":false,"_monsterinsights_sitenote_active":false,"_monsterinsights_sitenote_note":"","_monsterinsights_sitenote_category":0},"product_brand":[],"product_cat":[96],"product_tag":[],"class_list":{"0":"post-2840","1":"product","2":"type-product","3":"status-publish","4":"has-post-thumbnail","6":"product_cat-soil","8":"first","9":"instock","10":"taxable","11":"shipping-taxable","12":"purchasable","13":"product-type-simple"},"acf":[],"aioseo_notices":[],"jetpack_sharing_enabled":true,"_links":{"self":[{"href":"https:\/\/antcube.shop\/et\/wp-json\/wp\/v2\/product\/2840","targetHints":{"allow":["GET"]}}],"collection":[{"href":"https:\/\/antcube.shop\/et\/wp-json\/wp\/v2\/product"}],"about":[{"href":"https:\/\/antcube.shop\/et\/wp-json\/wp\/v2\/types\/product"}],"replies":[{"embeddable":true,"href":"https:\/\/antcube.shop\/et\/wp-json\/wp\/v2\/comments?post=2840"}],"wp:featuredmedia":[{"embeddable":true,"href":"https:\/\/antcube.shop\/et\/wp-json\/wp\/v2\/media\/5509"}],"wp:attachment":[{"href":"https:\/\/antcube.shop\/et\/wp-json\/wp\/v2\/media?parent=2840"}],"wp:term":[{"taxonomy":"product_brand","embeddable":true,"href":"https:\/\/antcube.shop\/et\/wp-json\/wp\/v2\/product_brand?post=2840"},{"taxonomy":"product_cat","embeddable":true,"href":"https:\/\/antcube.shop\/et\/wp-json\/wp\/v2\/product_cat?post=2840"},{"taxonomy":"product_tag","embeddable":true,"href":"https:\/\/antcube.shop\/et\/wp-json\/wp\/v2\/product_tag?post=2840"}],"curies":[{"name":"wp","href":"https:\/\/api.w.org\/{rel}","templated":true}]}}