{"id":2839,"date":"2021-10-13T18:37:12","date_gmt":"2021-10-13T16:37:12","guid":{"rendered":"https:\/\/antcube.shop\/produkt\/bodengrund-regenwald-1-kg\/"},"modified":"2026-04-08T18:39:10","modified_gmt":"2026-04-08T16:39:10","slug":"bodengrund-regenwald-1-kg","status":"publish","type":"product","link":"https:\/\/antcube.shop\/et\/toode\/bodengrund-regenwald-1-kg\/","title":{"rendered":"Substraat - Vihmamets - 1 kg"},"content":{"rendered":"<p><strong>Sisu:<\/strong> 1 kg<\/p>\n<p><strong>Materjal:<\/strong> liiv, turvas, huumus, savi<\/p>\n<p><strong>V\u00e4rv:<\/strong> pruun, bee\u017e<\/p>\n<p><strong>Kirjeldus:<\/strong> See looduslik vihmametsapinnas koosneb liiva, turba, huumuse ja savi segust.<br \/>\nSelle savisisaldus on veidi madalam kui tavalise vihmamulla puhul, kuid see muudab selle kaevamise sipelgate jaoks lihtsamaks ja sipelgad v\u00f5tavad seda palju paremini vastu. See sobib k\u00f5igile sipelgaliikidele, kes elavad vihmametsade pinnases v\u00f5i \u00fcldiselt niisketes troopilistes elupaikades.<\/p>\n<p><strong>Taotlus:<\/strong> Kaevupinnas saab kasutada pesade ja areenide ala jaoks!<\/p>\n<p><strong>M\u00e4rkus:<\/strong> kuna tegemist on puhta loodusliku tootega, v\u00f5ib esineda v\u00e4ikeseid erinevusi v\u00e4rvuses ja struktuuris, mida me ei saa m\u00f5jutada.<\/p>\n<p><strong>Oluline:<\/strong> Palun niisutage substraat enne kasutamist, et segu saaks kokku sulanduda ja sipelgapesas tugevalt kinni pidada. Lisaks v\u00f5ib liiga kuiv ja tolmune substraat p\u00f5hjustada sipelgate hingamisteede ummistumist ja halvemal juhul loomade l\u00e4mbumist.<\/p>","protected":false},"excerpt":{"rendered":"<p>Looduslik eriline elupaik pinnas\/ substraat<\/p>","protected":false},"featured_media":5501,"comment_status":"open","ping_status":"closed","template":"","meta":{"_acf_changed":false,"content-type":"","_monsterinsights_skip_tracking":false,"_monsterinsights_sitenote_active":false,"_monsterinsights_sitenote_note":"","_monsterinsights_sitenote_category":0},"product_brand":[],"product_cat":[96],"product_tag":[],"class_list":{"0":"post-2839","1":"product","2":"type-product","3":"status-publish","4":"has-post-thumbnail","6":"product_cat-soil","8":"first","9":"instock","10":"taxable","11":"shipping-taxable","12":"purchasable","13":"product-type-simple"},"acf":[],"aioseo_notices":[],"jetpack_sharing_enabled":true,"_links":{"self":[{"href":"https:\/\/antcube.shop\/et\/wp-json\/wp\/v2\/product\/2839","targetHints":{"allow":["GET"]}}],"collection":[{"href":"https:\/\/antcube.shop\/et\/wp-json\/wp\/v2\/product"}],"about":[{"href":"https:\/\/antcube.shop\/et\/wp-json\/wp\/v2\/types\/product"}],"replies":[{"embeddable":true,"href":"https:\/\/antcube.shop\/et\/wp-json\/wp\/v2\/comments?post=2839"}],"wp:featuredmedia":[{"embeddable":true,"href":"https:\/\/antcube.shop\/et\/wp-json\/wp\/v2\/media\/5501"}],"wp:attachment":[{"href":"https:\/\/antcube.shop\/et\/wp-json\/wp\/v2\/media?parent=2839"}],"wp:term":[{"taxonomy":"product_brand","embeddable":true,"href":"https:\/\/antcube.shop\/et\/wp-json\/wp\/v2\/product_brand?post=2839"},{"taxonomy":"product_cat","embeddable":true,"href":"https:\/\/antcube.shop\/et\/wp-json\/wp\/v2\/product_cat?post=2839"},{"taxonomy":"product_tag","embeddable":true,"href":"https:\/\/antcube.shop\/et\/wp-json\/wp\/v2\/product_tag?post=2839"}],"curies":[{"name":"wp","href":"https:\/\/api.w.org\/{rel}","templated":true}]}}