{"id":2828,"date":"2021-10-13T18:35:27","date_gmt":"2021-10-13T16:35:27","guid":{"rendered":"https:\/\/antcube.shop\/produkt\/formicarienstopfen-fur-27mm-bohrung\/"},"modified":"2026-04-06T14:53:07","modified_gmt":"2026-04-06T12:53:07","slug":"formicarienstopfen-fur-27mm-bohrung","status":"publish","type":"product","link":"https:\/\/antcube.shop\/et\/toode\/formicarienstopfen-fur-27mm-bohrung\/","title":{"rendered":"Formicarium pistik 27mm augu jaoks"},"content":{"rendered":"<p><strong>Kogus:<\/strong> 1 t\u00fckk<\/p>\n<p><strong>M\u00f5\u00f5tmed:<\/strong> 31 x 10mm<\/p>\n<p><strong>Materjal:<\/strong> PE plastik<\/p>\n<p><strong>V\u00e4rv:<\/strong> l\u00e4bipaistev, piimjas<\/p>\n<p><strong>Kirjeldus:<\/strong> 27 mm l\u00e4bim\u00f5\u00f5duga vormikariumide \u00fcmmarguste avade sulgemiseks.<br \/>\nLisatasu eest pakume soovi korral ka aukude v\u00e4ljal\u00f5ikamist.<\/p>","protected":false},"excerpt":{"rendered":"<p>Kogus: Suurus: 1 tk: Materjal: 31 x 10mm: Materjal: PE plastik V\u00e4rv: l\u00e4bipaistev, piimjas Kirjeldus: Materjal: PE plastik V\u00e4rv: l\u00e4bipaistev, piimjas: 27mm l\u00e4bim\u00f5\u00f5duga \u00fcmmarguste avade sulgemiseks formikariumides. Lisatasu eest pakume soovi korral ka aukude sissel\u00f5ikamist.<\/p>","protected":false},"featured_media":342,"comment_status":"open","ping_status":"closed","template":"","meta":{"_acf_changed":false,"content-type":"","_monsterinsights_skip_tracking":false,"_monsterinsights_sitenote_active":false,"_monsterinsights_sitenote_note":"","_monsterinsights_sitenote_category":0},"product_brand":[],"product_cat":[238],"product_tag":[],"class_list":{"0":"post-2828","1":"product","2":"type-product","3":"status-publish","4":"has-post-thumbnail","6":"product_cat-grid-caps-plugs-and-inserts","8":"first","9":"instock","10":"taxable","11":"shipping-taxable","12":"purchasable","13":"product-type-simple"},"acf":[],"aioseo_notices":[],"jetpack_sharing_enabled":true,"_links":{"self":[{"href":"https:\/\/antcube.shop\/et\/wp-json\/wp\/v2\/product\/2828","targetHints":{"allow":["GET"]}}],"collection":[{"href":"https:\/\/antcube.shop\/et\/wp-json\/wp\/v2\/product"}],"about":[{"href":"https:\/\/antcube.shop\/et\/wp-json\/wp\/v2\/types\/product"}],"replies":[{"embeddable":true,"href":"https:\/\/antcube.shop\/et\/wp-json\/wp\/v2\/comments?post=2828"}],"wp:featuredmedia":[{"embeddable":true,"href":"https:\/\/antcube.shop\/et\/wp-json\/wp\/v2\/media\/342"}],"wp:attachment":[{"href":"https:\/\/antcube.shop\/et\/wp-json\/wp\/v2\/media?parent=2828"}],"wp:term":[{"taxonomy":"product_brand","embeddable":true,"href":"https:\/\/antcube.shop\/et\/wp-json\/wp\/v2\/product_brand?post=2828"},{"taxonomy":"product_cat","embeddable":true,"href":"https:\/\/antcube.shop\/et\/wp-json\/wp\/v2\/product_cat?post=2828"},{"taxonomy":"product_tag","embeddable":true,"href":"https:\/\/antcube.shop\/et\/wp-json\/wp\/v2\/product_tag?post=2828"}],"curies":[{"name":"wp","href":"https:\/\/api.w.org\/{rel}","templated":true}]}}