{"id":2827,"date":"2021-10-13T18:34:47","date_gmt":"2021-10-13T16:34:47","guid":{"rendered":"https:\/\/antcube.shop\/produkt\/antcube-arena-20x20x20-wurfel\/"},"modified":"2026-04-15T09:42:43","modified_gmt":"2026-04-15T07:42:43","slug":"antcube-arena-20x20x20-wurfel","status":"publish","type":"product","link":"https:\/\/antcube.shop\/et\/toode\/antcube-arena-20x20x20-wurfel\/","title":{"rendered":"ANTCUBE - Arena 20x20x20 - kuubik"},"content":{"rendered":"<p><strong>M\u00f5\u00f5tmed:<\/strong> 200 x 200 x 200 mm; 4 mm paksune klaas<\/p>\n<p><strong>Materjal:<\/strong> valuklaas<\/p>\n<p><strong>\u00dchendus:<\/strong> 2x auk 27 mm<\/p>\n<p><strong>Kirjeldus:<\/strong><br \/>\nKlaasist basseiniku kuup 20x20x20 cm, 2x 27mm puuriga.<br \/>\nPuur (keskpunkt) on 3 cm k\u00f5rgusel.<\/p>\n<p><strong>M\u00e4rkus:<\/strong> Klaas on l\u00f5igatud vastavalt DIN 1249 standardile, tolerantsiga +\/- 1 mm. \u00c4\u00e4rmiselt v\u00e4ikeste sipelgaliikide puhul on oluline t\u00e4iendav l\u00e4bil\u00f6\u00f6gikaitse.<\/p>\n<p>&nbsp;<\/p>","protected":false},"excerpt":{"rendered":"<p>\u00dchendus: 2x auk 27 mm<br \/>\nSuurus: <strong>S<\/strong>, <strong>M<\/strong>, <strong>L<\/strong>, <strong>XL<\/strong><\/p>","protected":false},"featured_media":331,"comment_status":"open","ping_status":"closed","template":"","meta":{"_acf_changed":false,"content-type":"","_monsterinsights_skip_tracking":false,"_monsterinsights_sitenote_active":false,"_monsterinsights_sitenote_note":"","_monsterinsights_sitenote_category":0},"product_brand":[],"product_cat":[85,86],"product_tag":[],"class_list":{"0":"post-2827","1":"product","2":"type-product","3":"status-publish","4":"has-post-thumbnail","6":"product_cat-ant-arenas","7":"product_cat-formicariums","9":"first","10":"instock","11":"taxable","12":"shipping-taxable","13":"purchasable","14":"product-type-simple"},"acf":[],"aioseo_notices":[],"jetpack_sharing_enabled":true,"_links":{"self":[{"href":"https:\/\/antcube.shop\/et\/wp-json\/wp\/v2\/product\/2827","targetHints":{"allow":["GET"]}}],"collection":[{"href":"https:\/\/antcube.shop\/et\/wp-json\/wp\/v2\/product"}],"about":[{"href":"https:\/\/antcube.shop\/et\/wp-json\/wp\/v2\/types\/product"}],"replies":[{"embeddable":true,"href":"https:\/\/antcube.shop\/et\/wp-json\/wp\/v2\/comments?post=2827"}],"wp:featuredmedia":[{"embeddable":true,"href":"https:\/\/antcube.shop\/et\/wp-json\/wp\/v2\/media\/331"}],"wp:attachment":[{"href":"https:\/\/antcube.shop\/et\/wp-json\/wp\/v2\/media?parent=2827"}],"wp:term":[{"taxonomy":"product_brand","embeddable":true,"href":"https:\/\/antcube.shop\/et\/wp-json\/wp\/v2\/product_brand?post=2827"},{"taxonomy":"product_cat","embeddable":true,"href":"https:\/\/antcube.shop\/et\/wp-json\/wp\/v2\/product_cat?post=2827"},{"taxonomy":"product_tag","embeddable":true,"href":"https:\/\/antcube.shop\/et\/wp-json\/wp\/v2\/product_tag?post=2827"}],"curies":[{"name":"wp","href":"https:\/\/api.w.org\/{rel}","templated":true}]}}