{"id":2826,"date":"2021-10-13T18:34:38","date_gmt":"2021-10-13T16:34:38","guid":{"rendered":"https:\/\/antcube.shop\/produkt\/schaumstoffwischer-150x18x25mm-5er-pack\/"},"modified":"2026-04-15T17:09:38","modified_gmt":"2026-04-15T15:09:38","slug":"schaumstoffwischer-150x18x25mm-5er-pack","status":"publish","type":"product","link":"https:\/\/antcube.shop\/et\/toode\/schaumstoffwischer-150x18x25mm-5er-pack\/","title":{"rendered":"Vahtpuhasti 150x18x2,5mm - 5 tk."},"content":{"rendered":"<p><strong>M\u00f5\u00f5tmed:<\/strong> 150mm pikkune, vahtpol\u00fcstri pea 40x40x20mm.<\/p>\n<p><strong>Kogus:<\/strong> 5 tk.<\/p>\n<p><strong>Materjal:<\/strong> vaht, PS<\/p>\n<p><strong>Kirjeldus:<\/strong><br \/>\nNelinurkse peaga vahtkustuti erinevateks rakendusteks.<br \/>\nN\u00e4ited:<br \/>\n1.) akende puhastamiseks.<\/p>\n<p>2.) Nagu mee k\u00e4sn<\/p>\n<p>3.) Joogikaussina, kuna see imeb vett.<\/p>\n<p>4.) kasutada v\u00e4lja murdumiskaitse\u00f5li<\/p>\n<p>&nbsp;<\/p>","protected":false},"excerpt":{"rendered":"<p>M\u00f5\u00f5tmed: 150mm pikkus, vahtplastist pea 40x40x20mm. Kogus: 5 tk. Materjal: vaht, PS Kirjeldus: Nelinurkse peaga vahupuhasti erinevateks rakendusteks. N\u00e4ited: 1.) akende puhastamiseks. 2.) Mesi k\u00e4snana 3.) Joogikaussina, kuna see imeb vett 4.) murdumiskaitse\u00f5li pealekandmiseks &nbsp;<\/p>","protected":false},"featured_media":307,"comment_status":"open","ping_status":"closed","template":"","meta":{"_acf_changed":false,"content-type":"","_monsterinsights_skip_tracking":false,"_monsterinsights_sitenote_active":false,"_monsterinsights_sitenote_note":"","_monsterinsights_sitenote_category":0},"product_brand":[],"product_cat":[237],"product_tag":[],"class_list":{"0":"post-2826","1":"product","2":"type-product","3":"status-publish","4":"has-post-thumbnail","6":"product_cat-tools","8":"first","9":"instock","10":"taxable","11":"shipping-taxable","12":"purchasable","13":"product-type-simple"},"acf":[],"aioseo_notices":[],"jetpack_sharing_enabled":true,"_links":{"self":[{"href":"https:\/\/antcube.shop\/et\/wp-json\/wp\/v2\/product\/2826","targetHints":{"allow":["GET"]}}],"collection":[{"href":"https:\/\/antcube.shop\/et\/wp-json\/wp\/v2\/product"}],"about":[{"href":"https:\/\/antcube.shop\/et\/wp-json\/wp\/v2\/types\/product"}],"replies":[{"embeddable":true,"href":"https:\/\/antcube.shop\/et\/wp-json\/wp\/v2\/comments?post=2826"}],"wp:featuredmedia":[{"embeddable":true,"href":"https:\/\/antcube.shop\/et\/wp-json\/wp\/v2\/media\/307"}],"wp:attachment":[{"href":"https:\/\/antcube.shop\/et\/wp-json\/wp\/v2\/media?parent=2826"}],"wp:term":[{"taxonomy":"product_brand","embeddable":true,"href":"https:\/\/antcube.shop\/et\/wp-json\/wp\/v2\/product_brand?post=2826"},{"taxonomy":"product_cat","embeddable":true,"href":"https:\/\/antcube.shop\/et\/wp-json\/wp\/v2\/product_cat?post=2826"},{"taxonomy":"product_tag","embeddable":true,"href":"https:\/\/antcube.shop\/et\/wp-json\/wp\/v2\/product_tag?post=2826"}],"curies":[{"name":"wp","href":"https:\/\/api.w.org\/{rel}","templated":true}]}}